{"id":7921,"date":"2023-01-11T03:48:12","date_gmt":"2023-01-11T00:48:12","guid":{"rendered":"https:\/\/ahmetfarukaltindas.com\/limited-sirket-kurulusu\/"},"modified":"2023-01-31T00:17:24","modified_gmt":"2023-01-30T21:17:24","slug":"limited-company-establishment","status":"publish","type":"page","link":"https:\/\/ahmetfarukaltindas.com\/en\/limited-company-establishment\/","title":{"rendered":"Limited Company Establishment"},"content":{"rendered":"[vc_row type=&#8221;in_container&#8221; full_screen_row_position=&#8221;middle&#8221; column_margin=&#8221;default&#8221; equal_height=&#8221;yes&#8221; content_placement=&#8221;middle&#8221; column_direction=&#8221;default&#8221; column_direction_tablet=&#8221;default&#8221; column_direction_phone=&#8221;default&#8221; scene_position=&#8221;center&#8221; top_margin=&#8221;30px&#8221; text_color=&#8221;dark&#8221; text_align=&#8221;left&#8221; row_border_radius=&#8221;none&#8221; row_border_radius_applies=&#8221;bg&#8221; overflow=&#8221;visible&#8221; advanced_gradient_angle=&#8221;0&#8243; overlay_strength=&#8221;0.3&#8243; gradient_direction=&#8221;left_to_right&#8221; shape_divider_position=&#8221;bottom&#8221; bg_image_animation=&#8221;none&#8221; gradient_type=&#8221;default&#8221; shape_type=&#8221;&#8221;][vc_column column_padding=&#8221;no-extra-padding&#8221; column_padding_tablet=&#8221;inherit&#8221; column_padding_phone=&#8221;inherit&#8221; column_padding_position=&#8221;all&#8221; column_element_spacing=&#8221;default&#8221; background_color_opacity=&#8221;1&#8243; background_hover_color_opacity=&#8221;1&#8243; column_shadow=&#8221;none&#8221; column_border_radius=&#8221;none&#8221; column_link_target=&#8221;_self&#8221; column_position=&#8221;default&#8221; advanced_gradient_angle=&#8221;0&#8243; gradient_direction=&#8221;left_to_right&#8221; overlay_strength=&#8221;0.3&#8243; width=&#8221;1\/2&#8243; tablet_width_inherit=&#8221;default&#8221; tablet_text_alignment=&#8221;default&#8221; phone_text_alignment=&#8221;default&#8221; animation_type=&#8221;default&#8221; enable_animation=&#8221;true&#8221; animation=&#8221;fade-in-from-bottom&#8221; bg_image_animation=&#8221;none&#8221; border_type=&#8221;simple&#8221; column_border_width=&#8221;none&#8221; column_border_style=&#8221;solid&#8221; gradient_type=&#8221;default&#8221;][image_with_animation image_url=&#8221;7779&#8243; image_size=&#8221;full&#8221; animation_type=&#8221;entrance&#8221; animation=&#8221;Fade In&#8221; hover_animation=&#8221;none&#8221; alignment=&#8221;center&#8221; border_radius=&#8221;none&#8221; box_shadow=&#8221;none&#8221; image_loading=&#8221;default&#8221; max_width=&#8221;100%&#8221; max_width_mobile=&#8221;default&#8221;][\/vc_column][vc_column column_padding=&#8221;padding-5-percent&#8221; column_padding_tablet=&#8221;inherit&#8221; column_padding_phone=&#8221;inherit&#8221; column_padding_position=&#8221;all&#8221; column_element_spacing=&#8221;default&#8221; background_color=&#8221;#ffffff&#8221; background_color_opacity=&#8221;1&#8243; background_hover_color_opacity=&#8221;1&#8243; column_shadow=&#8221;none&#8221; column_border_radius=&#8221;none&#8221; column_link_target=&#8221;_self&#8221; column_position=&#8221;default&#8221; advanced_gradient_angle=&#8221;0&#8243; gradient_direction=&#8221;left_to_right&#8221; overlay_strength=&#8221;0.3&#8243; width=&#8221;1\/2&#8243; tablet_width_inherit=&#8221;default&#8221; tablet_text_alignment=&#8221;default&#8221; phone_text_alignment=&#8221;default&#8221; animation_type=&#8221;default&#8221; enable_animation=&#8221;true&#8221; animation=&#8221;fade-in-from-bottom&#8221; bg_image_animation=&#8221;none&#8221; border_type=&#8221;simple&#8221; column_border_width=&#8221;none&#8221; column_border_style=&#8221;solid&#8221; gradient_type=&#8221;default&#8221; delay=&#8221;300&#8243;][vc_column_text]\n<div id=\"ez-toc-container\" class=\"ez-toc-v2_0_74 counter-hierarchy ez-toc-counter ez-toc-grey ez-toc-container-direction\">\n<div class=\"ez-toc-title-container\">\n<p class=\"ez-toc-title\" style=\"cursor:inherit\">Table of Contents<\/p>\n<span class=\"ez-toc-title-toggle\"><a href=\"#\" class=\"ez-toc-pull-right ez-toc-btn ez-toc-btn-xs ez-toc-btn-default ez-toc-toggle\" aria-label=\"Toggle Table of Content\"><span class=\"ez-toc-js-icon-con\"><span class=\"\"><span class=\"eztoc-hide\" style=\"display:none;\">Toggle<\/span><span class=\"ez-toc-icon-toggle-span\"><svg style=\"fill: #999;color:#999\" xmlns=\"http:\/\/www.w3.org\/2000\/svg\" class=\"list-377408\" width=\"20px\" height=\"20px\" viewBox=\"0 0 24 24\" fill=\"none\"><path d=\"M6 6H4v2h2V6zm14 0H8v2h12V6zM4 11h2v2H4v-2zm16 0H8v2h12v-2zM4 16h2v2H4v-2zm16 0H8v2h12v-2z\" fill=\"currentColor\"><\/path><\/svg><svg style=\"fill: #999;color:#999\" class=\"arrow-unsorted-368013\" xmlns=\"http:\/\/www.w3.org\/2000\/svg\" width=\"10px\" height=\"10px\" viewBox=\"0 0 24 24\" version=\"1.2\" baseProfile=\"tiny\"><path d=\"M18.2 9.3l-6.2-6.3-6.2 6.3c-.2.2-.3.4-.3.7s.1.5.3.7c.2.2.4.3.7.3h11c.3 0 .5-.1.7-.3.2-.2.3-.5.3-.7s-.1-.5-.3-.7zM5.8 14.7l6.2 6.3 6.2-6.3c.2-.2.3-.5.3-.7s-.1-.5-.3-.7c-.2-.2-.4-.3-.7-.3h-11c-.3 0-.5.1-.7.3-.2.2-.3.5-.3.7s.1.5.3.7z\"\/><\/svg><\/span><\/span><\/span><\/a><\/span><\/div>\n<nav><ul class='ez-toc-list ez-toc-list-level-1 ' ><li class='ez-toc-page-1 ez-toc-heading-level-1'><a class=\"ez-toc-link ez-toc-heading-1\" href=\"https:\/\/ahmetfarukaltindas.com\/en\/limited-company-establishment\/#Limited_Company_Establishment\" >Limited Company Establishment<\/a><ul class='ez-toc-list-level-3' ><li class='ez-toc-heading-level-3'><ul class='ez-toc-list-level-3' ><li class='ez-toc-heading-level-3'><a class=\"ez-toc-link ez-toc-heading-2\" href=\"https:\/\/ahmetfarukaltindas.com\/en\/limited-company-establishment\/#Now_lets_come_to_the_details_we_need_to_determine_to_establish_a_company\" >Now let&#8217;s come to the details we need to determine to establish a company;<\/a><\/li><\/ul><\/li><\/ul><\/li><\/ul><\/nav><\/div>\n<h1><span class=\"ez-toc-section\" id=\"Limited_Company_Establishment\"><\/span>Limited Company Establishment<span class=\"ez-toc-section-end\"><\/span><\/h1>\n<p>Let&#8217;s start by talking about the basics that we need to know when we decide to set up a limited liability company. First of all, the situation is not much different for Turkish citizens or foreigners. While the identity information of Turkish citizens is sufficient at the establishment stage, residence permit, if any, and passport, if any, will be sufficient for foreigners. In any case, an incorporation power of attorney and a photograph will be required to complete the incorporation procedures.<\/p>\n<p>We decided to establish the company, when we say we will start tomorrow, we will need a Turkish identity, passport or residence permit documents, an identity card, and a power of attorney for establishment. Meanwhile, company establishment costs may vary from city to city. Registration costs may be different in each city&#8217;s chamber of commerce.[\/vc_column_text][\/vc_column][\/vc_row][vc_row type=&#8221;in_container&#8221; full_screen_row_position=&#8221;middle&#8221; column_margin=&#8221;default&#8221; equal_height=&#8221;yes&#8221; content_placement=&#8221;middle&#8221; column_direction=&#8221;reverse&#8221; column_direction_tablet=&#8221;default&#8221; column_direction_phone=&#8221;default&#8221; scene_position=&#8221;center&#8221; top_margin=&#8221;30px&#8221; text_color=&#8221;dark&#8221; text_align=&#8221;left&#8221; row_border_radius=&#8221;none&#8221; row_border_radius_applies=&#8221;bg&#8221; overflow=&#8221;visible&#8221; advanced_gradient_angle=&#8221;0&#8243; overlay_strength=&#8221;0.3&#8243; gradient_direction=&#8221;left_to_right&#8221; shape_divider_position=&#8221;bottom&#8221; bg_image_animation=&#8221;none&#8221; gradient_type=&#8221;default&#8221; shape_type=&#8221;&#8221;][vc_column column_padding=&#8221;no-extra-padding&#8221; column_padding_tablet=&#8221;inherit&#8221; column_padding_phone=&#8221;inherit&#8221; column_padding_position=&#8221;all&#8221; column_element_spacing=&#8221;default&#8221; background_color_opacity=&#8221;1&#8243; background_hover_color_opacity=&#8221;1&#8243; column_shadow=&#8221;none&#8221; column_border_radius=&#8221;none&#8221; column_link_target=&#8221;_self&#8221; column_position=&#8221;default&#8221; advanced_gradient_angle=&#8221;0&#8243; gradient_direction=&#8221;left_to_right&#8221; overlay_strength=&#8221;0.3&#8243; width=&#8221;1\/1&#8243; tablet_width_inherit=&#8221;default&#8221; tablet_text_alignment=&#8221;default&#8221; phone_text_alignment=&#8221;default&#8221; animation_type=&#8221;default&#8221; enable_animation=&#8221;true&#8221; animation=&#8221;fade-in-from-bottom&#8221; bg_image_animation=&#8221;fade-in&#8221; border_type=&#8221;simple&#8221; column_border_width=&#8221;none&#8221; column_border_style=&#8221;solid&#8221; gradient_type=&#8221;default&#8221; delay=&#8221;600&#8243;][divider line_type=&#8221;No Line&#8221; custom_height=&#8221;30px&#8221;][vc_column_text]\n<h3><span class=\"ez-toc-section\" id=\"Now_lets_come_to_the_details_we_need_to_determine_to_establish_a_company\"><\/span>Now let&#8217;s come to the details we need to determine to establish a company;<span class=\"ez-toc-section-end\"><\/span><\/h3>\n<div id=\"gtx-trans\" style=\"position: absolute; left: 129px; top: 37.9034px;\">\n<div class=\"gtx-trans-icon\"><\/div>\n<\/div>\n[\/vc_column_text][divider line_type=&#8221;No Line&#8221; custom_height=&#8221;30px&#8221;][toggles style=&#8221;default&#8221; accordion=&#8221;true&#8221; accordion_starting_functionality=&#8221;default&#8221;][toggle color=&#8221;Default&#8221; heading_tag=&#8221;default&#8221; title=&#8221;1. Adress&#8221;][vc_column_text]For our company, whether it is an apartment in your name or an office for rent, we will definitely need an official address. If the title deed of the house you live in does not belong to you, you must make a rental contract with the landlord (even if this person is a member of your family). If you are not renting from a company, then you will have a withholding payment of 20% of the gross rental amount.[\/vc_column_text][\/toggle][toggle color=&#8221;Default&#8221; heading_tag=&#8221;default&#8221; title=&#8221;2. Title&#8221;][vc_column_text]Below\u2026. You can make a free choice in the field shown as, but we need to use the Industry and Trade Limited Company pattern afterwards.<\/p>\n<p>\u2026\u2026\u2026\u2026 INDUSTRY AND FOREIGN TRADE LIMITED COMPANY<br \/>\n\u2026\u2026\u2026\u2026 INDUSTRY AND TRADE LIMITED COMPANY<\/p>\n<p>(The name selected for the Company will appear in the dotted section and a sector suitable for the main activity of the company will be written right after this name.<\/p>\n<p>For example, such as AAAABBBB TEKST\u0130L SANAY\u0130 VE FOREIGN TRADE LIMITED COMPANY)<\/p>\n<p>The name selected for the company will appear in the blank section and a sector suitable for the main activity of the company will be written immediately after this name. Of course, you also have the opportunity to choose more than one sector. Here we only give general information about what to consider when choosing a title.<\/p>\n<p>For example, such as AAAABBBB TEKST\u0130L SANAY\u0130 VE FOREIGN TRADE LIMITED COMPANY)[\/vc_column_text][\/toggle][toggle color=&#8221;Default&#8221; heading_tag=&#8221;default&#8221; title=&#8221;3. Capital&#8221;][vc_column_text]When determining the capital of your company, we should consider whether there is a minimum capital requirement to obtain some certificates in the sector in which you want to operate. For example, if there are some minimum capital requirements, such as a minimum capital of 300,000 TL for the R2 certificate in the transportation sector, and a paid-in capital of 100,000 TL, not less than 20% share, in the work permit applications of foreign company partners, we should evaluate this at the very beginning. Otherwise, we will have to pay fees again to the Istanbul Chamber of Commerce for capital increases that will be requested in the future.<\/p>\n<p>Firma sermayesi firma ad\u0131na a\u00e7\u0131lan banka hesab\u0131na yat\u0131r\u0131lmal\u0131d\u0131r.Yani bu \u00f6demeyi kendi \u015firket hesab\u0131n\u0131za yat\u0131rman\u0131z gerekiyor. Bu i\u015flemi ger\u00e7ekle\u015ftirmek i\u00e7in s\u00fcre 24 ayd\u0131r.24 ay i\u00e7inde par\u00e7a par\u00e7a veya tek seferde sermaye yat\u0131r\u0131labilir. Sermaye yat\u0131r\u0131l\u0131rken a\u00e7\u0131klamada muhakkak \u201c\u2026\u2026 \u015firketi ad\u0131na \u2026\u2026 ki\u015finin sermaye \u00f6demesi\u201d \u015feklinde bir bilgi verilmelidir<\/p>\n<p>If the number of partners in the company will be more than one, we must determine from the very beginning which partner will have how much capital.[\/vc_column_text][\/toggle][toggle color=&#8221;Default&#8221; heading_tag=&#8221;default&#8221; title=&#8221;4. Purpose-Subject&#8221;][vc_column_text]It is the 3rd article of the company&#8217;s articles of association, which describes the works that your company will do. As a financial advisor, I recommend that you include all the work you plan to do in this article. In short, you should include all the sectors in which you intend to operate in this section. If you keep this section short and then plan to move on to different activities, you will still have to pay fees and notary expenses to the Istanbul Chamber of Commerce.[\/vc_column_text][\/toggle][toggle color=&#8221;Default&#8221; heading_tag=&#8221;default&#8221; title=&#8221;5. Activity Code&#8221;][vc_column_text]It is a matter related to the main activity you are planning. After determining this, you can choose the most appropriate one among the recommendations among the activity codes prepared by the Revenue Administration. At this point, as a financial advisor, my advice to you is that you should choose an activity code that is compatible with your workplace and the work you do. Otherwise, the officer who comes to your company for the opening roll call may not make a positive assessment.[\/vc_column_text][\/toggle][toggle color=&#8221;Default&#8221; heading_tag=&#8221;default&#8221; title=&#8221;6. Directorate&#8221;][vc_column_text]If the number of partners is more than one, consider this section. If the number of partners is more than one, there are two types of directorate systems. Individual: partners can represent the company independently of each other with their signatures. Joint: partners must sign for each transaction at the same time. If both partners cannot always come for legal proceedings, do not prefer joint signature. It is not possible to separate the individual and joint selection here for certain works, for example, you do not have a chance to be alone in other joint works in bank transactions. In other words, both individual managers can act alone in the bank accounts of the company, they can sign anywhere to represent the company. For this reason, you should make your decision on this matter by considering many problems that may arise in the future.[\/vc_column_text][\/toggle][toggle color=&#8221;Default&#8221; heading_tag=&#8221;default&#8221; title=&#8221;7. Foundation Process&#8221;][vc_column_text]After giving your establishment power of attorney, identity, passport or residence permit card and your photo, we will prepare a draft of the articles of association as a result of a detailed discussion about the work you will do. After presenting this to you, it is possible for us to make various revisions. When there is no problem with the articles of association, we will usually make your establishment appointment from the Istanbul Chamber of Commerce within 2 days, and after your company is registered at the end of 2 days, you will have to issue a signature circular on behalf of the company at the notary and give a general ledger power of attorney. As a result of these transactions, your company will start to wait for the work you will do as a newborn :)[\/vc_column_text][\/toggle][\/toggles][\/vc_column][\/vc_row][vc_row type=&#8221;in_container&#8221; full_screen_row_position=&#8221;middle&#8221; column_margin=&#8221;default&#8221; column_direction=&#8221;default&#8221; column_direction_tablet=&#8221;default&#8221; column_direction_phone=&#8221;default&#8221; scene_position=&#8221;center&#8221; text_color=&#8221;dark&#8221; text_align=&#8221;left&#8221; row_border_radius=&#8221;none&#8221; row_border_radius_applies=&#8221;bg&#8221; overflow=&#8221;visible&#8221; overlay_strength=&#8221;0.3&#8243; gradient_direction=&#8221;left_to_right&#8221; shape_divider_position=&#8221;bottom&#8221; bg_image_animation=&#8221;none&#8221;][vc_column column_padding=&#8221;no-extra-padding&#8221; column_padding_tablet=&#8221;inherit&#8221; column_padding_phone=&#8221;inherit&#8221; column_padding_position=&#8221;all&#8221; column_element_spacing=&#8221;default&#8221; background_color_opacity=&#8221;1&#8243; background_hover_color_opacity=&#8221;1&#8243; column_shadow=&#8221;none&#8221; column_border_radius=&#8221;none&#8221; column_link_target=&#8221;_self&#8221; column_position=&#8221;default&#8221; gradient_direction=&#8221;left_to_right&#8221; overlay_strength=&#8221;0.3&#8243; width=&#8221;1\/1&#8243; tablet_width_inherit=&#8221;default&#8221; tablet_text_alignment=&#8221;default&#8221; phone_text_alignment=&#8221;default&#8221; animation_type=&#8221;default&#8221; bg_image_animation=&#8221;none&#8221; border_type=&#8221;simple&#8221; column_border_width=&#8221;none&#8221; column_border_style=&#8221;solid&#8221;][vc_column_text]If you want to talk or consult about your company establishment process, I am ready to answer your questions as a <a href=\"\/en\/\">financial advisor in Fatih Aksaray<\/a> \ud83d\ude42<\/p>\n<div id=\"gtx-trans\" style=\"position: absolute; left: 1045px; top: 37.9034px;\">\n<div class=\"gtx-trans-icon\"><\/div>\n<\/div>\n[\/vc_column_text][\/vc_column][\/vc_row]\n","protected":false},"excerpt":{"rendered":"<p>[vc_row type=&#8221;in_container&#8221; full_screen_row_position=&#8221;middle&#8221; column_margin=&#8221;default&#8221; equal_height=&#8221;yes&#8221; content_placement=&#8221;middle&#8221; column_direction=&#8221;default&#8221; column_direction_tablet=&#8221;default&#8221; column_direction_phone=&#8221;default&#8221; scene_position=&#8221;center&#8221; top_margin=&#8221;30px&#8221; text_color=&#8221;dark&#8221; text_align=&#8221;left&#8221; row_border_radius=&#8221;none&#8221; row_border_radius_applies=&#8221;bg&#8221; overflow=&#8221;visible&#8221; advanced_gradient_angle=&#8221;0&#8243; overlay_strength=&#8221;0.3&#8243; gradient_direction=&#8221;left_to_right&#8221; shape_divider_position=&#8221;bottom&#8221; bg_image_animation=&#8221;none&#8221; gradient_type=&#8221;default&#8221; shape_type=&#8221;&#8221;][vc_column column_padding=&#8221;no-extra-padding&#8221; column_padding_tablet=&#8221;inherit&#8221; column_padding_phone=&#8221;inherit&#8221; column_padding_position=&#8221;all&#8221; column_element_spacing=&#8221;default&#8221; background_color_opacity=&#8221;1&#8243; background_hover_color_opacity=&#8221;1&#8243;&#8230;<\/p>\n","protected":false},"author":8,"featured_media":0,"parent":0,"menu_order":0,"comment_status":"closed","ping_status":"closed","template":"","meta":{"footnotes":""},"class_list":["post-7921","page","type-page","status-publish"],"yoast_head":"<!-- This site is optimized with the Yoast SEO plugin v25.1 - https:\/\/yoast.com\/wordpress\/plugins\/seo\/ -->\n<title>Limited Company Establishment - Mali M\u00fc\u015favir Aksaray | Ahmet Faruk Alt\u0131nda\u015f<\/title>\n<meta name=\"robots\" content=\"index, follow, max-snippet:-1, max-image-preview:large, max-video-preview:-1\" \/>\n<link rel=\"canonical\" href=\"https:\/\/ahmetfarukaltindas.com\/en\/limited-company-establishment\/\" \/>\n<meta property=\"og:locale\" content=\"en_US\" \/>\n<meta property=\"og:type\" content=\"article\" \/>\n<meta property=\"og:title\" content=\"Limited Company Establishment - Mali M\u00fc\u015favir Aksaray | Ahmet Faruk Alt\u0131nda\u015f\" \/>\n<meta property=\"og:description\" content=\"[vc_row type=&#8221;in_container&#8221; full_screen_row_position=&#8221;middle&#8221; column_margin=&#8221;default&#8221; equal_height=&#8221;yes&#8221; content_placement=&#8221;middle&#8221; column_direction=&#8221;default&#8221; column_direction_tablet=&#8221;default&#8221; column_direction_phone=&#8221;default&#8221; scene_position=&#8221;center&#8221; top_margin=&#8221;30px&#8221; text_color=&#8221;dark&#8221; text_align=&#8221;left&#8221; row_border_radius=&#8221;none&#8221; row_border_radius_applies=&#8221;bg&#8221; overflow=&#8221;visible&#8221; advanced_gradient_angle=&#8221;0&#8243; overlay_strength=&#8221;0.3&#8243; gradient_direction=&#8221;left_to_right&#8221; shape_divider_position=&#8221;bottom&#8221; bg_image_animation=&#8221;none&#8221; gradient_type=&#8221;default&#8221; shape_type=&#8221;&#8221;][vc_column column_padding=&#8221;no-extra-padding&#8221; column_padding_tablet=&#8221;inherit&#8221; column_padding_phone=&#8221;inherit&#8221; column_padding_position=&#8221;all&#8221; column_element_spacing=&#8221;default&#8221; background_color_opacity=&#8221;1&#8243; background_hover_color_opacity=&#8221;1&#8243;...\" \/>\n<meta property=\"og:url\" content=\"https:\/\/ahmetfarukaltindas.com\/en\/limited-company-establishment\/\" \/>\n<meta property=\"og:site_name\" content=\"Mali M\u00fc\u015favir Aksaray | Ahmet Faruk Alt\u0131nda\u015f\" \/>\n<meta property=\"article:modified_time\" content=\"2023-01-30T21:17:24+00:00\" \/>\n<meta name=\"twitter:card\" content=\"summary_large_image\" \/>\n<meta name=\"twitter:label1\" content=\"Est. reading time\" \/>\n\t<meta name=\"twitter:data1\" content=\"9 minutes\" \/>\n<!-- \/ Yoast SEO plugin. -->","yoast_head_json":{"title":"Limited Company Establishment - Mali M\u00fc\u015favir Aksaray | Ahmet Faruk Alt\u0131nda\u015f","robots":{"index":"index","follow":"follow","max-snippet":"max-snippet:-1","max-image-preview":"max-image-preview:large","max-video-preview":"max-video-preview:-1"},"canonical":"https:\/\/ahmetfarukaltindas.com\/en\/limited-company-establishment\/","og_locale":"en_US","og_type":"article","og_title":"Limited Company Establishment - Mali M\u00fc\u015favir Aksaray | Ahmet Faruk Alt\u0131nda\u015f","og_description":"[vc_row type=&#8221;in_container&#8221; full_screen_row_position=&#8221;middle&#8221; column_margin=&#8221;default&#8221; equal_height=&#8221;yes&#8221; content_placement=&#8221;middle&#8221; column_direction=&#8221;default&#8221; column_direction_tablet=&#8221;default&#8221; column_direction_phone=&#8221;default&#8221; scene_position=&#8221;center&#8221; top_margin=&#8221;30px&#8221; text_color=&#8221;dark&#8221; text_align=&#8221;left&#8221; row_border_radius=&#8221;none&#8221; row_border_radius_applies=&#8221;bg&#8221; overflow=&#8221;visible&#8221; advanced_gradient_angle=&#8221;0&#8243; overlay_strength=&#8221;0.3&#8243; gradient_direction=&#8221;left_to_right&#8221; shape_divider_position=&#8221;bottom&#8221; bg_image_animation=&#8221;none&#8221; gradient_type=&#8221;default&#8221; shape_type=&#8221;&#8221;][vc_column column_padding=&#8221;no-extra-padding&#8221; column_padding_tablet=&#8221;inherit&#8221; column_padding_phone=&#8221;inherit&#8221; column_padding_position=&#8221;all&#8221; column_element_spacing=&#8221;default&#8221; background_color_opacity=&#8221;1&#8243; background_hover_color_opacity=&#8221;1&#8243;...","og_url":"https:\/\/ahmetfarukaltindas.com\/en\/limited-company-establishment\/","og_site_name":"Mali M\u00fc\u015favir Aksaray | Ahmet Faruk Alt\u0131nda\u015f","article_modified_time":"2023-01-30T21:17:24+00:00","twitter_card":"summary_large_image","twitter_misc":{"Est. reading time":"9 minutes"},"schema":{"@context":"https:\/\/schema.org","@graph":[{"@type":"WebPage","@id":"https:\/\/ahmetfarukaltindas.com\/en\/limited-company-establishment\/","url":"https:\/\/ahmetfarukaltindas.com\/en\/limited-company-establishment\/","name":"Limited Company Establishment - Mali M\u00fc\u015favir Aksaray | Ahmet Faruk Alt\u0131nda\u015f","isPartOf":{"@id":"https:\/\/ahmetfarukaltindas.com\/en\/#website"},"datePublished":"2023-01-11T00:48:12+00:00","dateModified":"2023-01-30T21:17:24+00:00","breadcrumb":{"@id":"https:\/\/ahmetfarukaltindas.com\/en\/limited-company-establishment\/#breadcrumb"},"inLanguage":"en-US","potentialAction":[{"@type":"ReadAction","target":["https:\/\/ahmetfarukaltindas.com\/en\/limited-company-establishment\/"]}]},{"@type":"BreadcrumbList","@id":"https:\/\/ahmetfarukaltindas.com\/en\/limited-company-establishment\/#breadcrumb","itemListElement":[{"@type":"ListItem","position":1,"name":"Anasayfa","item":"https:\/\/ahmetfarukaltindas.com\/en\/home\/"},{"@type":"ListItem","position":2,"name":"Limited Company Establishment"}]},{"@type":"WebSite","@id":"https:\/\/ahmetfarukaltindas.com\/en\/#website","url":"https:\/\/ahmetfarukaltindas.com\/en\/","name":"Mali M\u00fc\u015favir Aksaray | Ahmet Faruk Alt\u0131nda\u015f","description":"Fatih, \u0130stanbul","potentialAction":[{"@type":"SearchAction","target":{"@type":"EntryPoint","urlTemplate":"https:\/\/ahmetfarukaltindas.com\/en\/?s={search_term_string}"},"query-input":{"@type":"PropertyValueSpecification","valueRequired":true,"valueName":"search_term_string"}}],"inLanguage":"en-US"}]}},"_links":{"self":[{"href":"https:\/\/ahmetfarukaltindas.com\/en\/wp-json\/wp\/v2\/pages\/7921","targetHints":{"allow":["GET"]}}],"collection":[{"href":"https:\/\/ahmetfarukaltindas.com\/en\/wp-json\/wp\/v2\/pages"}],"about":[{"href":"https:\/\/ahmetfarukaltindas.com\/en\/wp-json\/wp\/v2\/types\/page"}],"author":[{"embeddable":true,"href":"https:\/\/ahmetfarukaltindas.com\/en\/wp-json\/wp\/v2\/users\/8"}],"replies":[{"embeddable":true,"href":"https:\/\/ahmetfarukaltindas.com\/en\/wp-json\/wp\/v2\/comments?post=7921"}],"version-history":[{"count":0,"href":"https:\/\/ahmetfarukaltindas.com\/en\/wp-json\/wp\/v2\/pages\/7921\/revisions"}],"wp:attachment":[{"href":"https:\/\/ahmetfarukaltindas.com\/en\/wp-json\/wp\/v2\/media?parent=7921"}],"curies":[{"name":"wp","href":"https:\/\/api.w.org\/{rel}","templated":true}]}}