{"id":7907,"date":"2015-12-30T15:36:57","date_gmt":"2015-12-30T13:36:57","guid":{"rendered":"https:\/\/ahmetfarukaltindas.com\/hakkimizda\/"},"modified":"2023-07-23T15:00:15","modified_gmt":"2023-07-23T12:00:15","slug":"%d8%af%d8%b1%d8%a8%d8%a7%d8%b1%d9%87-%d9%85%d8%a7","status":"publish","type":"page","link":"https:\/\/ahmetfarukaltindas.com\/fa\/%d8%af%d8%b1%d8%a8%d8%a7%d8%b1%d9%87-%d9%85%d8%a7\/","title":{"rendered":"\u062f\u0631\u0628\u0627\u0631\u0647 \u0645\u0627"},"content":{"rendered":"[vc_row type=&#8221;in_container&#8221; full_screen_row_position=&#8221;middle&#8221; column_margin=&#8221;default&#8221; equal_height=&#8221;yes&#8221; content_placement=&#8221;middle&#8221; column_direction=&#8221;default&#8221; column_direction_tablet=&#8221;default&#8221; column_direction_phone=&#8221;default&#8221; scene_position=&#8221;center&#8221; top_margin=&#8221;30px&#8221; text_color=&#8221;dark&#8221; text_align=&#8221;left&#8221; row_border_radius=&#8221;none&#8221; row_border_radius_applies=&#8221;bg&#8221; overflow=&#8221;visible&#8221; advanced_gradient_angle=&#8221;0&#8243; overlay_strength=&#8221;0.3&#8243; gradient_direction=&#8221;left_to_right&#8221; shape_divider_position=&#8221;bottom&#8221; bg_image_animation=&#8221;none&#8221; gradient_type=&#8221;default&#8221; shape_type=&#8221;&#8221;][vc_column column_padding=&#8221;no-extra-padding&#8221; column_padding_tablet=&#8221;inherit&#8221; column_padding_phone=&#8221;inherit&#8221; column_padding_position=&#8221;all&#8221; column_element_spacing=&#8221;default&#8221; background_color_opacity=&#8221;1&#8243; background_hover_color_opacity=&#8221;1&#8243; column_shadow=&#8221;none&#8221; column_border_radius=&#8221;none&#8221; column_link_target=&#8221;_self&#8221; column_position=&#8221;default&#8221; advanced_gradient_angle=&#8221;0&#8243; gradient_direction=&#8221;left_to_right&#8221; overlay_strength=&#8221;0.3&#8243; width=&#8221;1\/2&#8243; tablet_width_inherit=&#8221;default&#8221; tablet_text_alignment=&#8221;default&#8221; phone_text_alignment=&#8221;default&#8221; animation_type=&#8221;default&#8221; enable_animation=&#8221;true&#8221; animation=&#8221;fade-in-from-bottom&#8221; bg_image_animation=&#8221;none&#8221; border_type=&#8221;simple&#8221; column_border_width=&#8221;none&#8221; column_border_style=&#8221;solid&#8221; gradient_type=&#8221;default&#8221;][image_with_animation image_url=&#8221;7639&#8243; image_size=&#8221;full&#8221; animation_type=&#8221;entrance&#8221; animation=&#8221;Fade In&#8221; hover_animation=&#8221;none&#8221; alignment=&#8221;center&#8221; border_radius=&#8221;none&#8221; box_shadow=&#8221;none&#8221; image_loading=&#8221;default&#8221; max_width=&#8221;100%&#8221; max_width_mobile=&#8221;default&#8221;][\/vc_column][vc_column column_padding=&#8221;padding-5-percent&#8221; column_padding_tablet=&#8221;inherit&#8221; column_padding_phone=&#8221;inherit&#8221; column_padding_position=&#8221;all&#8221; column_element_spacing=&#8221;default&#8221; background_color=&#8221;#ffffff&#8221; background_color_opacity=&#8221;1&#8243; background_hover_color_opacity=&#8221;1&#8243; column_shadow=&#8221;none&#8221; column_border_radius=&#8221;none&#8221; column_link_target=&#8221;_self&#8221; column_position=&#8221;default&#8221; advanced_gradient_angle=&#8221;0&#8243; gradient_direction=&#8221;left_to_right&#8221; overlay_strength=&#8221;0.3&#8243; width=&#8221;1\/2&#8243; tablet_width_inherit=&#8221;default&#8221; tablet_text_alignment=&#8221;default&#8221; phone_text_alignment=&#8221;default&#8221; animation_type=&#8221;default&#8221; enable_animation=&#8221;true&#8221; animation=&#8221;fade-in-from-bottom&#8221; bg_image_animation=&#8221;none&#8221; border_type=&#8221;simple&#8221; column_border_width=&#8221;none&#8221; column_border_style=&#8221;solid&#8221; gradient_type=&#8221;default&#8221; delay=&#8221;300&#8243;][vc_column_text]\n<div id=\"ez-toc-container\" class=\"ez-toc-v2_0_74 counter-hierarchy ez-toc-counter ez-toc-grey ez-toc-container-direction\">\n<div class=\"ez-toc-title-container\">\n<p class=\"ez-toc-title\" style=\"cursor:inherit\">Table of Contents<\/p>\n<span class=\"ez-toc-title-toggle\"><a href=\"#\" class=\"ez-toc-pull-right ez-toc-btn ez-toc-btn-xs ez-toc-btn-default ez-toc-toggle\" aria-label=\"Toggle Table of Content\"><span class=\"ez-toc-js-icon-con\"><span class=\"\"><span class=\"eztoc-hide\" style=\"display:none;\">Toggle<\/span><span class=\"ez-toc-icon-toggle-span\"><svg style=\"fill: #999;color:#999\" xmlns=\"http:\/\/www.w3.org\/2000\/svg\" class=\"list-377408\" width=\"20px\" height=\"20px\" viewBox=\"0 0 24 24\" fill=\"none\"><path d=\"M6 6H4v2h2V6zm14 0H8v2h12V6zM4 11h2v2H4v-2zm16 0H8v2h12v-2zM4 16h2v2H4v-2zm16 0H8v2h12v-2z\" fill=\"currentColor\"><\/path><\/svg><svg style=\"fill: #999;color:#999\" class=\"arrow-unsorted-368013\" xmlns=\"http:\/\/www.w3.org\/2000\/svg\" width=\"10px\" height=\"10px\" viewBox=\"0 0 24 24\" version=\"1.2\" baseProfile=\"tiny\"><path d=\"M18.2 9.3l-6.2-6.3-6.2 6.3c-.2.2-.3.4-.3.7s.1.5.3.7c.2.2.4.3.7.3h11c.3 0 .5-.1.7-.3.2-.2.3-.5.3-.7s-.1-.5-.3-.7zM5.8 14.7l6.2 6.3 6.2-6.3c.2-.2.3-.5.3-.7s-.1-.5-.3-.7c-.2-.2-.4-.3-.7-.3h-11c-.3 0-.5.1-.7.3-.2.2-.3.5-.3.7s.1.5.3.7z\"\/><\/svg><\/span><\/span><\/span><\/a><\/span><\/div>\n<nav><ul class='ez-toc-list ez-toc-list-level-1 ' ><li class='ez-toc-page-1 ez-toc-heading-level-1'><a class=\"ez-toc-link ez-toc-heading-1\" href=\"https:\/\/ahmetfarukaltindas.com\/fa\/%d8%af%d8%b1%d8%a8%d8%a7%d8%b1%d9%87-%d9%85%d8%a7\/#%D8%AF%D8%B1%D8%A8%D8%A7%D8%B1%D9%87_%D9%85%D8%A7\" >\u062f\u0631\u0628\u0627\u0631\u0647 \u0645\u0627<\/a><ul class='ez-toc-list-level-3' ><li class='ez-toc-heading-level-3'><ul class='ez-toc-list-level-3' ><li class='ez-toc-heading-level-3'><a class=\"ez-toc-link ez-toc-heading-2\" href=\"https:\/\/ahmetfarukaltindas.com\/fa\/%d8%af%d8%b1%d8%a8%d8%a7%d8%b1%d9%87-%d9%85%d8%a7\/#%D8%B4%D8%A7%DB%8C%D8%B3%D8%AA%D9%87\" >\u0634\u0627\u06cc\u0633\u062a\u0647<\/a><\/li><li class='ez-toc-page-1 ez-toc-heading-level-3'><a class=\"ez-toc-link ez-toc-heading-3\" href=\"https:\/\/ahmetfarukaltindas.com\/fa\/%d8%af%d8%b1%d8%a8%d8%a7%d8%b1%d9%87-%d9%85%d8%a7\/#%D8%A8%D8%A7_%D8%AA%D8%AC%D8%B1%D8%A8%D9%87\" >\u0628\u0627 \u062a\u062c\u0631\u0628\u0647<\/a><\/li><\/ul><\/li><\/ul><\/li><\/ul><\/nav><\/div>\n<h1><span class=\"ez-toc-section\" id=\"%D8%AF%D8%B1%D8%A8%D8%A7%D8%B1%D9%87_%D9%85%D8%A7\"><\/span>\u062f\u0631\u0628\u0627\u0631\u0647 \u0645\u0627<span class=\"ez-toc-section-end\"><\/span><\/h1>\n<h3><span class=\"ez-toc-section\" id=\"%D8%B4%D8%A7%DB%8C%D8%B3%D8%AA%D9%87\"><\/span><em>\u0634\u0627\u06cc\u0633\u062a\u0647<\/em><span class=\"ez-toc-section-end\"><\/span><\/h3>\n<div class=\"wp-block-columns alignwide is-layout-flex wp-container-21\">\n<div class=\"wp-block-column is-layout-flow\">\u0645\u0646 \u0627\u062d\u0645\u062f \u0641\u0627\u0631\u0648\u06a9 \u0622\u0644\u062a\u06cc\u0646\u062f\u0627\u0634 \u0647\u0633\u062a\u0645\u060c \u0645\u0634\u0627\u0648\u0631 \u0645\u0627\u0644\u06cc \u062f\u0631 \u0622\u06a9\u0633\u0627\u0631\u0627\u06cc \u0627\u0633\u062a\u0627\u0646\u0628\u0648\u0644 \u0648 \u0686\u0647\u0627\u0631 \u0633\u0627\u0644 \u0627\u0633\u062a \u06a9\u0647 \u062a\u0627 \u0622\u0646\u062c\u0627 \u06a9\u0647 \u0645\u06cc \u062a\u0648\u0627\u0646\u0645 \u062f\u0631 \u0627\u06cc\u0646 \u0628\u062e\u0634 \u06a9\u0627\u0631 \u06a9\u0631\u062f\u0647 \u0627\u0645. \u0642\u0628\u0644\u0627\u064b \u062a\u062d\u0635\u06cc\u0644\u0627\u062a \u062e\u0648\u062f \u0631\u0627 \u062f\u0631 \u0645\u0642\u0637\u0639 \u06a9\u0627\u0631\u0634\u0646\u0627\u0633\u06cc \u062f\u0631 \u062f\u067e\u0627\u0631\u062a\u0645\u0627\u0646 \u0645\u0627\u0644\u06cc \u062f\u0631 \u062f\u0627\u0646\u0634\u06af\u0627\u0647 \u0627\u0633\u062a\u0627\u0646\u0628\u0648\u0644 \u0648 \u0645\u062f\u0631\u06a9 \u06a9\u0627\u0631\u0634\u0646\u0627\u0633\u06cc \u0627\u0631\u0634\u062f \u062e\u0648\u062f \u0631\u0627 \u062f\u0631 \u0631\u0634\u062a\u0647 \u062d\u0633\u0627\u0628\u062f\u0627\u0631\u06cc \u0648 \u062d\u0633\u0627\u0628\u0631\u0633\u06cc \u062f\u0631 \u062f\u0627\u0646\u0634\u06af\u0627\u0647 \u0627\u06cc\u0634\u06cc\u06a9 \u0628\u0647 \u067e\u0627\u06cc\u0627\u0646 \u0631\u0633\u0627\u0646\u062f\u0645. \u0645\u0646 \u0628\u0647 \u062f\u0644\u06cc\u0644 \u0645\u0647\u0627\u0631\u062a \u0647\u0627\u06cc \u0627\u062c\u062a\u0645\u0627\u0639\u06cc \u0627\u0645 \u0648 \u0627\u0634\u062a\u06cc\u0627\u0642\u0645 \u0628\u0647 \u06af\u0648\u0634 \u062f\u0627\u062f\u0646 \u0648 \u062d\u0644 \u0645\u0634\u06a9\u0644\u0627\u062a \u0645\u0631\u062f\u0645 \u0648\u0627\u0631\u062f \u0627\u06cc\u0646 \u062d\u0631\u0641\u0647 \u0634\u062f\u0645. \u0628\u0647 \u0644\u0637\u0641 \u0627\u06cc\u0646 \u062d\u0631\u0641\u0647\u060c \u0628\u0627 \u0645\u0631\u062f\u0645 \u0628\u0633\u06cc\u0627\u0631\u06cc \u0627\u0632 \u06a9\u0634\u0648\u0631\u0647\u0627\u06cc \u0645\u062e\u062a\u0644\u0641 \u0622\u0634\u0646\u0627 \u0634\u062f\u0645 \u0648 \u0627\u06cc\u0646 \u0648\u0636\u0639\u06cc\u062a\u060c \u0628\u0647 \u0639\u0646\u0648\u0627\u0646 \u0645\u0634\u0627\u0648\u0631 \u0645\u0627\u0644\u06cc \u062f\u0631 \u0627\u0633\u062a\u0627\u0646\u0628\u0648\u0644\u060c \u0628\u0647 \u0645\u0631\u0648\u0631 \u0632\u0645\u0627\u0646 \u0628\u0647 \u0645\u0646 \u062f\u06cc\u062f \u0648\u0633\u06cc\u0639 \u062a\u0631\u06cc \u0627\u0632 \u0644\u062d\u0627\u0638 \u0641\u0631\u0647\u0646\u06af\u06cc \u0648 \u0627\u062c\u062a\u0645\u0627\u0639\u06cc \u062f\u0627\u062f.<\/div>\n<\/div>\n<div class=\"section-wrapper\" data-id=\"4zWuTn\"><\/div>\n[\/vc_column_text][\/vc_column][\/vc_row][vc_row type=&#8221;in_container&#8221; full_screen_row_position=&#8221;middle&#8221; column_margin=&#8221;default&#8221; equal_height=&#8221;yes&#8221; content_placement=&#8221;middle&#8221; column_direction=&#8221;reverse&#8221; column_direction_tablet=&#8221;default&#8221; column_direction_phone=&#8221;default&#8221; scene_position=&#8221;center&#8221; top_margin=&#8221;30px&#8221; text_color=&#8221;dark&#8221; text_align=&#8221;left&#8221; row_border_radius=&#8221;none&#8221; row_border_radius_applies=&#8221;bg&#8221; overflow=&#8221;visible&#8221; advanced_gradient_angle=&#8221;0&#8243; overlay_strength=&#8221;0.3&#8243; gradient_direction=&#8221;left_to_right&#8221; shape_divider_position=&#8221;bottom&#8221; bg_image_animation=&#8221;none&#8221; gradient_type=&#8221;default&#8221; shape_type=&#8221;&#8221;][vc_column column_padding=&#8221;no-extra-padding&#8221; column_padding_tablet=&#8221;inherit&#8221; column_padding_phone=&#8221;inherit&#8221; column_padding_position=&#8221;all&#8221; column_element_spacing=&#8221;default&#8221; background_color_opacity=&#8221;1&#8243; background_hover_color_opacity=&#8221;1&#8243; column_shadow=&#8221;none&#8221; column_border_radius=&#8221;none&#8221; column_link_target=&#8221;_self&#8221; column_position=&#8221;default&#8221; advanced_gradient_angle=&#8221;0&#8243; gradient_direction=&#8221;left_to_right&#8221; overlay_strength=&#8221;0.3&#8243; width=&#8221;1\/2&#8243; tablet_width_inherit=&#8221;default&#8221; tablet_text_alignment=&#8221;default&#8221; phone_text_alignment=&#8221;default&#8221; animation_type=&#8221;default&#8221; enable_animation=&#8221;true&#8221; animation=&#8221;fade-in-from-bottom&#8221; bg_image_animation=&#8221;none&#8221; border_type=&#8221;simple&#8221; column_border_width=&#8221;none&#8221; column_border_style=&#8221;solid&#8221; gradient_type=&#8221;default&#8221;][image_with_animation image_url=&#8221;7620&#8243; image_size=&#8221;full&#8221; animation_type=&#8221;entrance&#8221; animation=&#8221;Fade In&#8221; hover_animation=&#8221;none&#8221; alignment=&#8221;center&#8221; border_radius=&#8221;none&#8221; box_shadow=&#8221;none&#8221; image_loading=&#8221;default&#8221; max_width=&#8221;100%&#8221; max_width_mobile=&#8221;default&#8221;][\/vc_column][vc_column column_padding=&#8221;padding-5-percent&#8221; column_padding_tablet=&#8221;inherit&#8221; column_padding_phone=&#8221;inherit&#8221; column_padding_position=&#8221;all&#8221; column_element_spacing=&#8221;default&#8221; background_color=&#8221;#ffffff&#8221; background_color_opacity=&#8221;1&#8243; background_hover_color_opacity=&#8221;1&#8243; column_shadow=&#8221;none&#8221; column_border_radius=&#8221;none&#8221; column_link_target=&#8221;_self&#8221; column_position=&#8221;default&#8221; advanced_gradient_angle=&#8221;0&#8243; gradient_direction=&#8221;left_to_right&#8221; overlay_strength=&#8221;0.3&#8243; width=&#8221;1\/2&#8243; tablet_width_inherit=&#8221;default&#8221; tablet_text_alignment=&#8221;default&#8221; phone_text_alignment=&#8221;default&#8221; animation_type=&#8221;default&#8221; enable_animation=&#8221;true&#8221; animation=&#8221;fade-in-from-bottom&#8221; bg_image_animation=&#8221;none&#8221; border_type=&#8221;simple&#8221; column_border_width=&#8221;none&#8221; column_border_style=&#8221;solid&#8221; gradient_type=&#8221;default&#8221; delay=&#8221;300&#8243;][vc_column_text]\n<h3><span class=\"ez-toc-section\" id=\"%D8%A8%D8%A7_%D8%AA%D8%AC%D8%B1%D8%A8%D9%87\"><\/span><em>\u0628\u0627 \u062a\u062c\u0631\u0628\u0647<\/em><span class=\"ez-toc-section-end\"><\/span><\/h3>\n<p>\u062f\u0631\u0631\u0627\u0633\u062a\u0627\u06cc \u067e\u0627\u0633\u062e \u0628\u0647 \u062f\u0631\u062e\u0648\u0627\u0633\u062a \u0647\u0627\u06cc \u0645\u0634\u062a\u0631\u06cc\u0627\u0646\u0645 \u062f\u0631 \u0645\u0648\u0631\u062f \u0628\u0633\u06cc\u0627\u0631\u06cc \u0627\u0632 \u0645\u0639\u0627\u0645\u0644\u0627\u062a \u062d\u0642\u0648\u0642\u06cc \u0645\u0627\u0646\u0646\u062f \u062a\u0627\u0628\u0639\u06cc\u062a \u062a\u0631\u06a9\u06cc\u0647\u060c \u0645\u062c\u0648\u0632 \u06a9\u0627\u0631\u060c \u0627\u062c\u0627\u0632\u0647 \u0627\u0642\u0627\u0645\u062a \u062f\u0627\u0646\u0634 \u0648 \u062a\u062c\u0631\u0628\u0647 \u06a9\u0633\u0628 \u06a9\u0631\u062f\u0645\u060c \u062f\u0631 \u0627\u06cc\u0646 \u0648\u0627\u0642\u0639\u06cc\u062a \u06a9\u0647 \u0628\u0633\u06cc\u0627\u0631\u06cc \u0627\u0632 \u0627\u0646\u0633\u0627\u0646 \u0647\u0627\u06cc \u062e\u0648\u0628 \u0634\u0647\u0631\u0648\u0646\u062f \u06a9\u0634\u0648\u0631 \u0645\u0627 \u0634\u0648\u0646\u062f \u0648 \u062f\u0631 \u0627\u06cc\u0646\u062c\u0627 \u0631\u0627\u062d\u062a \u0632\u0646\u062f\u06af\u06cc \u0648 \u06a9\u0627\u0631 \u06a9\u0646\u0646\u062f \u0633\u0647\u0645 \u0642\u0627\u0628\u0644 \u062a\u0648\u062c\u0647\u06cc \u062f\u0627\u0634\u062a\u0647 \u0627\u0645. \u0628\u0627\u0632 \u0647\u0645 \u0627\u0632 \u0622\u0646\u062c\u0627\u06cc\u06cc \u06a9\u0647 \u0645\u0646 \u062f\u0631 \u0645\u0646\u0637\u0642\u0647 \u0622\u06a9\u0633\u0627\u0631\u0627\u06cc \u0627\u0633\u062a\u0627\u0646\u0628\u0648\u0644 \u0645\u0634\u063a\u0648\u0644 \u0628\u0647 \u06a9\u0627\u0631 \u0647\u0633\u062a\u0645\u060c \u0645\u062c\u0628\u0648\u0631 \u0634\u062f\u0645 \u0645\u0634\u06a9\u0644\u0627\u062a \u0634\u0631\u06a9\u062a \u0647\u0627\u06cc\u06cc \u0632\u06cc\u0627\u062f\u06cc \u0627\u0632 \u0628\u062e\u0634 \u0647\u0627\u06cc \u0645\u062e\u062a\u0644\u0641 \u0631\u0627 \u062f\u0631 \u0628\u0631\u062e\u0648\u0631\u062f \u0628\u0627 \u0645\u0634\u06a9\u0644\u0627\u062a \u0645\u062e\u062a\u0644\u0641 \u062d\u0644 \u06a9\u0646\u0645 \u0648 \u0627\u06a9\u0646\u0648\u0646 \u0627\u06cc\u0646 \u0627\u0645\u06a9\u0627\u0646 \u0628\u0631\u0627\u06cc \u0645\u0627 \u0648\u062c\u0648\u062f \u062f\u0627\u0631\u062f \u06a9\u0647 \u0627\u0632 \u0633\u0631\u0639\u062a \u0648 \u062a\u062c\u0631\u0628\u0647 \u0627\u06cc \u06a9\u0647 \u0627\u06cc\u0646 \u0627\u0645\u0631 \u0628\u0647 \u0627\u0631\u0645\u063a\u0627\u0646 \u0622\u0648\u0631\u062f\u0647 \u0627\u0632 \u0637\u0631\u0641 \u0634\u0645\u0627 \u0648 \u0628\u0647 \u0646\u0641\u0639 \u0634\u0645\u0627 \u0627\u0633\u062a\u0641\u0627\u062f\u0647 \u06a9\u0646\u06cc\u0645. \u0645\u0647\u0645 \u0646\u06cc\u0633\u062a \u06a9\u0647 \u0686\u0642\u062f\u0631 \u06a9\u0627\u0631 \u0645\u0627 \u0628\u0627 \u0642\u0648\u0627\u0646\u06cc\u0646 \u0633\u0631 \u0648 \u06a9\u0627\u0631 \u062f\u0627\u0631\u062f\u060c \u0642\u0637\u0639\u0627\u064b \u0635\u062d\u0628\u062a \u062f\u0631 \u0645\u0648\u0631\u062f \u0622\u0646\u0647\u0627 \u062f\u0631 \u06cc\u06a9 \u0632\u0645\u0627\u0646 \u062f\u0644\u067e\u0630\u06cc\u0631 \u0628\u0627 \u0686\u0627\u06cc\u060c \u0642\u0647\u0648\u0647 \u0648 \u06af\u067e \u062f\u0648\u0633\u062a\u0627\u0646\u0647 \u0645\u0641\u06cc\u062f \u062e\u0648\u0627\u0647\u062f \u0628\u0648\u062f. \u0645\u0646 \u0628\u0647 \u0639\u0646\u0648\u0627\u0646 \u06cc\u06a9 \u0645\u0634\u0627\u0648\u0631 \u0645\u0627\u0644\u06cc \u0637\u0631\u0641\u062f\u0627\u0631 \u0627\u06cc\u0646 \u0647\u0633\u062a\u0645 \u06a9\u0647 \u0646\u0647 \u062a\u0646\u0647\u0627 \u06cc\u06a9 \u0645\u0639\u0627\u0645\u0644\u0647 \u062d\u0642\u0648\u0642\u06cc \u062e\u0648\u0628 \u062f\u0627\u0634\u062a\u0647 \u0628\u0627\u0634\u06cc\u0645\u060c \u0628\u0644\u06a9\u0647 \u062f\u0648\u0633\u062a \u0647\u0645 \u067e\u06cc\u062f\u0627 \u06a9\u0646\u0645 \u0648 \u0628\u062f\u06cc\u0646 \u0645\u0646\u0638\u0648\u0631 \u0628\u0627 \u06a9\u0645\u0627\u0644 \u0645\u06cc\u0644 \u067e\u0630\u06cc\u0631\u0627\u06cc \u062d\u0636\u0648\u0631 \u0634\u0645\u0627 \u062e\u0648\u0627\u0647\u0645 \u0628\u0648\u062f.[\/vc_column_text][\/vc_column][\/vc_row]\n","protected":false},"excerpt":{"rendered":"<p>[vc_row type=&#8221;in_container&#8221; full_screen_row_position=&#8221;middle&#8221; column_margin=&#8221;default&#8221; equal_height=&#8221;yes&#8221; content_placement=&#8221;middle&#8221; column_direction=&#8221;default&#8221; column_direction_tablet=&#8221;default&#8221; column_direction_phone=&#8221;default&#8221; scene_position=&#8221;center&#8221; top_margin=&#8221;30px&#8221; text_color=&#8221;dark&#8221; text_align=&#8221;left&#8221; row_border_radius=&#8221;none&#8221; row_border_radius_applies=&#8221;bg&#8221; overflow=&#8221;visible&#8221; advanced_gradient_angle=&#8221;0&#8243; overlay_strength=&#8221;0.3&#8243; gradient_direction=&#8221;left_to_right&#8221; shape_divider_position=&#8221;bottom&#8221; bg_image_animation=&#8221;none&#8221; gradient_type=&#8221;default&#8221; shape_type=&#8221;&#8221;][vc_column column_padding=&#8221;no-extra-padding&#8221; column_padding_tablet=&#8221;inherit&#8221; column_padding_phone=&#8221;inherit&#8221; column_padding_position=&#8221;all&#8221; column_element_spacing=&#8221;default&#8221; background_color_opacity=&#8221;1&#8243; background_hover_color_opacity=&#8221;1&#8243;&#8230;<\/p>\n","protected":false},"author":6,"featured_media":0,"parent":0,"menu_order":0,"comment_status":"closed","ping_status":"closed","template":"","meta":{"footnotes":""},"class_list":["post-7907","page","type-page","status-publish"],"yoast_head":"<!-- This site is optimized with the Yoast SEO plugin v25.1 - https:\/\/yoast.com\/wordpress\/plugins\/seo\/ -->\n<title>\u062f\u0631\u0628\u0627\u0631\u0647 \u0645\u0627 - \u0645\u0634\u0627\u0648\u0631 \u0645\u0627\u0644\u06cc \u0622\u06a9\u0633\u0627\u0631\u0627\u06cc<\/title>\n<meta name=\"robots\" content=\"index, follow, max-snippet:-1, max-image-preview:large, max-video-preview:-1\" \/>\n<link rel=\"canonical\" href=\"https:\/\/ahmetfarukaltindas.com\/fa\/%d8%af%d8%b1%d8%a8%d8%a7%d8%b1%d9%87-%d9%85%d8%a7\/\" \/>\n<meta property=\"og:locale\" content=\"fa_IR\" \/>\n<meta property=\"og:type\" content=\"article\" \/>\n<meta property=\"og:title\" content=\"\u062f\u0631\u0628\u0627\u0631\u0647 \u0645\u0627 - \u0645\u0634\u0627\u0648\u0631 \u0645\u0627\u0644\u06cc \u0622\u06a9\u0633\u0627\u0631\u0627\u06cc\" \/>\n<meta property=\"og:description\" content=\"[vc_row type=&#8221;in_container&#8221; full_screen_row_position=&#8221;middle&#8221; column_margin=&#8221;default&#8221; equal_height=&#8221;yes&#8221; content_placement=&#8221;middle&#8221; column_direction=&#8221;default&#8221; column_direction_tablet=&#8221;default&#8221; column_direction_phone=&#8221;default&#8221; scene_position=&#8221;center&#8221; top_margin=&#8221;30px&#8221; text_color=&#8221;dark&#8221; text_align=&#8221;left&#8221; row_border_radius=&#8221;none&#8221; row_border_radius_applies=&#8221;bg&#8221; overflow=&#8221;visible&#8221; advanced_gradient_angle=&#8221;0&#8243; overlay_strength=&#8221;0.3&#8243; gradient_direction=&#8221;left_to_right&#8221; shape_divider_position=&#8221;bottom&#8221; bg_image_animation=&#8221;none&#8221; gradient_type=&#8221;default&#8221; shape_type=&#8221;&#8221;][vc_column column_padding=&#8221;no-extra-padding&#8221; column_padding_tablet=&#8221;inherit&#8221; column_padding_phone=&#8221;inherit&#8221; column_padding_position=&#8221;all&#8221; column_element_spacing=&#8221;default&#8221; background_color_opacity=&#8221;1&#8243; background_hover_color_opacity=&#8221;1&#8243;...\" \/>\n<meta property=\"og:url\" content=\"https:\/\/ahmetfarukaltindas.com\/fa\/%d8%af%d8%b1%d8%a8%d8%a7%d8%b1%d9%87-%d9%85%d8%a7\/\" \/>\n<meta property=\"og:site_name\" content=\"Mali M\u00fc\u015favir Aksaray | Ahmet Faruk Alt\u0131nda\u015f\" \/>\n<meta property=\"article:modified_time\" content=\"2023-07-23T12:00:15+00:00\" \/>\n<meta name=\"twitter:card\" content=\"summary_large_image\" \/>\n<meta name=\"twitter:label1\" content=\"\u0632\u0645\u0627\u0646 \u062a\u0642\u0631\u06cc\u0628\u06cc \u0628\u0631\u0627\u06cc \u062e\u0648\u0627\u0646\u062f\u0646\" \/>\n\t<meta name=\"twitter:data1\" content=\"3 \u062f\u0642\u06cc\u0642\u0647\" \/>\n<!-- \/ Yoast SEO plugin. -->","yoast_head_json":{"title":"\u062f\u0631\u0628\u0627\u0631\u0647 \u0645\u0627 - \u0645\u0634\u0627\u0648\u0631 \u0645\u0627\u0644\u06cc \u0622\u06a9\u0633\u0627\u0631\u0627\u06cc","robots":{"index":"index","follow":"follow","max-snippet":"max-snippet:-1","max-image-preview":"max-image-preview:large","max-video-preview":"max-video-preview:-1"},"canonical":"https:\/\/ahmetfarukaltindas.com\/fa\/%d8%af%d8%b1%d8%a8%d8%a7%d8%b1%d9%87-%d9%85%d8%a7\/","og_locale":"fa_IR","og_type":"article","og_title":"\u062f\u0631\u0628\u0627\u0631\u0647 \u0645\u0627 - \u0645\u0634\u0627\u0648\u0631 \u0645\u0627\u0644\u06cc \u0622\u06a9\u0633\u0627\u0631\u0627\u06cc","og_description":"[vc_row type=&#8221;in_container&#8221; full_screen_row_position=&#8221;middle&#8221; column_margin=&#8221;default&#8221; equal_height=&#8221;yes&#8221; content_placement=&#8221;middle&#8221; column_direction=&#8221;default&#8221; column_direction_tablet=&#8221;default&#8221; column_direction_phone=&#8221;default&#8221; scene_position=&#8221;center&#8221; top_margin=&#8221;30px&#8221; text_color=&#8221;dark&#8221; text_align=&#8221;left&#8221; row_border_radius=&#8221;none&#8221; row_border_radius_applies=&#8221;bg&#8221; overflow=&#8221;visible&#8221; advanced_gradient_angle=&#8221;0&#8243; overlay_strength=&#8221;0.3&#8243; gradient_direction=&#8221;left_to_right&#8221; shape_divider_position=&#8221;bottom&#8221; bg_image_animation=&#8221;none&#8221; gradient_type=&#8221;default&#8221; shape_type=&#8221;&#8221;][vc_column column_padding=&#8221;no-extra-padding&#8221; column_padding_tablet=&#8221;inherit&#8221; column_padding_phone=&#8221;inherit&#8221; column_padding_position=&#8221;all&#8221; column_element_spacing=&#8221;default&#8221; background_color_opacity=&#8221;1&#8243; background_hover_color_opacity=&#8221;1&#8243;...","og_url":"https:\/\/ahmetfarukaltindas.com\/fa\/%d8%af%d8%b1%d8%a8%d8%a7%d8%b1%d9%87-%d9%85%d8%a7\/","og_site_name":"Mali M\u00fc\u015favir Aksaray | Ahmet Faruk Alt\u0131nda\u015f","article_modified_time":"2023-07-23T12:00:15+00:00","twitter_card":"summary_large_image","twitter_misc":{"\u0632\u0645\u0627\u0646 \u062a\u0642\u0631\u06cc\u0628\u06cc \u0628\u0631\u0627\u06cc \u062e\u0648\u0627\u0646\u062f\u0646":"3 \u062f\u0642\u06cc\u0642\u0647"},"schema":{"@context":"https:\/\/schema.org","@graph":[{"@type":"WebPage","@id":"https:\/\/ahmetfarukaltindas.com\/fa\/%d8%af%d8%b1%d8%a8%d8%a7%d8%b1%d9%87-%d9%85%d8%a7\/","url":"https:\/\/ahmetfarukaltindas.com\/fa\/%d8%af%d8%b1%d8%a8%d8%a7%d8%b1%d9%87-%d9%85%d8%a7\/","name":"\u062f\u0631\u0628\u0627\u0631\u0647 \u0645\u0627 - \u0645\u0634\u0627\u0648\u0631 \u0645\u0627\u0644\u06cc \u0622\u06a9\u0633\u0627\u0631\u0627\u06cc","isPartOf":{"@id":"https:\/\/ahmetfarukaltindas.com\/fa\/#website"},"datePublished":"2015-12-30T13:36:57+00:00","dateModified":"2023-07-23T12:00:15+00:00","breadcrumb":{"@id":"https:\/\/ahmetfarukaltindas.com\/fa\/%d8%af%d8%b1%d8%a8%d8%a7%d8%b1%d9%87-%d9%85%d8%a7\/#breadcrumb"},"inLanguage":"fa-IR","potentialAction":[{"@type":"ReadAction","target":["https:\/\/ahmetfarukaltindas.com\/fa\/%d8%af%d8%b1%d8%a8%d8%a7%d8%b1%d9%87-%d9%85%d8%a7\/"]}]},{"@type":"BreadcrumbList","@id":"https:\/\/ahmetfarukaltindas.com\/fa\/%d8%af%d8%b1%d8%a8%d8%a7%d8%b1%d9%87-%d9%85%d8%a7\/#breadcrumb","itemListElement":[{"@type":"ListItem","position":1,"name":"Anasayfa","item":"https:\/\/ahmetfarukaltindas.com\/fa\/home\/"},{"@type":"ListItem","position":2,"name":"\u062f\u0631\u0628\u0627\u0631\u0647 \u0645\u0627"}]},{"@type":"WebSite","@id":"https:\/\/ahmetfarukaltindas.com\/fa\/#website","url":"https:\/\/ahmetfarukaltindas.com\/fa\/","name":"Mali M\u00fc\u015favir Aksaray | Ahmet Faruk Alt\u0131nda\u015f","description":"Fatih, \u0130stanbul","potentialAction":[{"@type":"SearchAction","target":{"@type":"EntryPoint","urlTemplate":"https:\/\/ahmetfarukaltindas.com\/fa\/?s={search_term_string}"},"query-input":{"@type":"PropertyValueSpecification","valueRequired":true,"valueName":"search_term_string"}}],"inLanguage":"fa-IR"}]}},"_links":{"self":[{"href":"https:\/\/ahmetfarukaltindas.com\/fa\/wp-json\/wp\/v2\/pages\/7907","targetHints":{"allow":["GET"]}}],"collection":[{"href":"https:\/\/ahmetfarukaltindas.com\/fa\/wp-json\/wp\/v2\/pages"}],"about":[{"href":"https:\/\/ahmetfarukaltindas.com\/fa\/wp-json\/wp\/v2\/types\/page"}],"author":[{"embeddable":true,"href":"https:\/\/ahmetfarukaltindas.com\/fa\/wp-json\/wp\/v2\/users\/6"}],"replies":[{"embeddable":true,"href":"https:\/\/ahmetfarukaltindas.com\/fa\/wp-json\/wp\/v2\/comments?post=7907"}],"version-history":[{"count":0,"href":"https:\/\/ahmetfarukaltindas.com\/fa\/wp-json\/wp\/v2\/pages\/7907\/revisions"}],"wp:attachment":[{"href":"https:\/\/ahmetfarukaltindas.com\/fa\/wp-json\/wp\/v2\/media?parent=7907"}],"curies":[{"name":"wp","href":"https:\/\/api.w.org\/{rel}","templated":true}]}}