{"id":8192,"date":"2022-04-16T10:29:57","date_gmt":"2022-04-16T07:29:57","guid":{"rendered":"https:\/\/ahmetfarukaltindas.com\/iletisim\/"},"modified":"2023-07-23T15:21:11","modified_gmt":"2023-07-23T12:21:11","slug":"%d8%a7%d8%b1%d8%aa%d8%a8%d8%a7%d8%b7-%d8%a8%d8%a7-%d9%85%d8%a7","status":"publish","type":"page","link":"https:\/\/ahmetfarukaltindas.com\/fa\/%d8%a7%d8%b1%d8%aa%d8%a8%d8%a7%d8%b7-%d8%a8%d8%a7-%d9%85%d8%a7\/","title":{"rendered":"\u0627\u0631\u062a\u0628\u0627\u0637 \u0628\u0627 \u0645\u0627"},"content":{"rendered":"[vc_row type=&#8221;in_container&#8221; full_screen_row_position=&#8221;middle&#8221; column_margin=&#8221;20px&#8221; equal_height=&#8221;yes&#8221; column_direction=&#8221;default&#8221; column_direction_tablet=&#8221;default&#8221; column_direction_phone=&#8221;default&#8221; bg_color=&#8221;#ffffff&#8221; scene_position=&#8221;center&#8221; top_margin=&#8221;30px&#8221; text_color=&#8221;dark&#8221; text_align=&#8221;left&#8221; row_border_radius=&#8221;none&#8221; row_border_radius_applies=&#8221;bg&#8221; overflow=&#8221;visible&#8221; advanced_gradient_angle=&#8221;0&#8243; overlay_strength=&#8221;0.3&#8243; gradient_direction=&#8221;left_to_right&#8221; shape_divider_position=&#8221;bottom&#8221; bg_image_animation=&#8221;none&#8221; gradient_type=&#8221;default&#8221; shape_type=&#8221;&#8221;][vc_column column_padding=&#8221;padding-6-percent&#8221; column_padding_tablet=&#8221;inherit&#8221; column_padding_phone=&#8221;inherit&#8221; column_padding_position=&#8221;all&#8221; column_element_spacing=&#8221;default&#8221; background_color_opacity=&#8221;1&#8243; background_hover_color_opacity=&#8221;1&#8243; column_shadow=&#8221;none&#8221; column_border_radius=&#8221;none&#8221; column_link_target=&#8221;_self&#8221; column_position=&#8221;default&#8221; advanced_gradient_angle=&#8221;0&#8243; gradient_direction=&#8221;left_to_right&#8221; overlay_strength=&#8221;0.3&#8243; width=&#8221;2\/5&#8243; tablet_width_inherit=&#8221;default&#8221; tablet_text_alignment=&#8221;default&#8221; phone_text_alignment=&#8221;default&#8221; animation_type=&#8221;default&#8221; enable_animation=&#8221;true&#8221; animation=&#8221;fade-in-from-bottom&#8221; bg_image_animation=&#8221;none&#8221; border_type=&#8221;simple&#8221; column_border_width=&#8221;none&#8221; column_border_style=&#8221;solid&#8221; gradient_type=&#8221;default&#8221; delay=&#8221;150&#8243;][vc_column_text css_animation=&#8221;fadeIn&#8221; css=&#8221;.vc_custom_1675947344823{padding-left: 20px !important;}&#8221;]\n<div id=\"ez-toc-container\" class=\"ez-toc-v2_0_74 counter-hierarchy ez-toc-counter ez-toc-grey ez-toc-container-direction\">\n<div class=\"ez-toc-title-container\">\n<p class=\"ez-toc-title\" style=\"cursor:inherit\">Table of Contents<\/p>\n<span class=\"ez-toc-title-toggle\"><a href=\"#\" class=\"ez-toc-pull-right ez-toc-btn ez-toc-btn-xs ez-toc-btn-default ez-toc-toggle\" aria-label=\"Toggle Table of Content\"><span class=\"ez-toc-js-icon-con\"><span class=\"\"><span class=\"eztoc-hide\" style=\"display:none;\">Toggle<\/span><span class=\"ez-toc-icon-toggle-span\"><svg style=\"fill: #999;color:#999\" xmlns=\"http:\/\/www.w3.org\/2000\/svg\" class=\"list-377408\" width=\"20px\" height=\"20px\" viewBox=\"0 0 24 24\" fill=\"none\"><path d=\"M6 6H4v2h2V6zm14 0H8v2h12V6zM4 11h2v2H4v-2zm16 0H8v2h12v-2zM4 16h2v2H4v-2zm16 0H8v2h12v-2z\" fill=\"currentColor\"><\/path><\/svg><svg style=\"fill: #999;color:#999\" class=\"arrow-unsorted-368013\" xmlns=\"http:\/\/www.w3.org\/2000\/svg\" width=\"10px\" height=\"10px\" viewBox=\"0 0 24 24\" version=\"1.2\" baseProfile=\"tiny\"><path d=\"M18.2 9.3l-6.2-6.3-6.2 6.3c-.2.2-.3.4-.3.7s.1.5.3.7c.2.2.4.3.7.3h11c.3 0 .5-.1.7-.3.2-.2.3-.5.3-.7s-.1-.5-.3-.7zM5.8 14.7l6.2 6.3 6.2-6.3c.2-.2.3-.5.3-.7s-.1-.5-.3-.7c-.2-.2-.4-.3-.7-.3h-11c-.3 0-.5.1-.7.3-.2.2-.3.5-.3.7s.1.5.3.7z\"\/><\/svg><\/span><\/span><\/span><\/a><\/span><\/div>\n<nav><ul class='ez-toc-list ez-toc-list-level-1 ' ><li class='ez-toc-page-1 ez-toc-heading-level-1'><a class=\"ez-toc-link ez-toc-heading-1\" href=\"https:\/\/ahmetfarukaltindas.com\/fa\/%d8%a7%d8%b1%d8%aa%d8%a8%d8%a7%d8%b7-%d8%a8%d8%a7-%d9%85%d8%a7\/#%D8%A7%D8%B1%D8%AA%D8%A8%D8%A7%D8%B7_%D8%A8%D8%A7_%D9%85%D8%A7\" >\u0627\u0631\u062a\u0628\u0627\u0637 \u0628\u0627 \u0645\u0627<\/a><ul class='ez-toc-list-level-3' ><li class='ez-toc-heading-level-3'><ul class='ez-toc-list-level-3' ><li class='ez-toc-heading-level-3'><a class=\"ez-toc-link ez-toc-heading-2\" href=\"https:\/\/ahmetfarukaltindas.com\/fa\/%d8%a7%d8%b1%d8%aa%d8%a8%d8%a7%d8%b7-%d8%a8%d8%a7-%d9%85%d8%a7\/#%D9%81%D8%B1%D9%85_%D8%AA%D9%85%D8%A7%D8%B3\" >\u0641\u0631\u0645 \u062a\u0645\u0627\u0633<\/a><\/li><\/ul><\/li><\/ul><\/li><\/ul><\/nav><\/div>\n<h1 class=\"has-text-align-right wp-block-post-title has-extra-large-font-size\"><span class=\"ez-toc-section\" id=\"%D8%A7%D8%B1%D8%AA%D8%A8%D8%A7%D8%B7_%D8%A8%D8%A7_%D9%85%D8%A7\"><\/span>\u0627\u0631\u062a\u0628\u0627\u0637 \u0628\u0627 \u0645\u0627<span class=\"ez-toc-section-end\"><\/span><\/h1>\n<p><strong>\u0627\u062d\u0645\u062f \u0641\u0627\u0631\u0648\u06a9 \u0622\u0644\u062a\u06cc\u0646\u062f\u0627\u0633\u060c \u0645\u0634\u0627\u0648\u0631 \u0645\u0627\u0644\u06cc \u0627\u0633\u062a\u0627\u0646\u0628\u0648\u0644<\/strong><\/p>\n<p><img decoding=\"async\" class=\"alignnone size-medium wp-image-8347\" src=\"https:\/\/ahmetfarukaltindas.com\/wp-content\/uploads\/2023\/02\/afa-300x159.jpg\" alt=\"Contact\" width=\"300\" height=\"159\" srcset=\"https:\/\/ahmetfarukaltindas.b-cdn.net\/wp-content\/uploads\/2023\/02\/afa-300x159.jpg 300w, https:\/\/ahmetfarukaltindas.b-cdn.net\/wp-content\/uploads\/2023\/02\/afa.jpg 389w\" sizes=\"(max-width: 300px) 100vw, 300px\" \/><\/p>\n<div id=\"gtx-trans\" style=\"position: absolute; left: -7px; top: 106.075px;\">\n<div class=\"gtx-trans-icon\"><\/div>\n<\/div>\n[\/vc_column_text][\/vc_column][vc_column column_padding=&#8221;padding-5-percent&#8221; column_padding_tablet=&#8221;inherit&#8221; column_padding_phone=&#8221;inherit&#8221; column_padding_position=&#8221;all&#8221; column_element_spacing=&#8221;default&#8221; background_color=&#8221;#ffffff&#8221; background_color_opacity=&#8221;1&#8243; background_hover_color_opacity=&#8221;1&#8243; column_shadow=&#8221;none&#8221; column_border_radius=&#8221;none&#8221; column_link_target=&#8221;_self&#8221; column_position=&#8221;default&#8221; advanced_gradient_angle=&#8221;0&#8243; gradient_direction=&#8221;left_to_right&#8221; overlay_strength=&#8221;0.3&#8243; width=&#8221;3\/5&#8243; tablet_width_inherit=&#8221;default&#8221; tablet_text_alignment=&#8221;default&#8221; phone_text_alignment=&#8221;default&#8221; animation_type=&#8221;default&#8221; enable_animation=&#8221;true&#8221; animation=&#8221;fade-in-from-bottom&#8221; bg_image_animation=&#8221;none&#8221; border_type=&#8221;simple&#8221; column_border_width=&#8221;none&#8221; column_border_style=&#8221;solid&#8221; gradient_type=&#8221;default&#8221; delay=&#8221;300&#8243;][vc_column_text]\n<h3><span class=\"ez-toc-section\" id=\"%D9%81%D8%B1%D9%85_%D8%AA%D9%85%D8%A7%D8%B3\"><\/span>\u0641\u0631\u0645 \u062a\u0645\u0627\u0633<span class=\"ez-toc-section-end\"><\/span><\/h3>\n<p style=\"text-align: center;\">\n<div class=\"wpcf7 no-js\" id=\"wpcf7-f10106-o1\" lang=\"fa-IR\" dir=\"rtl\" data-wpcf7-id=\"10106\">\n<div class=\"screen-reader-response\"><p role=\"status\" aria-live=\"polite\" aria-atomic=\"true\"><\/p> <ul><\/ul><\/div>\n<form action=\"\/fa\/wp-json\/wp\/v2\/pages\/8192#wpcf7-f10106-o1\" method=\"post\" class=\"wpcf7-form init\" aria-label=\"\u0641\u0631\u0645 \u062a\u0645\u0627\u0633\" novalidate=\"novalidate\" data-status=\"init\">\n<div style=\"display: none;\">\n<input type=\"hidden\" name=\"_wpcf7\" value=\"10106\" \/>\n<input type=\"hidden\" name=\"_wpcf7_version\" value=\"6.0.6\" \/>\n<input type=\"hidden\" name=\"_wpcf7_locale\" value=\"fa_IR\" \/>\n<input type=\"hidden\" name=\"_wpcf7_unit_tag\" value=\"wpcf7-f10106-o1\" \/>\n<input type=\"hidden\" name=\"_wpcf7_container_post\" value=\"0\" \/>\n<input type=\"hidden\" name=\"_wpcf7_posted_data_hash\" value=\"\" \/>\n<input type=\"hidden\" name=\"_wpcf7_recaptcha_response\" value=\"\" \/>\n<\/div>\n<div class=\"content-column one_half\">\n\t<div style=\"padding:\">\n\t\t<p><label> \u0646\u0627\u0645\u060c \u0646\u0627\u0645 \u062e\u0627\u0646\u0648\u0627\u062f\u06af\u06cc \u0634\u0645\u0627<br \/>\n<span class=\"wpcf7-form-control-wrap\" data-name=\"your-name\"><input size=\"40\" maxlength=\"400\" class=\"wpcf7-form-control wpcf7-text wpcf7-validates-as-required\" aria-required=\"true\" aria-invalid=\"false\" value=\"\" type=\"text\" name=\"your-name\" \/><\/span> <\/label>\n\t\t<\/p>\n\t<\/div>\n<\/div>\n<div class=\"content-column one_half last_column\">\n\t<p><label> \u0627\u0644\u06a9\u062a\u0631\u0648\u0646\u06cc\u06a9<br \/>\n<span class=\"wpcf7-form-control-wrap\" data-name=\"your-email\"><input size=\"40\" maxlength=\"400\" class=\"wpcf7-form-control wpcf7-email wpcf7-validates-as-required wpcf7-text wpcf7-validates-as-email\" aria-required=\"true\" aria-invalid=\"false\" value=\"\" type=\"email\" name=\"your-email\" \/><\/span> <\/label>\n\t<\/p>\n<\/div>\n<div class=\"clear_column\">\n<\/div>\n<div class=\"content-column one_half\">\n\t<div style=\"padding:\">\n\t\t<p><label> \u062a\u0644\u0641\u0646<br \/>\n<span class=\"wpcf7-form-control-wrap\" data-name=\"your-tel\"><input size=\"40\" maxlength=\"400\" class=\"wpcf7-form-control wpcf7-tel wpcf7-validates-as-required wpcf7-text wpcf7-validates-as-tel\" aria-required=\"true\" aria-invalid=\"false\" value=\"\" type=\"tel\" name=\"your-tel\" \/><\/span> <\/label>\n\t\t<\/p>\n\t<\/div>\n<\/div>\n<div class=\"content-column one_half last_column\">\n\t<p><label> \u0645\u0648\u0636\u0648\u0639<br \/>\n<span class=\"wpcf7-form-control-wrap\" data-name=\"your-subject\"><input size=\"40\" maxlength=\"400\" class=\"wpcf7-form-control wpcf7-text\" aria-invalid=\"false\" value=\"\" type=\"text\" name=\"your-subject\" \/><\/span> <\/label>\n\t<\/p>\n<\/div>\n<div class=\"clear_column\">\n<\/div>\n<p><label> \u067e\u06cc\u063a\u0627\u0645 \u062a\u0648<br \/>\n<span class=\"wpcf7-form-control-wrap\" data-name=\"your-message\"><textarea cols=\"40\" rows=\"10\" maxlength=\"2000\" class=\"wpcf7-form-control wpcf7-textarea\" aria-invalid=\"false\" name=\"your-message\"><\/textarea><\/span> <\/label>\n<\/p>\n<p><input class=\"wpcf7-form-control wpcf7-submit has-spinner\" type=\"submit\" value=\"\u0627\u0631\u0633\u0627\u0644\" \/>\n<\/p><div class=\"wpcf7-response-output\" aria-hidden=\"true\"><\/div>\n<\/form>\n<\/div>\n\n<div id=\"gtx-trans\" style=\"position: absolute; left: 691px; top: 87.4062px;\">\n<div class=\"gtx-trans-icon\"><\/div>\n<\/div>\n[\/vc_column_text][\/vc_column][\/vc_row][vc_row type=&#8221;full_width_content&#8221; full_screen_row_position=&#8221;middle&#8221; column_margin=&#8221;default&#8221; column_direction=&#8221;default&#8221; column_direction_tablet=&#8221;default&#8221; column_direction_phone=&#8221;default&#8221; scene_position=&#8221;center&#8221; text_color=&#8221;dark&#8221; text_align=&#8221;left&#8221; row_border_radius=&#8221;none&#8221; row_border_radius_applies=&#8221;bg&#8221; overflow=&#8221;visible&#8221; disable_element=&#8221;yes&#8221; advanced_gradient_angle=&#8221;0&#8243; overlay_strength=&#8221;0.3&#8243; gradient_direction=&#8221;left_to_right&#8221; shape_divider_position=&#8221;bottom&#8221; bg_image_animation=&#8221;none&#8221; gradient_type=&#8221;default&#8221; shape_type=&#8221;&#8221;][vc_column column_padding=&#8221;no-extra-padding&#8221; column_padding_tablet=&#8221;inherit&#8221; column_padding_phone=&#8221;inherit&#8221; column_padding_position=&#8221;all&#8221; column_element_spacing=&#8221;default&#8221; background_color_opacity=&#8221;1&#8243; background_hover_color_opacity=&#8221;1&#8243; column_shadow=&#8221;none&#8221; column_border_radius=&#8221;none&#8221; column_link_target=&#8221;_self&#8221; column_position=&#8221;default&#8221; gradient_direction=&#8221;left_to_right&#8221; overlay_strength=&#8221;0.3&#8243; width=&#8221;1\/1&#8243; tablet_width_inherit=&#8221;default&#8221; tablet_text_alignment=&#8221;default&#8221; phone_text_alignment=&#8221;default&#8221; animation_type=&#8221;default&#8221; bg_image_animation=&#8221;none&#8221; border_type=&#8221;simple&#8221; column_border_width=&#8221;none&#8221; column_border_style=&#8221;solid&#8221;][vc_column_text]<iframe style=\"border: 0;\" src=\"https:\/\/www.google.com\/maps\/embed?pb=!1m14!1m8!1m3!1d24085.348143852283!2d28.948958!3d41.010628!3m2!1i1024!2i768!4f13.1!3m3!1m2!1s0x0%3A0x88fccb4764519430!2sAHMET%20FARUK%20ALTINDA%C5%9E!5e0!3m2!1str!2sus!4v1673385720765!5m2!1str!2sus\" width=\"100%\" height=\"550\" allowfullscreen=\"allowfullscreen\"><\/iframe>[\/vc_column_text][\/vc_column][\/vc_row][vc_row type=&#8221;in_container&#8221; full_screen_row_position=&#8221;middle&#8221; column_margin=&#8221;default&#8221; column_direction=&#8221;default&#8221; column_direction_tablet=&#8221;default&#8221; column_direction_phone=&#8221;default&#8221; scene_position=&#8221;center&#8221; text_color=&#8221;dark&#8221; text_align=&#8221;left&#8221; row_border_radius=&#8221;none&#8221; row_border_radius_applies=&#8221;bg&#8221; overflow=&#8221;visible&#8221; overlay_strength=&#8221;0.3&#8243; gradient_direction=&#8221;left_to_right&#8221; shape_divider_position=&#8221;bottom&#8221; bg_image_animation=&#8221;none&#8221;][vc_column column_padding=&#8221;no-extra-padding&#8221; column_padding_tablet=&#8221;inherit&#8221; column_padding_phone=&#8221;inherit&#8221; column_padding_position=&#8221;all&#8221; column_element_spacing=&#8221;default&#8221; background_color_opacity=&#8221;1&#8243; background_hover_color_opacity=&#8221;1&#8243; column_shadow=&#8221;none&#8221; column_border_radius=&#8221;none&#8221; column_link_target=&#8221;_self&#8221; column_position=&#8221;default&#8221; gradient_direction=&#8221;left_to_right&#8221; overlay_strength=&#8221;0.3&#8243; width=&#8221;1\/1&#8243; tablet_width_inherit=&#8221;default&#8221; tablet_text_alignment=&#8221;default&#8221; phone_text_alignment=&#8221;default&#8221; animation_type=&#8221;default&#8221; bg_image_animation=&#8221;none&#8221; border_type=&#8221;simple&#8221; column_border_width=&#8221;none&#8221; column_border_style=&#8221;solid&#8221;][image_with_animation image_url=&#8221;8117&#8243; image_size=&#8221;full&#8221; animation_type=&#8221;entrance&#8221; animation=&#8221;Fade In&#8221; hover_animation=&#8221;zoom&#8221; alignment=&#8221;center&#8221; img_link_target=&#8221;_blank&#8221; border_radius=&#8221;none&#8221; box_shadow=&#8221;none&#8221; image_loading=&#8221;default&#8221; max_width=&#8221;100%&#8221; max_width_mobile=&#8221;default&#8221; img_link=&#8221;https:\/\/goo.gl\/maps\/RaHX2FM9tZUMT3fQ7&#8243;][\/vc_column][\/vc_row]\n","protected":false},"excerpt":{"rendered":"<p>[vc_row type=&#8221;in_container&#8221; full_screen_row_position=&#8221;middle&#8221; column_margin=&#8221;20px&#8221; equal_height=&#8221;yes&#8221; column_direction=&#8221;default&#8221; column_direction_tablet=&#8221;default&#8221; column_direction_phone=&#8221;default&#8221; bg_color=&#8221;#ffffff&#8221; scene_position=&#8221;center&#8221; top_margin=&#8221;30px&#8221; text_color=&#8221;dark&#8221; text_align=&#8221;left&#8221; row_border_radius=&#8221;none&#8221; row_border_radius_applies=&#8221;bg&#8221; overflow=&#8221;visible&#8221; advanced_gradient_angle=&#8221;0&#8243; overlay_strength=&#8221;0.3&#8243; gradient_direction=&#8221;left_to_right&#8221; shape_divider_position=&#8221;bottom&#8221; bg_image_animation=&#8221;none&#8221; gradient_type=&#8221;default&#8221; shape_type=&#8221;&#8221;][vc_column column_padding=&#8221;padding-6-percent&#8221; column_padding_tablet=&#8221;inherit&#8221; column_padding_phone=&#8221;inherit&#8221; column_padding_position=&#8221;all&#8221; column_element_spacing=&#8221;default&#8221; background_color_opacity=&#8221;1&#8243; background_hover_color_opacity=&#8221;1&#8243;&#8230;<\/p>\n","protected":false},"author":6,"featured_media":0,"parent":0,"menu_order":0,"comment_status":"closed","ping_status":"closed","template":"","meta":{"footnotes":""},"class_list":["post-8192","page","type-page","status-publish"],"yoast_head":"<!-- This site is optimized with the Yoast SEO plugin v25.1 - https:\/\/yoast.com\/wordpress\/plugins\/seo\/ -->\n<title>\u0627\u0631\u062a\u0628\u0627\u0637 \u0628\u0627 \u0645\u0627 - Mali M\u00fc\u015favir Aksaray | Ahmet Faruk Alt\u0131nda\u015f<\/title>\n<meta name=\"description\" content=\"\u067e\u0644 \u0647\u0627\u06cc \u0627\u0631\u062a\u0628\u0627\u0637\u06cc \u0628\u0627 \u0634\u0631\u06a9\u062a \u0645\u0634\u0627\u0648\u0631 \u0645\u0627\u0644\u06cc \u0622\u06a9\u0633\u0627\u0631\u0627\u06cc \u0628\u0631\u0627\u06cc \u062e\u062f\u0645\u0627\u062a \u0645\u0634\u0627\u0648\u0631\u0647 \u0645\u0627\u0644\u06cc \u0648 \u062d\u0633\u0627\u0628\u062f\u0627\u0631\u06cc \u062f\u0631 \u062a\u0631\u06a9\u06cc\u0647\" \/>\n<meta name=\"robots\" content=\"index, follow, max-snippet:-1, max-image-preview:large, max-video-preview:-1\" \/>\n<link rel=\"canonical\" href=\"https:\/\/ahmetfarukaltindas.com\/fa\/%d8%a7%d8%b1%d8%aa%d8%a8%d8%a7%d8%b7-%d8%a8%d8%a7-%d9%85%d8%a7\/\" \/>\n<meta property=\"og:locale\" content=\"fa_IR\" \/>\n<meta property=\"og:type\" content=\"article\" \/>\n<meta property=\"og:title\" content=\"\u0627\u0631\u062a\u0628\u0627\u0637 \u0628\u0627 \u0645\u0627 - Mali M\u00fc\u015favir Aksaray | Ahmet Faruk Alt\u0131nda\u015f\" \/>\n<meta property=\"og:description\" content=\"\u067e\u0644 \u0647\u0627\u06cc \u0627\u0631\u062a\u0628\u0627\u0637\u06cc \u0628\u0627 \u0634\u0631\u06a9\u062a \u0645\u0634\u0627\u0648\u0631 \u0645\u0627\u0644\u06cc \u0622\u06a9\u0633\u0627\u0631\u0627\u06cc \u0628\u0631\u0627\u06cc \u062e\u062f\u0645\u0627\u062a \u0645\u0634\u0627\u0648\u0631\u0647 \u0645\u0627\u0644\u06cc \u0648 \u062d\u0633\u0627\u0628\u062f\u0627\u0631\u06cc \u062f\u0631 \u062a\u0631\u06a9\u06cc\u0647\" \/>\n<meta property=\"og:url\" content=\"https:\/\/ahmetfarukaltindas.com\/fa\/%d8%a7%d8%b1%d8%aa%d8%a8%d8%a7%d8%b7-%d8%a8%d8%a7-%d9%85%d8%a7\/\" \/>\n<meta property=\"og:site_name\" content=\"Mali M\u00fc\u015favir Aksaray | Ahmet Faruk Alt\u0131nda\u015f\" \/>\n<meta property=\"article:modified_time\" content=\"2023-07-23T12:21:11+00:00\" \/>\n<meta property=\"og:image\" content=\"https:\/\/ahmetfarukaltindas.com\/wp-content\/uploads\/2023\/02\/afa-300x159.jpg\" \/>\n<meta name=\"twitter:card\" content=\"summary_large_image\" \/>\n<meta name=\"twitter:label1\" content=\"\u0632\u0645\u0627\u0646 \u062a\u0642\u0631\u06cc\u0628\u06cc \u0628\u0631\u0627\u06cc \u062e\u0648\u0627\u0646\u062f\u0646\" \/>\n\t<meta name=\"twitter:data1\" content=\"2 \u062f\u0642\u06cc\u0642\u0647\" \/>\n<!-- \/ Yoast SEO plugin. -->","yoast_head_json":{"title":"\u0627\u0631\u062a\u0628\u0627\u0637 \u0628\u0627 \u0645\u0627 - Mali M\u00fc\u015favir Aksaray | Ahmet Faruk Alt\u0131nda\u015f","description":"\u067e\u0644 \u0647\u0627\u06cc \u0627\u0631\u062a\u0628\u0627\u0637\u06cc \u0628\u0627 \u0634\u0631\u06a9\u062a \u0645\u0634\u0627\u0648\u0631 \u0645\u0627\u0644\u06cc \u0622\u06a9\u0633\u0627\u0631\u0627\u06cc \u0628\u0631\u0627\u06cc \u062e\u062f\u0645\u0627\u062a \u0645\u0634\u0627\u0648\u0631\u0647 \u0645\u0627\u0644\u06cc \u0648 \u062d\u0633\u0627\u0628\u062f\u0627\u0631\u06cc \u062f\u0631 \u062a\u0631\u06a9\u06cc\u0647","robots":{"index":"index","follow":"follow","max-snippet":"max-snippet:-1","max-image-preview":"max-image-preview:large","max-video-preview":"max-video-preview:-1"},"canonical":"https:\/\/ahmetfarukaltindas.com\/fa\/%d8%a7%d8%b1%d8%aa%d8%a8%d8%a7%d8%b7-%d8%a8%d8%a7-%d9%85%d8%a7\/","og_locale":"fa_IR","og_type":"article","og_title":"\u0627\u0631\u062a\u0628\u0627\u0637 \u0628\u0627 \u0645\u0627 - Mali M\u00fc\u015favir Aksaray | Ahmet Faruk Alt\u0131nda\u015f","og_description":"\u067e\u0644 \u0647\u0627\u06cc \u0627\u0631\u062a\u0628\u0627\u0637\u06cc \u0628\u0627 \u0634\u0631\u06a9\u062a \u0645\u0634\u0627\u0648\u0631 \u0645\u0627\u0644\u06cc \u0622\u06a9\u0633\u0627\u0631\u0627\u06cc \u0628\u0631\u0627\u06cc \u062e\u062f\u0645\u0627\u062a \u0645\u0634\u0627\u0648\u0631\u0647 \u0645\u0627\u0644\u06cc \u0648 \u062d\u0633\u0627\u0628\u062f\u0627\u0631\u06cc \u062f\u0631 \u062a\u0631\u06a9\u06cc\u0647","og_url":"https:\/\/ahmetfarukaltindas.com\/fa\/%d8%a7%d8%b1%d8%aa%d8%a8%d8%a7%d8%b7-%d8%a8%d8%a7-%d9%85%d8%a7\/","og_site_name":"Mali M\u00fc\u015favir Aksaray | Ahmet Faruk Alt\u0131nda\u015f","article_modified_time":"2023-07-23T12:21:11+00:00","og_image":[{"url":"https:\/\/ahmetfarukaltindas.com\/wp-content\/uploads\/2023\/02\/afa-300x159.jpg","type":"","width":"","height":""}],"twitter_card":"summary_large_image","twitter_misc":{"\u0632\u0645\u0627\u0646 \u062a\u0642\u0631\u06cc\u0628\u06cc \u0628\u0631\u0627\u06cc \u062e\u0648\u0627\u0646\u062f\u0646":"2 \u062f\u0642\u06cc\u0642\u0647"},"schema":{"@context":"https:\/\/schema.org","@graph":[{"@type":"WebPage","@id":"https:\/\/ahmetfarukaltindas.com\/fa\/%d8%a7%d8%b1%d8%aa%d8%a8%d8%a7%d8%b7-%d8%a8%d8%a7-%d9%85%d8%a7\/","url":"https:\/\/ahmetfarukaltindas.com\/fa\/%d8%a7%d8%b1%d8%aa%d8%a8%d8%a7%d8%b7-%d8%a8%d8%a7-%d9%85%d8%a7\/","name":"\u0627\u0631\u062a\u0628\u0627\u0637 \u0628\u0627 \u0645\u0627 - Mali M\u00fc\u015favir Aksaray | Ahmet Faruk Alt\u0131nda\u015f","isPartOf":{"@id":"https:\/\/ahmetfarukaltindas.com\/fa\/#website"},"primaryImageOfPage":{"@id":"https:\/\/ahmetfarukaltindas.com\/fa\/%d8%a7%d8%b1%d8%aa%d8%a8%d8%a7%d8%b7-%d8%a8%d8%a7-%d9%85%d8%a7\/#primaryimage"},"image":{"@id":"https:\/\/ahmetfarukaltindas.com\/fa\/%d8%a7%d8%b1%d8%aa%d8%a8%d8%a7%d8%b7-%d8%a8%d8%a7-%d9%85%d8%a7\/#primaryimage"},"thumbnailUrl":"https:\/\/ahmetfarukaltindas.com\/wp-content\/uploads\/2023\/02\/afa-300x159.jpg","datePublished":"2022-04-16T07:29:57+00:00","dateModified":"2023-07-23T12:21:11+00:00","description":"\u067e\u0644 \u0647\u0627\u06cc \u0627\u0631\u062a\u0628\u0627\u0637\u06cc \u0628\u0627 \u0634\u0631\u06a9\u062a \u0645\u0634\u0627\u0648\u0631 \u0645\u0627\u0644\u06cc \u0622\u06a9\u0633\u0627\u0631\u0627\u06cc \u0628\u0631\u0627\u06cc \u062e\u062f\u0645\u0627\u062a \u0645\u0634\u0627\u0648\u0631\u0647 \u0645\u0627\u0644\u06cc \u0648 \u062d\u0633\u0627\u0628\u062f\u0627\u0631\u06cc \u062f\u0631 \u062a\u0631\u06a9\u06cc\u0647","breadcrumb":{"@id":"https:\/\/ahmetfarukaltindas.com\/fa\/%d8%a7%d8%b1%d8%aa%d8%a8%d8%a7%d8%b7-%d8%a8%d8%a7-%d9%85%d8%a7\/#breadcrumb"},"inLanguage":"fa-IR","potentialAction":[{"@type":"ReadAction","target":["https:\/\/ahmetfarukaltindas.com\/fa\/%d8%a7%d8%b1%d8%aa%d8%a8%d8%a7%d8%b7-%d8%a8%d8%a7-%d9%85%d8%a7\/"]}]},{"@type":"ImageObject","inLanguage":"fa-IR","@id":"https:\/\/ahmetfarukaltindas.com\/fa\/%d8%a7%d8%b1%d8%aa%d8%a8%d8%a7%d8%b7-%d8%a8%d8%a7-%d9%85%d8%a7\/#primaryimage","url":"https:\/\/ahmetfarukaltindas.com\/wp-content\/uploads\/2023\/02\/afa-300x159.jpg","contentUrl":"https:\/\/ahmetfarukaltindas.com\/wp-content\/uploads\/2023\/02\/afa-300x159.jpg"},{"@type":"BreadcrumbList","@id":"https:\/\/ahmetfarukaltindas.com\/fa\/%d8%a7%d8%b1%d8%aa%d8%a8%d8%a7%d8%b7-%d8%a8%d8%a7-%d9%85%d8%a7\/#breadcrumb","itemListElement":[{"@type":"ListItem","position":1,"name":"Anasayfa","item":"https:\/\/ahmetfarukaltindas.com\/fa\/home\/"},{"@type":"ListItem","position":2,"name":"\u0627\u0631\u062a\u0628\u0627\u0637 \u0628\u0627 \u0645\u0627"}]},{"@type":"WebSite","@id":"https:\/\/ahmetfarukaltindas.com\/fa\/#website","url":"https:\/\/ahmetfarukaltindas.com\/fa\/","name":"Mali M\u00fc\u015favir Aksaray | Ahmet Faruk Alt\u0131nda\u015f","description":"Fatih, \u0130stanbul","potentialAction":[{"@type":"SearchAction","target":{"@type":"EntryPoint","urlTemplate":"https:\/\/ahmetfarukaltindas.com\/fa\/?s={search_term_string}"},"query-input":{"@type":"PropertyValueSpecification","valueRequired":true,"valueName":"search_term_string"}}],"inLanguage":"fa-IR"}]}},"_links":{"self":[{"href":"https:\/\/ahmetfarukaltindas.com\/fa\/wp-json\/wp\/v2\/pages\/8192","targetHints":{"allow":["GET"]}}],"collection":[{"href":"https:\/\/ahmetfarukaltindas.com\/fa\/wp-json\/wp\/v2\/pages"}],"about":[{"href":"https:\/\/ahmetfarukaltindas.com\/fa\/wp-json\/wp\/v2\/types\/page"}],"author":[{"embeddable":true,"href":"https:\/\/ahmetfarukaltindas.com\/fa\/wp-json\/wp\/v2\/users\/6"}],"replies":[{"embeddable":true,"href":"https:\/\/ahmetfarukaltindas.com\/fa\/wp-json\/wp\/v2\/comments?post=8192"}],"version-history":[{"count":0,"href":"https:\/\/ahmetfarukaltindas.com\/fa\/wp-json\/wp\/v2\/pages\/8192\/revisions"}],"wp:attachment":[{"href":"https:\/\/ahmetfarukaltindas.com\/fa\/wp-json\/wp\/v2\/media?parent=8192"}],"curies":[{"name":"wp","href":"https:\/\/api.w.org\/{rel}","templated":true}]}}