{"id":8225,"date":"2023-02-01T02:40:55","date_gmt":"2023-01-31T23:40:55","guid":{"rendered":"https:\/\/ahmetfarukaltindas.com\/amerikada-sirket-kurulusu\/"},"modified":"2023-07-23T15:05:10","modified_gmt":"2023-07-23T12:05:10","slug":"%d8%aa%d8%b4%da%a9%db%8c%d9%84-%d8%b4%d8%b1%da%a9%d8%aa-%d8%af%d8%b1-%d8%a2%d9%85%d8%b1%db%8c%da%a9%d8%a7","status":"publish","type":"page","link":"https:\/\/ahmetfarukaltindas.com\/fa\/%d8%aa%d8%b4%da%a9%db%8c%d9%84-%d8%b4%d8%b1%da%a9%d8%aa-%d8%af%d8%b1-%d8%a2%d9%85%d8%b1%db%8c%da%a9%d8%a7\/","title":{"rendered":"\u062a\u0634\u06a9\u06cc\u0644 \u0634\u0631\u06a9\u062a \u062f\u0631 \u0622\u0645\u0631\u06cc\u06a9\u0627"},"content":{"rendered":"[vc_row type=&#8221;in_container&#8221; full_screen_row_position=&#8221;middle&#8221; column_margin=&#8221;default&#8221; equal_height=&#8221;yes&#8221; content_placement=&#8221;top&#8221; column_direction=&#8221;default&#8221; column_direction_tablet=&#8221;default&#8221; column_direction_phone=&#8221;default&#8221; scene_position=&#8221;center&#8221; top_margin=&#8221;30px&#8221; text_color=&#8221;dark&#8221; text_align=&#8221;right&#8221; row_border_radius=&#8221;none&#8221; row_border_radius_applies=&#8221;bg&#8221; overflow=&#8221;visible&#8221; advanced_gradient_angle=&#8221;0&#8243; overlay_strength=&#8221;0.3&#8243; gradient_direction=&#8221;left_to_right&#8221; shape_divider_position=&#8221;bottom&#8221; bg_image_animation=&#8221;none&#8221; gradient_type=&#8221;default&#8221; shape_type=&#8221;&#8221;][vc_column column_padding=&#8221;no-extra-padding&#8221; column_padding_tablet=&#8221;inherit&#8221; column_padding_phone=&#8221;inherit&#8221; column_padding_position=&#8221;all&#8221; column_element_spacing=&#8221;default&#8221; background_color_opacity=&#8221;1&#8243; background_hover_color_opacity=&#8221;1&#8243; column_shadow=&#8221;none&#8221; column_border_radius=&#8221;none&#8221; column_link_target=&#8221;_self&#8221; column_position=&#8221;default&#8221; advanced_gradient_angle=&#8221;0&#8243; gradient_direction=&#8221;left_to_right&#8221; overlay_strength=&#8221;0.3&#8243; width=&#8221;1\/2&#8243; tablet_width_inherit=&#8221;default&#8221; tablet_text_alignment=&#8221;default&#8221; phone_text_alignment=&#8221;default&#8221; animation_type=&#8221;default&#8221; enable_animation=&#8221;true&#8221; animation=&#8221;fade-in-from-bottom&#8221; bg_image_animation=&#8221;none&#8221; border_type=&#8221;simple&#8221; column_border_width=&#8221;none&#8221; column_border_style=&#8221;solid&#8221; gradient_type=&#8221;default&#8221;][image_with_animation image_url=&#8221;8109&#8243; image_size=&#8221;full&#8221; animation_type=&#8221;entrance&#8221; animation=&#8221;Fade In&#8221; hover_animation=&#8221;none&#8221; alignment=&#8221;center&#8221; border_radius=&#8221;none&#8221; box_shadow=&#8221;none&#8221; image_loading=&#8221;default&#8221; max_width=&#8221;100%&#8221; max_width_mobile=&#8221;default&#8221;][\/vc_column][vc_column column_padding=&#8221;padding-5-percent&#8221; column_padding_tablet=&#8221;inherit&#8221; column_padding_phone=&#8221;inherit&#8221; column_padding_position=&#8221;all&#8221; column_element_spacing=&#8221;default&#8221; background_color=&#8221;#ffffff&#8221; background_color_opacity=&#8221;1&#8243; background_hover_color_opacity=&#8221;1&#8243; column_shadow=&#8221;none&#8221; column_border_radius=&#8221;none&#8221; column_link_target=&#8221;_self&#8221; column_position=&#8221;default&#8221; advanced_gradient_angle=&#8221;0&#8243; gradient_direction=&#8221;left_to_right&#8221; overlay_strength=&#8221;0.3&#8243; width=&#8221;1\/2&#8243; tablet_width_inherit=&#8221;default&#8221; tablet_text_alignment=&#8221;default&#8221; phone_text_alignment=&#8221;default&#8221; animation_type=&#8221;default&#8221; enable_animation=&#8221;true&#8221; animation=&#8221;fade-in-from-bottom&#8221; bg_image_animation=&#8221;none&#8221; border_type=&#8221;simple&#8221; column_border_width=&#8221;none&#8221; column_border_style=&#8221;solid&#8221; gradient_type=&#8221;default&#8221; delay=&#8221;300&#8243;][vc_column_text]\n<h2>\u062a\u0634\u06a9\u06cc\u0644 \u0634\u0631\u06a9\u062a \u062f\u0631 \u0622\u0645\u0631\u06cc\u06a9\u0627<\/h2>\n<p>\u0645\u0627 \u0645\u0631\u0627\u062d\u0644 \u0632\u06cc\u0631 \u0631\u0627 \u0628\u0631\u0627\u06cc \u0627\u06cc\u062c\u0627\u062f \u06cc\u06a9 \u0634\u0631\u06a9\u062a \u0627\u0632 \u0637\u0631\u0641 \u0634\u0645\u0627 \u062f\u0631 \u0622\u0645\u0631\u06cc\u06a9\u0627 \u062f\u0646\u0628\u0627\u0644 \u0645\u06cc \u06a9\u0646\u06cc\u0645:<\/p>\n<p>\u0627\u0646\u062a\u062e\u0627\u0628 \u0646\u0648\u0639 \u0634\u0631\u06a9\u062a: \u0627\u0646\u0648\u0627\u0639 \u0645\u062e\u062a\u0644\u0641\u06cc \u0627\u0632 \u0634\u0631\u06a9\u062a \u0647\u0627 \u0645\u0627\u0646\u0646\u062f LLC\u060c S-Corp\u060c C-Corp \u0648\u062c\u0648\u062f \u062f\u0627\u0631\u062f \u0648 \u0645\u0627 \u0628\u0627\u06cc\u062f \u062a\u0639\u06cc\u06cc\u0646 \u06a9\u0646\u06cc\u0645 \u06a9\u0647 \u06a9\u062f\u0627\u0645 \u06cc\u06a9 \u0628\u0631\u0627\u06cc \u0634\u0645\u0627 \u0645\u0646\u0627\u0633\u0628 \u062a\u0631 \u0627\u0633\u062a.<\/p>\n<p>\u062a\u0639\u06cc\u06cc\u0646 \u0646\u0627\u0645 \u0634\u0631\u06a9\u062a: \u0628\u0631\u0631\u0633\u06cc \u0645\u06cc \u06a9\u0646\u06cc\u0645 \u06a9\u0647 \u0622\u06cc\u0627 \u0646\u0627\u0645 \u0634\u0631\u06a9\u062a \u0648\u062c\u0648\u062f \u062f\u0627\u0631\u062f \u06cc\u0627 \u062e\u06cc\u0631 \u0648 \u062f\u0631 \u0635\u0648\u0631\u062a \u0644\u0632\u0648\u0645 \u0622\u0646 \u0631\u0627 \u062b\u0628\u062a \u0645\u06cc \u06a9\u0646\u06cc\u0645.<\/p>\n<p>\u0648\u06cc\u0631\u0627\u06cc\u0634 \u0627\u0633\u0627\u0633\u0646\u0627\u0645\u0647: \u0627\u06cc\u0646 \u0633\u0646\u062f \u0628\u0631\u0627\u06cc \u062a\u0623\u06cc\u06cc\u062f \u0634\u0631\u06a9\u062a \u0634\u0645\u0627 \u0636\u0631\u0648\u0631\u06cc \u0627\u0633\u062a \u0648 \u0634\u0627\u0645\u0644 \u0627\u0637\u0644\u0627\u0639\u0627\u062a\u06cc \u062f\u0631 \u0645\u0648\u0631\u062f \u0633\u0627\u062e\u062a\u0627\u0631 \u0634\u0631\u06a9\u062a\u060c \u0627\u0647\u062f\u0627\u0641\u060c \u0633\u0647\u0627\u0645\u062f\u0627\u0631\u0627\u0646 \u0648 \u063a\u06cc\u0631\u0647 \u0627\u0633\u062a \u06a9\u0647 \u0628\u0627\u06cc\u062f \u062d\u0627\u0648\u06cc \u0627\u0637\u0644\u0627\u0639\u0627\u062a\u06cc \u062f\u0631 \u0645\u0648\u0631\u062f \u0634\u0631\u06a9\u062a \u0628\u0627\u0634\u062f.<\/p>\n<p>\u062b\u0628\u062a \u0646\u0627\u0645 \u062f\u0631 \u0633\u06cc\u0633\u062a\u0645 \u0645\u0627\u0644\u06cc\u0627\u062a\u06cc \u0641\u062f\u0631\u0627\u0644 \u0648 \u0627\u06cc\u0627\u0644\u062a\u06cc: \u062f\u0631\u06cc\u0627\u0641\u062a \u0634\u0645\u0627\u0631\u0647 \u0645\u0627\u0644\u06cc\u0627\u062a \u0634\u0631\u06a9\u062a \u0648 \u067e\u0631\u062f\u0627\u062e\u062a \u0645\u0627\u0644\u06cc\u0627\u062a \u0645\u0648\u0631\u062f \u0646\u06cc\u0627\u0632.<\/p>\n<p>\u0627\u062e\u0630 \u062c\u0648\u0627\u0632 \u06a9\u0633\u0628: \u0645\u0645\u06a9\u0646 \u0627\u0633\u062a \u0628\u0633\u062a\u0647 \u0628\u0647 \u0645\u0646\u0637\u0642\u0647 \u0648 \u0628\u062e\u0634\u06cc \u06a9\u0647 \u0645\u06cc \u062a\u0648\u0627\u0646 \u062f\u0631 \u0622\u0646 \u0641\u0639\u0627\u0644\u06cc\u062a \u062a\u062c\u0627\u0631\u06cc \u0627\u0646\u062c\u0627\u0645 \u062f\u0627\u062f\u060c \u0645\u062c\u0648\u0632 \u06a9\u0633\u0628 \u0648 \u06a9\u0627\u0631 \u062f\u0631\u06cc\u0627\u0641\u062a \u06a9\u0631\u062f.<\/p>\n<p>\u062c\u0632\u0626\u06cc\u0627\u062a \u0631\u0648\u06cc\u0647 \u0647\u0627\u06cc \u062a\u0634\u06a9\u06cc\u0644 \u0634\u0631\u06a9\u062a \u062f\u0631 \u0627\u06cc\u0627\u0644\u0627\u062a \u0645\u062a\u062d\u062f\u0647 \u0645\u0645\u06a9\u0646 \u0627\u0633\u062a \u062f\u0631 \u0627\u06cc\u0627\u0644\u062a \u0647\u0627\u06cc \u0645\u062e\u062a\u0644\u0641 \u0645\u062a\u0641\u0627\u0648\u062a \u0628\u0627\u0634\u062f. \u062f\u0641\u062a\u0631 \u0645\u0634\u0627\u0648\u0631\u0647 \u0645\u0627\u0644\u06cc \u0627\u062d\u0645\u062f \u0641\u0627\u0631\u0648\u06a9 \u0622\u0644\u062a\u06cc\u0646\u062f\u0627\u0634 \u062f\u0631 \u0627\u06cc\u0646 \u0632\u0645\u06cc\u0646\u0647 \u0628\u0647 \u0634\u0645\u0627 \u06a9\u0645\u06a9 \u0645\u06cc \u06a9\u0646\u062f. \u0644\u0637\u0641\u0627 \u0628\u0627 \u067e\u0631 \u06a9\u0631\u062f\u0646 \u0641\u0631\u0645 \u062f\u0631\u062e\u0648\u0627\u0633\u062a \u0628\u0627 \u0645\u0627 \u062a\u0645\u0627\u0633 \u0628\u06af\u06cc\u0631\u06cc\u062f.[\/vc_column_text][divider line_type=&#8221;No Line&#8221; custom_height=&#8221;30px&#8221;][nectar_btn size=&#8221;large&#8221; button_style=&#8221;see-through-2&#8243; color_override=&#8221;#000000&#8243; hover_color_override=&#8221;#dcc457&#8243; hover_text_color_override=&#8221;#ffffff&#8221; icon_family=&#8221;default_arrow&#8221; text=&#8221;\u0641\u0631\u0645 \u062f\u0631\u062e\u0648\u0627\u0633\u062a&#8221; url=&#8221;\/fa\/\u0641\u0631\u0645-\u062f\u0631\u062e\u0648\u0627\u0633\u062a\/&#8221; css_animation=&#8221;bounceInRight&#8221;][\/vc_column][\/vc_row][vc_row type=&#8221;in_container&#8221; full_screen_row_position=&#8221;middle&#8221; column_margin=&#8221;default&#8221; column_direction=&#8221;default&#8221; column_direction_tablet=&#8221;default&#8221; column_direction_phone=&#8221;default&#8221; scene_position=&#8221;center&#8221; text_color=&#8221;dark&#8221; text_align=&#8221;left&#8221; row_border_radius=&#8221;none&#8221; row_border_radius_applies=&#8221;bg&#8221; overflow=&#8221;visible&#8221; overlay_strength=&#8221;0.3&#8243; gradient_direction=&#8221;left_to_right&#8221; shape_divider_position=&#8221;bottom&#8221; bg_image_animation=&#8221;none&#8221; size=&#8221;large&#8221; open_new_tab=&#8221;&#8221; button_style=&#8221;see-through-2&#8243; button_color=&#8221;Accent-Color&#8221; button_color_2=&#8221;Accent-Color&#8221; color_override=&#8221;#c56555&#8243; solid_text_color_override=&#8221;&#8221; hover_color_override=&#8221;&#8221; hover_text_color_override=&#8221;#ffffff&#8221; icon_family=&#8221;default_arrow&#8221; nofollow=&#8221;&#8221; el_class=&#8221;&#8221; button_id=&#8221;&#8221; url=&#8221;\/free-consultation\/&#8221; text=&#8221;Free ConsultatIon&#8221; margin_top=&#8221;30&#8243; margin_bottom=&#8221;&#8221; margin_left=&#8221;&#8221; margin_right=&#8221;&#8221; css_animation=&#8221;&#8221; icon_fontawesome=&#8221;&#8221; icon_iconsmind=&#8221;&#8221; icon_linecons=&#8221;&#8221; icon_steadysets=&#8221;&#8221;][vc_column column_padding=&#8221;no-extra-padding&#8221; column_padding_tablet=&#8221;inherit&#8221; column_padding_phone=&#8221;inherit&#8221; column_padding_position=&#8221;all&#8221; column_element_spacing=&#8221;default&#8221; centered_text=&#8221;true&#8221; background_color_opacity=&#8221;1&#8243; background_hover_color_opacity=&#8221;1&#8243; column_shadow=&#8221;none&#8221; column_border_radius=&#8221;none&#8221; column_link_target=&#8221;_self&#8221; column_position=&#8221;default&#8221; advanced_gradient_angle=&#8221;0&#8243; gradient_direction=&#8221;left_to_right&#8221; overlay_strength=&#8221;0.3&#8243; width=&#8221;1\/1&#8243; tablet_width_inherit=&#8221;default&#8221; tablet_text_alignment=&#8221;default&#8221; phone_text_alignment=&#8221;default&#8221; animation_type=&#8221;default&#8221; bg_image_animation=&#8221;none&#8221; border_type=&#8221;simple&#8221; column_border_width=&#8221;none&#8221; column_border_style=&#8221;solid&#8221; gradient_type=&#8221;default&#8221;][nectar_btn size=&#8221;large&#8221; button_style=&#8221;see-through-2&#8243; color_override=&#8221;#dcc457&#8243; hover_text_color_override=&#8221;#ffffff&#8221; icon_family=&#8221;default_arrow&#8221; url=&#8221;\/fa\/\u0627\u0631\u062a\u0628\u0627\u0637-\u0628\u0627-\u0645\u0627\/&#8221; text=&#8221;\u0628\u0627 \u0645\u0627 \u062a\u0645\u0627\u0633 \u0628\u06af\u06cc\u0631\u06cc\u062f&#8221; margin_top=&#8221;30&#8243;][\/vc_column][\/vc_row]\n","protected":false},"excerpt":{"rendered":"<p>[vc_row type=&#8221;in_container&#8221; full_screen_row_position=&#8221;middle&#8221; column_margin=&#8221;default&#8221; equal_height=&#8221;yes&#8221; content_placement=&#8221;top&#8221; column_direction=&#8221;default&#8221; column_direction_tablet=&#8221;default&#8221; column_direction_phone=&#8221;default&#8221; scene_position=&#8221;center&#8221; top_margin=&#8221;30px&#8221; text_color=&#8221;dark&#8221; text_align=&#8221;right&#8221; row_border_radius=&#8221;none&#8221; row_border_radius_applies=&#8221;bg&#8221; overflow=&#8221;visible&#8221; advanced_gradient_angle=&#8221;0&#8243; overlay_strength=&#8221;0.3&#8243; gradient_direction=&#8221;left_to_right&#8221; shape_divider_position=&#8221;bottom&#8221; bg_image_animation=&#8221;none&#8221; gradient_type=&#8221;default&#8221; shape_type=&#8221;&#8221;][vc_column column_padding=&#8221;no-extra-padding&#8221; column_padding_tablet=&#8221;inherit&#8221; column_padding_phone=&#8221;inherit&#8221; column_padding_position=&#8221;all&#8221; column_element_spacing=&#8221;default&#8221; background_color_opacity=&#8221;1&#8243; background_hover_color_opacity=&#8221;1&#8243;&#8230;<\/p>\n","protected":false},"author":8,"featured_media":0,"parent":0,"menu_order":0,"comment_status":"closed","ping_status":"closed","template":"","meta":{"footnotes":""},"class_list":["post-8225","page","type-page","status-publish"],"yoast_head":"<!-- This site is optimized with the Yoast SEO plugin v25.1 - https:\/\/yoast.com\/wordpress\/plugins\/seo\/ -->\n<title>\u062a\u0634\u06a9\u06cc\u0644 \u0634\u0631\u06a9\u062a \u062f\u0631 \u0622\u0645\u0631\u06cc\u06a9\u0627 - \u0645\u0634\u0627\u0648\u0631 \u0645\u0627\u0644\u06cc \u0622\u06a9\u0633\u0627\u0631\u0627\u06cc<\/title>\n<meta name=\"description\" content=\"\u062a\u0634\u06a9\u06cc\u0644 \u0634\u0631\u06a9\u062a \u062f\u0631 \u0622\u0645\u0631\u06cc\u06a9\u0627 \u06cc\u06a9\u06cc \u0627\u0632 \u062e\u062f\u0645\u0627\u062a \u0645\u0634\u0627\u0648\u0631 \u0645\u0627\u0644\u06cc \u0622\u06a9\u0633\u0627\u0631\u0627\u06cc \u062f\u0631 \u062a\u0631\u06a9\u06cc\u0647 \u0645\u06cc\u0628\u0627\u0634\u062f \u0628\u0631\u0627\u06cc \u0645\u0634\u0627\u0648\u0631\u0647 \u0648 \u062a\u0645\u0627\u0633 \u0628\u0627 \u0645\u0627 \u062f\u0631 \u0627\u0631\u062a\u0628\u0627\u0637 \u0628\u0627\u0634\u06cc\u062f.\" \/>\n<meta name=\"robots\" content=\"index, follow, max-snippet:-1, max-image-preview:large, max-video-preview:-1\" \/>\n<link rel=\"canonical\" href=\"https:\/\/ahmetfarukaltindas.com\/fa\/%d8%aa%d8%b4%da%a9%db%8c%d9%84-%d8%b4%d8%b1%da%a9%d8%aa-%d8%af%d8%b1-%d8%a2%d9%85%d8%b1%db%8c%da%a9%d8%a7\/\" \/>\n<meta property=\"og:locale\" content=\"fa_IR\" \/>\n<meta property=\"og:type\" content=\"article\" \/>\n<meta property=\"og:title\" content=\"\u062a\u0634\u06a9\u06cc\u0644 \u0634\u0631\u06a9\u062a \u062f\u0631 \u0622\u0645\u0631\u06cc\u06a9\u0627 - \u0645\u0634\u0627\u0648\u0631 \u0645\u0627\u0644\u06cc \u0622\u06a9\u0633\u0627\u0631\u0627\u06cc\" \/>\n<meta property=\"og:description\" content=\"\u062a\u0634\u06a9\u06cc\u0644 \u0634\u0631\u06a9\u062a \u062f\u0631 \u0622\u0645\u0631\u06cc\u06a9\u0627 \u06cc\u06a9\u06cc \u0627\u0632 \u062e\u062f\u0645\u0627\u062a \u0645\u0634\u0627\u0648\u0631 \u0645\u0627\u0644\u06cc \u0622\u06a9\u0633\u0627\u0631\u0627\u06cc \u062f\u0631 \u062a\u0631\u06a9\u06cc\u0647 \u0645\u06cc\u0628\u0627\u0634\u062f \u0628\u0631\u0627\u06cc \u0645\u0634\u0627\u0648\u0631\u0647 \u0648 \u062a\u0645\u0627\u0633 \u0628\u0627 \u0645\u0627 \u062f\u0631 \u0627\u0631\u062a\u0628\u0627\u0637 \u0628\u0627\u0634\u06cc\u062f.\" \/>\n<meta property=\"og:url\" content=\"https:\/\/ahmetfarukaltindas.com\/fa\/%d8%aa%d8%b4%da%a9%db%8c%d9%84-%d8%b4%d8%b1%da%a9%d8%aa-%d8%af%d8%b1-%d8%a2%d9%85%d8%b1%db%8c%da%a9%d8%a7\/\" \/>\n<meta property=\"og:site_name\" content=\"Mali M\u00fc\u015favir Aksaray | Ahmet Faruk Alt\u0131nda\u015f\" \/>\n<meta property=\"article:modified_time\" content=\"2023-07-23T12:05:10+00:00\" \/>\n<meta name=\"twitter:card\" content=\"summary_large_image\" \/>\n<meta name=\"twitter:label1\" content=\"\u0632\u0645\u0627\u0646 \u062a\u0642\u0631\u06cc\u0628\u06cc \u0628\u0631\u0627\u06cc \u062e\u0648\u0627\u0646\u062f\u0646\" \/>\n\t<meta name=\"twitter:data1\" content=\"3 \u062f\u0642\u06cc\u0642\u0647\" \/>\n<!-- \/ Yoast SEO plugin. -->","yoast_head_json":{"title":"\u062a\u0634\u06a9\u06cc\u0644 \u0634\u0631\u06a9\u062a \u062f\u0631 \u0622\u0645\u0631\u06cc\u06a9\u0627 - \u0645\u0634\u0627\u0648\u0631 \u0645\u0627\u0644\u06cc \u0622\u06a9\u0633\u0627\u0631\u0627\u06cc","description":"\u062a\u0634\u06a9\u06cc\u0644 \u0634\u0631\u06a9\u062a \u062f\u0631 \u0622\u0645\u0631\u06cc\u06a9\u0627 \u06cc\u06a9\u06cc \u0627\u0632 \u062e\u062f\u0645\u0627\u062a \u0645\u0634\u0627\u0648\u0631 \u0645\u0627\u0644\u06cc \u0622\u06a9\u0633\u0627\u0631\u0627\u06cc \u062f\u0631 \u062a\u0631\u06a9\u06cc\u0647 \u0645\u06cc\u0628\u0627\u0634\u062f \u0628\u0631\u0627\u06cc \u0645\u0634\u0627\u0648\u0631\u0647 \u0648 \u062a\u0645\u0627\u0633 \u0628\u0627 \u0645\u0627 \u062f\u0631 \u0627\u0631\u062a\u0628\u0627\u0637 \u0628\u0627\u0634\u06cc\u062f.","robots":{"index":"index","follow":"follow","max-snippet":"max-snippet:-1","max-image-preview":"max-image-preview:large","max-video-preview":"max-video-preview:-1"},"canonical":"https:\/\/ahmetfarukaltindas.com\/fa\/%d8%aa%d8%b4%da%a9%db%8c%d9%84-%d8%b4%d8%b1%da%a9%d8%aa-%d8%af%d8%b1-%d8%a2%d9%85%d8%b1%db%8c%da%a9%d8%a7\/","og_locale":"fa_IR","og_type":"article","og_title":"\u062a\u0634\u06a9\u06cc\u0644 \u0634\u0631\u06a9\u062a \u062f\u0631 \u0622\u0645\u0631\u06cc\u06a9\u0627 - \u0645\u0634\u0627\u0648\u0631 \u0645\u0627\u0644\u06cc \u0622\u06a9\u0633\u0627\u0631\u0627\u06cc","og_description":"\u062a\u0634\u06a9\u06cc\u0644 \u0634\u0631\u06a9\u062a \u062f\u0631 \u0622\u0645\u0631\u06cc\u06a9\u0627 \u06cc\u06a9\u06cc \u0627\u0632 \u062e\u062f\u0645\u0627\u062a \u0645\u0634\u0627\u0648\u0631 \u0645\u0627\u0644\u06cc \u0622\u06a9\u0633\u0627\u0631\u0627\u06cc \u062f\u0631 \u062a\u0631\u06a9\u06cc\u0647 \u0645\u06cc\u0628\u0627\u0634\u062f \u0628\u0631\u0627\u06cc \u0645\u0634\u0627\u0648\u0631\u0647 \u0648 \u062a\u0645\u0627\u0633 \u0628\u0627 \u0645\u0627 \u062f\u0631 \u0627\u0631\u062a\u0628\u0627\u0637 \u0628\u0627\u0634\u06cc\u062f.","og_url":"https:\/\/ahmetfarukaltindas.com\/fa\/%d8%aa%d8%b4%da%a9%db%8c%d9%84-%d8%b4%d8%b1%da%a9%d8%aa-%d8%af%d8%b1-%d8%a2%d9%85%d8%b1%db%8c%da%a9%d8%a7\/","og_site_name":"Mali M\u00fc\u015favir Aksaray | Ahmet Faruk Alt\u0131nda\u015f","article_modified_time":"2023-07-23T12:05:10+00:00","twitter_card":"summary_large_image","twitter_misc":{"\u0632\u0645\u0627\u0646 \u062a\u0642\u0631\u06cc\u0628\u06cc \u0628\u0631\u0627\u06cc \u062e\u0648\u0627\u0646\u062f\u0646":"3 \u062f\u0642\u06cc\u0642\u0647"},"schema":{"@context":"https:\/\/schema.org","@graph":[{"@type":"WebPage","@id":"https:\/\/ahmetfarukaltindas.com\/fa\/%d8%aa%d8%b4%da%a9%db%8c%d9%84-%d8%b4%d8%b1%da%a9%d8%aa-%d8%af%d8%b1-%d8%a2%d9%85%d8%b1%db%8c%da%a9%d8%a7\/","url":"https:\/\/ahmetfarukaltindas.com\/fa\/%d8%aa%d8%b4%da%a9%db%8c%d9%84-%d8%b4%d8%b1%da%a9%d8%aa-%d8%af%d8%b1-%d8%a2%d9%85%d8%b1%db%8c%da%a9%d8%a7\/","name":"\u062a\u0634\u06a9\u06cc\u0644 \u0634\u0631\u06a9\u062a \u062f\u0631 \u0622\u0645\u0631\u06cc\u06a9\u0627 - \u0645\u0634\u0627\u0648\u0631 \u0645\u0627\u0644\u06cc \u0622\u06a9\u0633\u0627\u0631\u0627\u06cc","isPartOf":{"@id":"https:\/\/ahmetfarukaltindas.com\/fa\/#website"},"datePublished":"2023-01-31T23:40:55+00:00","dateModified":"2023-07-23T12:05:10+00:00","description":"\u062a\u0634\u06a9\u06cc\u0644 \u0634\u0631\u06a9\u062a \u062f\u0631 \u0622\u0645\u0631\u06cc\u06a9\u0627 \u06cc\u06a9\u06cc \u0627\u0632 \u062e\u062f\u0645\u0627\u062a \u0645\u0634\u0627\u0648\u0631 \u0645\u0627\u0644\u06cc \u0622\u06a9\u0633\u0627\u0631\u0627\u06cc \u062f\u0631 \u062a\u0631\u06a9\u06cc\u0647 \u0645\u06cc\u0628\u0627\u0634\u062f \u0628\u0631\u0627\u06cc \u0645\u0634\u0627\u0648\u0631\u0647 \u0648 \u062a\u0645\u0627\u0633 \u0628\u0627 \u0645\u0627 \u062f\u0631 \u0627\u0631\u062a\u0628\u0627\u0637 \u0628\u0627\u0634\u06cc\u062f.","breadcrumb":{"@id":"https:\/\/ahmetfarukaltindas.com\/fa\/%d8%aa%d8%b4%da%a9%db%8c%d9%84-%d8%b4%d8%b1%da%a9%d8%aa-%d8%af%d8%b1-%d8%a2%d9%85%d8%b1%db%8c%da%a9%d8%a7\/#breadcrumb"},"inLanguage":"fa-IR","potentialAction":[{"@type":"ReadAction","target":["https:\/\/ahmetfarukaltindas.com\/fa\/%d8%aa%d8%b4%da%a9%db%8c%d9%84-%d8%b4%d8%b1%da%a9%d8%aa-%d8%af%d8%b1-%d8%a2%d9%85%d8%b1%db%8c%da%a9%d8%a7\/"]}]},{"@type":"BreadcrumbList","@id":"https:\/\/ahmetfarukaltindas.com\/fa\/%d8%aa%d8%b4%da%a9%db%8c%d9%84-%d8%b4%d8%b1%da%a9%d8%aa-%d8%af%d8%b1-%d8%a2%d9%85%d8%b1%db%8c%da%a9%d8%a7\/#breadcrumb","itemListElement":[{"@type":"ListItem","position":1,"name":"Anasayfa","item":"https:\/\/ahmetfarukaltindas.com\/fa\/home\/"},{"@type":"ListItem","position":2,"name":"\u062a\u0634\u06a9\u06cc\u0644 \u0634\u0631\u06a9\u062a \u062f\u0631 \u0622\u0645\u0631\u06cc\u06a9\u0627"}]},{"@type":"WebSite","@id":"https:\/\/ahmetfarukaltindas.com\/fa\/#website","url":"https:\/\/ahmetfarukaltindas.com\/fa\/","name":"Mali M\u00fc\u015favir Aksaray | Ahmet Faruk Alt\u0131nda\u015f","description":"Fatih, \u0130stanbul","potentialAction":[{"@type":"SearchAction","target":{"@type":"EntryPoint","urlTemplate":"https:\/\/ahmetfarukaltindas.com\/fa\/?s={search_term_string}"},"query-input":{"@type":"PropertyValueSpecification","valueRequired":true,"valueName":"search_term_string"}}],"inLanguage":"fa-IR"}]}},"_links":{"self":[{"href":"https:\/\/ahmetfarukaltindas.com\/fa\/wp-json\/wp\/v2\/pages\/8225","targetHints":{"allow":["GET"]}}],"collection":[{"href":"https:\/\/ahmetfarukaltindas.com\/fa\/wp-json\/wp\/v2\/pages"}],"about":[{"href":"https:\/\/ahmetfarukaltindas.com\/fa\/wp-json\/wp\/v2\/types\/page"}],"author":[{"embeddable":true,"href":"https:\/\/ahmetfarukaltindas.com\/fa\/wp-json\/wp\/v2\/users\/8"}],"replies":[{"embeddable":true,"href":"https:\/\/ahmetfarukaltindas.com\/fa\/wp-json\/wp\/v2\/comments?post=8225"}],"version-history":[{"count":0,"href":"https:\/\/ahmetfarukaltindas.com\/fa\/wp-json\/wp\/v2\/pages\/8225\/revisions"}],"wp:attachment":[{"href":"https:\/\/ahmetfarukaltindas.com\/fa\/wp-json\/wp\/v2\/media?parent=8225"}],"curies":[{"name":"wp","href":"https:\/\/api.w.org\/{rel}","templated":true}]}}