{"id":9885,"date":"2023-02-01T04:05:08","date_gmt":"2023-02-01T01:05:08","guid":{"rendered":"https:\/\/ahmetfarukaltindas.com\/%d8%b3%d8%a4%d8%a7%d9%84%d8%a7%d8%aa-%d9%85%d8%aa%d8%af%d8%a7%d9%88%d9%84\/"},"modified":"2024-01-29T01:27:49","modified_gmt":"2024-01-28T22:27:49","slug":"%d8%b3%d8%a4%d8%a7%d9%84%d8%a7%d8%aa-%d9%85%d8%aa%d8%af%d8%a7%d9%88%d9%84","status":"publish","type":"page","link":"https:\/\/ahmetfarukaltindas.com\/fa\/%d8%b3%d8%a4%d8%a7%d9%84%d8%a7%d8%aa-%d9%85%d8%aa%d8%af%d8%a7%d9%88%d9%84\/","title":{"rendered":"\u0633\u0624\u0627\u0644\u0627\u062a \u0645\u062a\u062f\u0627\u0648\u0644"},"content":{"rendered":"[vc_row type=&#8221;in_container&#8221; full_screen_row_position=&#8221;middle&#8221; column_margin=&#8221;default&#8221; equal_height=&#8221;yes&#8221; content_placement=&#8221;middle&#8221; column_direction=&#8221;default&#8221; column_direction_tablet=&#8221;default&#8221; column_direction_phone=&#8221;default&#8221; scene_position=&#8221;center&#8221; top_margin=&#8221;30px&#8221; text_color=&#8221;dark&#8221; text_align=&#8221;left&#8221; row_border_radius=&#8221;none&#8221; row_border_radius_applies=&#8221;bg&#8221; overflow=&#8221;visible&#8221; advanced_gradient_angle=&#8221;0&#8243; overlay_strength=&#8221;0.3&#8243; gradient_direction=&#8221;left_to_right&#8221; shape_divider_position=&#8221;bottom&#8221; bg_image_animation=&#8221;none&#8221; gradient_type=&#8221;default&#8221; shape_type=&#8221;&#8221;][vc_column column_padding=&#8221;no-extra-padding&#8221; column_padding_tablet=&#8221;inherit&#8221; column_padding_phone=&#8221;inherit&#8221; column_padding_position=&#8221;all&#8221; column_element_spacing=&#8221;default&#8221; background_color_opacity=&#8221;1&#8243; background_hover_color_opacity=&#8221;1&#8243; column_shadow=&#8221;none&#8221; column_border_radius=&#8221;none&#8221; column_link_target=&#8221;_self&#8221; column_position=&#8221;default&#8221; advanced_gradient_angle=&#8221;0&#8243; gradient_direction=&#8221;left_to_right&#8221; overlay_strength=&#8221;0.3&#8243; width=&#8221;1\/2&#8243; tablet_width_inherit=&#8221;default&#8221; tablet_text_alignment=&#8221;default&#8221; phone_text_alignment=&#8221;default&#8221; animation_type=&#8221;default&#8221; enable_animation=&#8221;true&#8221; animation=&#8221;fade-in-from-bottom&#8221; bg_image_animation=&#8221;none&#8221; border_type=&#8221;simple&#8221; column_border_width=&#8221;none&#8221; column_border_style=&#8221;solid&#8221; gradient_type=&#8221;default&#8221;][image_with_animation image_url=&#8221;8141&#8243; image_size=&#8221;full&#8221; animation_type=&#8221;entrance&#8221; animation=&#8221;Fade In&#8221; hover_animation=&#8221;none&#8221; alignment=&#8221;center&#8221; border_radius=&#8221;none&#8221; box_shadow=&#8221;none&#8221; image_loading=&#8221;default&#8221; max_width=&#8221;100%&#8221; max_width_mobile=&#8221;default&#8221;][\/vc_column][vc_column column_padding=&#8221;padding-5-percent&#8221; column_padding_tablet=&#8221;inherit&#8221; column_padding_phone=&#8221;inherit&#8221; column_padding_position=&#8221;all&#8221; column_element_spacing=&#8221;default&#8221; background_color=&#8221;#ffffff&#8221; background_color_opacity=&#8221;1&#8243; background_hover_color_opacity=&#8221;1&#8243; column_shadow=&#8221;none&#8221; column_border_radius=&#8221;none&#8221; column_link_target=&#8221;_self&#8221; column_position=&#8221;default&#8221; advanced_gradient_angle=&#8221;0&#8243; gradient_direction=&#8221;left_to_right&#8221; overlay_strength=&#8221;0.3&#8243; width=&#8221;1\/2&#8243; tablet_width_inherit=&#8221;default&#8221; tablet_text_alignment=&#8221;default&#8221; phone_text_alignment=&#8221;default&#8221; animation_type=&#8221;default&#8221; enable_animation=&#8221;true&#8221; animation=&#8221;fade-in-from-bottom&#8221; bg_image_animation=&#8221;none&#8221; border_type=&#8221;simple&#8221; column_border_width=&#8221;none&#8221; column_border_style=&#8221;solid&#8221; gradient_type=&#8221;default&#8221; delay=&#8221;300&#8243;][vc_column_text]\n<h1>\u0633\u0648\u0627\u0644\u0627\u062a \u0645\u062a\u062f\u0627\u0648\u0644<\/h1>\n[\/vc_column_text][divider line_type=&#8221;No Line&#8221; custom_height=&#8221;30px&#8221;][toggles style=&#8221;default&#8221; accordion=&#8221;true&#8221; accordion_starting_functionality=&#8221;default&#8221;][toggle color=&#8221;Default&#8221; heading_tag=&#8221;default&#8221; title=&#8221;\u0633\u0648\u0627\u0644 \u0645\u0646 \u0627\u0632 \u06cc\u06a9 \u0645\u0634\u0627\u0648\u0631 \u0645\u0627\u0644\u06cc \u062f\u0631 \u0627\u0633\u062a\u0627\u0646\u0628\u0648\u0644 \u0627\u06cc\u0646 \u0627\u0633\u062a: \u0645\u0627 \u0633\u0631\u0645\u0627\u06cc\u0647 \u0634\u0631\u06a9\u062a \u0628\u0627 \u0645\u0633\u0626\u0648\u0644\u06cc\u062a \u0645\u062d\u062f\u0648\u062f \u0631\u0627 \u06a9\u0647 \u067e\u0633 \u0627\u0632 \u06af\u0630\u0634\u062a \u062f\u0648\u0631\u0647 24 \u0645\u0627\u0647\u0647 \u062a\u0627\u0633\u06cc\u0633 \u06a9\u0631\u062f\u06cc\u0645\u060c \u067e\u0631\u062f\u0627\u062e\u062a \u06a9\u0631\u062f\u06cc\u0645. \u0627\u06cc\u0627 \u0627\u0642\u062f\u0627\u0645\u0627\u062a \u06a9\u06cc\u0641\u0631\u06cc \u0627\u0646\u062c\u0627\u0645 \u062e\u0648\u0627\u0647\u062f \u0634\u062f\u061f&#8221;][vc_column_text]&#8230;[\/vc_column_text][\/toggle][toggle color=&#8221;Default&#8221; heading_tag=&#8221;default&#8221; title=&#8221;\u0686\u0647 \u0632\u0645\u0627\u0646\u06cc \u0631\u0648\u0632\u0646\u0627\u0645\u0647 \u0631\u062c\u06cc\u0633\u062a\u0631\u06cc \u062a\u062c\u0627\u0631\u062a \u0645\u0646\u062a\u0634\u0631 \u0645\u06cc \u0634\u0648\u062f \u0632\u0645\u0627\u0646\u06cc \u06a9\u0647 \u0645\u0627 \u06cc\u06a9 \u0634\u0631\u06a9\u062a \u0628\u0627 \u0645\u0633\u0626\u0648\u0644\u06cc\u062a \u0645\u062d\u062f\u0648\u062f \u062c\u062f\u06cc\u062f \u0627\u06cc\u062c\u0627\u062f \u0645\u06cc \u06a9\u0646\u06cc\u0645\u061f&#8221;][vc_column_text]&#8230;[\/vc_column_text][\/toggle][toggle color=&#8221;Default&#8221; heading_tag=&#8221;default&#8221; title=&#8221;\u0627\u06af\u0631 \u0645\u0627 \u0642\u0633\u0637 \u0628\u0627\u0632\u0633\u0627\u0632\u06cc \u0645\u0627\u0644\u06cc\u0627\u062a\u06cc \u0631\u0627 \u0628\u0647 \u0645\u0648\u0642\u0639 \u067e\u0631\u062f\u0627\u062e\u062a \u0646\u06a9\u0646\u06cc\u0645\u060c \u0627\u06cc\u0627 \u0645\u0632\u0627\u06cc\u0627\u06cc \u06a9\u0633\u0631 \u0627\u0632 \u062f\u0633\u062a \u062e\u0648\u0627\u0647\u062f \u0631\u0641\u062a\u061f&#8221;][vc_column_text]&#8230;[\/vc_column_text][\/toggle][\/toggles][\/vc_column][\/vc_row]\n","protected":false},"excerpt":{"rendered":"<p>[vc_row type=&#8221;in_container&#8221; full_screen_row_position=&#8221;middle&#8221; column_margin=&#8221;default&#8221; equal_height=&#8221;yes&#8221; content_placement=&#8221;middle&#8221; column_direction=&#8221;default&#8221; column_direction_tablet=&#8221;default&#8221; column_direction_phone=&#8221;default&#8221; scene_position=&#8221;center&#8221; top_margin=&#8221;30px&#8221; text_color=&#8221;dark&#8221; text_align=&#8221;left&#8221; row_border_radius=&#8221;none&#8221; row_border_radius_applies=&#8221;bg&#8221; overflow=&#8221;visible&#8221; advanced_gradient_angle=&#8221;0&#8243; overlay_strength=&#8221;0.3&#8243; gradient_direction=&#8221;left_to_right&#8221; shape_divider_position=&#8221;bottom&#8221; bg_image_animation=&#8221;none&#8221; gradient_type=&#8221;default&#8221; shape_type=&#8221;&#8221;][vc_column column_padding=&#8221;no-extra-padding&#8221; column_padding_tablet=&#8221;inherit&#8221; column_padding_phone=&#8221;inherit&#8221; column_padding_position=&#8221;all&#8221; column_element_spacing=&#8221;default&#8221; background_color_opacity=&#8221;1&#8243; background_hover_color_opacity=&#8221;1&#8243;&#8230;<\/p>\n","protected":false},"author":8,"featured_media":0,"parent":0,"menu_order":0,"comment_status":"closed","ping_status":"closed","template":"","meta":{"footnotes":""},"class_list":["post-9885","page","type-page","status-publish"],"yoast_head":"<!-- This site is optimized with the Yoast SEO plugin v25.1 - https:\/\/yoast.com\/wordpress\/plugins\/seo\/ -->\n<title>\u0633\u0624\u0627\u0644\u0627\u062a \u0645\u062a\u062f\u0627\u0648\u0644 - Mali M\u00fc\u015favir Aksaray | Ahmet Faruk Alt\u0131nda\u015f<\/title>\n<meta name=\"robots\" content=\"index, follow, max-snippet:-1, max-image-preview:large, max-video-preview:-1\" \/>\n<link rel=\"canonical\" href=\"https:\/\/ahmetfarukaltindas.com\/fa\/%d8%b3%d8%a4%d8%a7%d9%84%d8%a7%d8%aa-%d9%85%d8%aa%d8%af%d8%a7%d9%88%d9%84\/\" \/>\n<meta property=\"og:locale\" content=\"fa_IR\" \/>\n<meta property=\"og:type\" content=\"article\" \/>\n<meta property=\"og:title\" content=\"\u0633\u0624\u0627\u0644\u0627\u062a \u0645\u062a\u062f\u0627\u0648\u0644 - Mali M\u00fc\u015favir Aksaray | Ahmet Faruk Alt\u0131nda\u015f\" \/>\n<meta property=\"og:description\" content=\"[vc_row type=&#8221;in_container&#8221; full_screen_row_position=&#8221;middle&#8221; column_margin=&#8221;default&#8221; equal_height=&#8221;yes&#8221; content_placement=&#8221;middle&#8221; column_direction=&#8221;default&#8221; column_direction_tablet=&#8221;default&#8221; column_direction_phone=&#8221;default&#8221; scene_position=&#8221;center&#8221; top_margin=&#8221;30px&#8221; text_color=&#8221;dark&#8221; text_align=&#8221;left&#8221; row_border_radius=&#8221;none&#8221; row_border_radius_applies=&#8221;bg&#8221; overflow=&#8221;visible&#8221; advanced_gradient_angle=&#8221;0&#8243; overlay_strength=&#8221;0.3&#8243; gradient_direction=&#8221;left_to_right&#8221; shape_divider_position=&#8221;bottom&#8221; bg_image_animation=&#8221;none&#8221; gradient_type=&#8221;default&#8221; shape_type=&#8221;&#8221;][vc_column column_padding=&#8221;no-extra-padding&#8221; column_padding_tablet=&#8221;inherit&#8221; column_padding_phone=&#8221;inherit&#8221; column_padding_position=&#8221;all&#8221; column_element_spacing=&#8221;default&#8221; background_color_opacity=&#8221;1&#8243; background_hover_color_opacity=&#8221;1&#8243;...\" \/>\n<meta property=\"og:url\" content=\"https:\/\/ahmetfarukaltindas.com\/fa\/%d8%b3%d8%a4%d8%a7%d9%84%d8%a7%d8%aa-%d9%85%d8%aa%d8%af%d8%a7%d9%88%d9%84\/\" \/>\n<meta property=\"og:site_name\" content=\"Mali M\u00fc\u015favir Aksaray | Ahmet Faruk Alt\u0131nda\u015f\" \/>\n<meta property=\"article:modified_time\" content=\"2024-01-28T22:27:49+00:00\" \/>\n<meta name=\"twitter:card\" content=\"summary_large_image\" \/>\n<meta name=\"twitter:label1\" content=\"\u0632\u0645\u0627\u0646 \u062a\u0642\u0631\u06cc\u0628\u06cc \u0628\u0631\u0627\u06cc \u062e\u0648\u0627\u0646\u062f\u0646\" \/>\n\t<meta name=\"twitter:data1\" content=\"2 \u062f\u0642\u06cc\u0642\u0647\" \/>\n<!-- \/ Yoast SEO plugin. -->","yoast_head_json":{"title":"\u0633\u0624\u0627\u0644\u0627\u062a \u0645\u062a\u062f\u0627\u0648\u0644 - Mali M\u00fc\u015favir Aksaray | Ahmet Faruk Alt\u0131nda\u015f","robots":{"index":"index","follow":"follow","max-snippet":"max-snippet:-1","max-image-preview":"max-image-preview:large","max-video-preview":"max-video-preview:-1"},"canonical":"https:\/\/ahmetfarukaltindas.com\/fa\/%d8%b3%d8%a4%d8%a7%d9%84%d8%a7%d8%aa-%d9%85%d8%aa%d8%af%d8%a7%d9%88%d9%84\/","og_locale":"fa_IR","og_type":"article","og_title":"\u0633\u0624\u0627\u0644\u0627\u062a \u0645\u062a\u062f\u0627\u0648\u0644 - Mali M\u00fc\u015favir Aksaray | Ahmet Faruk Alt\u0131nda\u015f","og_description":"[vc_row type=&#8221;in_container&#8221; full_screen_row_position=&#8221;middle&#8221; column_margin=&#8221;default&#8221; equal_height=&#8221;yes&#8221; content_placement=&#8221;middle&#8221; column_direction=&#8221;default&#8221; column_direction_tablet=&#8221;default&#8221; column_direction_phone=&#8221;default&#8221; scene_position=&#8221;center&#8221; top_margin=&#8221;30px&#8221; text_color=&#8221;dark&#8221; text_align=&#8221;left&#8221; row_border_radius=&#8221;none&#8221; row_border_radius_applies=&#8221;bg&#8221; overflow=&#8221;visible&#8221; advanced_gradient_angle=&#8221;0&#8243; overlay_strength=&#8221;0.3&#8243; gradient_direction=&#8221;left_to_right&#8221; shape_divider_position=&#8221;bottom&#8221; bg_image_animation=&#8221;none&#8221; gradient_type=&#8221;default&#8221; shape_type=&#8221;&#8221;][vc_column column_padding=&#8221;no-extra-padding&#8221; column_padding_tablet=&#8221;inherit&#8221; column_padding_phone=&#8221;inherit&#8221; column_padding_position=&#8221;all&#8221; column_element_spacing=&#8221;default&#8221; background_color_opacity=&#8221;1&#8243; background_hover_color_opacity=&#8221;1&#8243;...","og_url":"https:\/\/ahmetfarukaltindas.com\/fa\/%d8%b3%d8%a4%d8%a7%d9%84%d8%a7%d8%aa-%d9%85%d8%aa%d8%af%d8%a7%d9%88%d9%84\/","og_site_name":"Mali M\u00fc\u015favir Aksaray | Ahmet Faruk Alt\u0131nda\u015f","article_modified_time":"2024-01-28T22:27:49+00:00","twitter_card":"summary_large_image","twitter_misc":{"\u0632\u0645\u0627\u0646 \u062a\u0642\u0631\u06cc\u0628\u06cc \u0628\u0631\u0627\u06cc \u062e\u0648\u0627\u0646\u062f\u0646":"2 \u062f\u0642\u06cc\u0642\u0647"},"schema":{"@context":"https:\/\/schema.org","@graph":[{"@type":"WebPage","@id":"https:\/\/ahmetfarukaltindas.com\/fa\/%d8%b3%d8%a4%d8%a7%d9%84%d8%a7%d8%aa-%d9%85%d8%aa%d8%af%d8%a7%d9%88%d9%84\/","url":"https:\/\/ahmetfarukaltindas.com\/fa\/%d8%b3%d8%a4%d8%a7%d9%84%d8%a7%d8%aa-%d9%85%d8%aa%d8%af%d8%a7%d9%88%d9%84\/","name":"\u0633\u0624\u0627\u0644\u0627\u062a \u0645\u062a\u062f\u0627\u0648\u0644 - Mali M\u00fc\u015favir Aksaray | Ahmet Faruk Alt\u0131nda\u015f","isPartOf":{"@id":"https:\/\/ahmetfarukaltindas.com\/fa\/#website"},"datePublished":"2023-02-01T01:05:08+00:00","dateModified":"2024-01-28T22:27:49+00:00","breadcrumb":{"@id":"https:\/\/ahmetfarukaltindas.com\/fa\/%d8%b3%d8%a4%d8%a7%d9%84%d8%a7%d8%aa-%d9%85%d8%aa%d8%af%d8%a7%d9%88%d9%84\/#breadcrumb"},"inLanguage":"fa-IR","potentialAction":[{"@type":"ReadAction","target":["https:\/\/ahmetfarukaltindas.com\/fa\/%d8%b3%d8%a4%d8%a7%d9%84%d8%a7%d8%aa-%d9%85%d8%aa%d8%af%d8%a7%d9%88%d9%84\/"]}]},{"@type":"BreadcrumbList","@id":"https:\/\/ahmetfarukaltindas.com\/fa\/%d8%b3%d8%a4%d8%a7%d9%84%d8%a7%d8%aa-%d9%85%d8%aa%d8%af%d8%a7%d9%88%d9%84\/#breadcrumb","itemListElement":[{"@type":"ListItem","position":1,"name":"Anasayfa","item":"https:\/\/ahmetfarukaltindas.com\/fa\/home\/"},{"@type":"ListItem","position":2,"name":"\u0633\u0624\u0627\u0644\u0627\u062a \u0645\u062a\u062f\u0627\u0648\u0644"}]},{"@type":"WebSite","@id":"https:\/\/ahmetfarukaltindas.com\/fa\/#website","url":"https:\/\/ahmetfarukaltindas.com\/fa\/","name":"Mali M\u00fc\u015favir Aksaray | Ahmet Faruk Alt\u0131nda\u015f","description":"Fatih, \u0130stanbul","potentialAction":[{"@type":"SearchAction","target":{"@type":"EntryPoint","urlTemplate":"https:\/\/ahmetfarukaltindas.com\/fa\/?s={search_term_string}"},"query-input":{"@type":"PropertyValueSpecification","valueRequired":true,"valueName":"search_term_string"}}],"inLanguage":"fa-IR"}]}},"_links":{"self":[{"href":"https:\/\/ahmetfarukaltindas.com\/fa\/wp-json\/wp\/v2\/pages\/9885","targetHints":{"allow":["GET"]}}],"collection":[{"href":"https:\/\/ahmetfarukaltindas.com\/fa\/wp-json\/wp\/v2\/pages"}],"about":[{"href":"https:\/\/ahmetfarukaltindas.com\/fa\/wp-json\/wp\/v2\/types\/page"}],"author":[{"embeddable":true,"href":"https:\/\/ahmetfarukaltindas.com\/fa\/wp-json\/wp\/v2\/users\/8"}],"replies":[{"embeddable":true,"href":"https:\/\/ahmetfarukaltindas.com\/fa\/wp-json\/wp\/v2\/comments?post=9885"}],"version-history":[{"count":0,"href":"https:\/\/ahmetfarukaltindas.com\/fa\/wp-json\/wp\/v2\/pages\/9885\/revisions"}],"wp:attachment":[{"href":"https:\/\/ahmetfarukaltindas.com\/fa\/wp-json\/wp\/v2\/media?parent=9885"}],"curies":[{"name":"wp","href":"https:\/\/api.w.org\/{rel}","templated":true}]}}