{"id":10123,"date":"2023-01-20T01:14:21","date_gmt":"2023-01-19T22:14:21","guid":{"rendered":"https:\/\/ahmetfarukaltindas.com\/services-conseils-financiers\/"},"modified":"2024-01-31T03:34:12","modified_gmt":"2024-01-31T00:34:12","slug":"services-conseils-financiers","status":"publish","type":"page","link":"https:\/\/ahmetfarukaltindas.com\/fr\/services-conseils-financiers\/","title":{"rendered":"Services-conseils financiers"},"content":{"rendered":"[vc_row type=\u00a0\u00bbin_container\u00a0\u00bb full_screen_row_position=\u00a0\u00bbmiddle\u00a0\u00bb column_margin=\u00a0\u00bbdefault\u00a0\u00bb equal_height=\u00a0\u00bbyes\u00a0\u00bb content_placement=\u00a0\u00bbmiddle\u00a0\u00bb column_direction=\u00a0\u00bbdefault\u00a0\u00bb column_direction_tablet=\u00a0\u00bbdefault\u00a0\u00bb column_direction_phone=\u00a0\u00bbdefault\u00a0\u00bb scene_position=\u00a0\u00bbcenter\u00a0\u00bb top_margin=\u00a0\u00bb30px\u00a0\u00bb text_color=\u00a0\u00bbdark\u00a0\u00bb text_align=\u00a0\u00bbleft\u00a0\u00bb row_border_radius=\u00a0\u00bbnone\u00a0\u00bb row_border_radius_applies=\u00a0\u00bbbg\u00a0\u00bb overflow=\u00a0\u00bbvisible\u00a0\u00bb advanced_gradient_angle=\u00a0\u00bb0&Prime; overlay_strength=\u00a0\u00bb0.3&Prime; gradient_direction=\u00a0\u00bbleft_to_right\u00a0\u00bb shape_divider_position=\u00a0\u00bbbottom\u00a0\u00bb bg_image_animation=\u00a0\u00bbnone\u00a0\u00bb gradient_type=\u00a0\u00bbdefault\u00a0\u00bb shape_type=\u00a0\u00bb\u00a0\u00bb][vc_column column_padding=\u00a0\u00bbno-extra-padding\u00a0\u00bb column_padding_tablet=\u00a0\u00bbinherit\u00a0\u00bb column_padding_phone=\u00a0\u00bbinherit\u00a0\u00bb column_padding_position=\u00a0\u00bball\u00a0\u00bb column_element_spacing=\u00a0\u00bbdefault\u00a0\u00bb background_color_opacity=\u00a0\u00bb1&Prime; background_hover_color_opacity=\u00a0\u00bb1&Prime; column_shadow=\u00a0\u00bbnone\u00a0\u00bb column_border_radius=\u00a0\u00bbnone\u00a0\u00bb column_link_target=\u00a0\u00bb_self\u00a0\u00bb column_position=\u00a0\u00bbdefault\u00a0\u00bb advanced_gradient_angle=\u00a0\u00bb0&Prime; gradient_direction=\u00a0\u00bbleft_to_right\u00a0\u00bb overlay_strength=\u00a0\u00bb0.3&Prime; width=\u00a0\u00bb1\/2&Prime; tablet_width_inherit=\u00a0\u00bbdefault\u00a0\u00bb tablet_text_alignment=\u00a0\u00bbdefault\u00a0\u00bb phone_text_alignment=\u00a0\u00bbdefault\u00a0\u00bb animation_type=\u00a0\u00bbdefault\u00a0\u00bb enable_animation=\u00a0\u00bbtrue\u00a0\u00bb animation=\u00a0\u00bbfade-in-from-bottom\u00a0\u00bb bg_image_animation=\u00a0\u00bbnone\u00a0\u00bb border_type=\u00a0\u00bbsimple\u00a0\u00bb column_border_width=\u00a0\u00bbnone\u00a0\u00bb column_border_style=\u00a0\u00bbsolid\u00a0\u00bb gradient_type=\u00a0\u00bbdefault\u00a0\u00bb][image_with_animation image_url=\u00a0\u00bb7622&Prime; image_size=\u00a0\u00bbmedium\u00a0\u00bb animation_type=\u00a0\u00bbentrance\u00a0\u00bb animation=\u00a0\u00bbFade In\u00a0\u00bb hover_animation=\u00a0\u00bbnone\u00a0\u00bb alignment=\u00a0\u00bbcenter\u00a0\u00bb border_radius=\u00a0\u00bbnone\u00a0\u00bb box_shadow=\u00a0\u00bbnone\u00a0\u00bb image_loading=\u00a0\u00bbdefault\u00a0\u00bb max_width=\u00a0\u00bb100%\u00a0\u00bb max_width_mobile=\u00a0\u00bbdefault\u00a0\u00bb][\/vc_column][vc_column column_padding=\u00a0\u00bbpadding-5-percent\u00a0\u00bb column_padding_tablet=\u00a0\u00bbinherit\u00a0\u00bb column_padding_phone=\u00a0\u00bbinherit\u00a0\u00bb column_padding_position=\u00a0\u00bball\u00a0\u00bb column_element_spacing=\u00a0\u00bbdefault\u00a0\u00bb background_color=\u00a0\u00bb#ffffff\u00a0\u00bb background_color_opacity=\u00a0\u00bb1&Prime; background_hover_color_opacity=\u00a0\u00bb1&Prime; column_shadow=\u00a0\u00bbnone\u00a0\u00bb column_border_radius=\u00a0\u00bbnone\u00a0\u00bb column_link_target=\u00a0\u00bb_self\u00a0\u00bb column_position=\u00a0\u00bbdefault\u00a0\u00bb advanced_gradient_angle=\u00a0\u00bb0&Prime; gradient_direction=\u00a0\u00bbleft_to_right\u00a0\u00bb overlay_strength=\u00a0\u00bb0.3&Prime; width=\u00a0\u00bb1\/2&Prime; tablet_width_inherit=\u00a0\u00bbdefault\u00a0\u00bb tablet_text_alignment=\u00a0\u00bbdefault\u00a0\u00bb phone_text_alignment=\u00a0\u00bbdefault\u00a0\u00bb animation_type=\u00a0\u00bbdefault\u00a0\u00bb enable_animation=\u00a0\u00bbtrue\u00a0\u00bb animation=\u00a0\u00bbfade-in-from-bottom\u00a0\u00bb bg_image_animation=\u00a0\u00bbnone\u00a0\u00bb border_type=\u00a0\u00bbsimple\u00a0\u00bb column_border_width=\u00a0\u00bbnone\u00a0\u00bb column_border_style=\u00a0\u00bbsolid\u00a0\u00bb gradient_type=\u00a0\u00bbdefault\u00a0\u00bb delay=\u00a0\u00bb300&Prime;][vc_column_text]\n<h1>Services-conseils financiers<\/h1>\n<p><a href=\"https:\/\/ahmetfarukaltindas.com\/limited-sirket-kurulusu\/\">Cr\u00e9ation d\u2019une soci\u00e9t\u00e9 \u00e0 responsabilit\u00e9 limit\u00e9e<\/a><\/p>\n<p><a href=\"https:\/\/ahmetfarukaltindas.com\/sahis-sirketi-kurulusu\/\">Constitution d\u2019une entreprise individuelle<\/a><\/p>\n<p><a href=\"https:\/\/ahmetfarukaltindas.com\/yatirimcilar-icin-turk-vatandasligi\/\">La nationalit\u00e9 turque pour les investisseurs<\/a><\/p>\n<p><a href=\"https:\/\/ahmetfarukaltindas.com\/fr\/obtention-dun-permis-de-sejour\/\">Obtention d\u2019un permis de s\u00e9jour<\/a><\/p>\n<p><a href=\"https:\/\/ahmetfarukaltindas.com\/calisma-izni-almak\/\">Obtention d\u2019un permis de travail<\/a><\/p>\n<p><a href=\"https:\/\/ahmetfarukaltindas.com\/fr\/operations-comptables-officielles\/\">Op\u00e9rations comptables officielles<\/a><\/p>\n<p><a href=\"https:\/\/ahmetfarukaltindas.com\/fr\/creation-dentreprise-aux-etats-unis\/\">Cr\u00e9ation d\u2019entreprise aux \u00c9tats-Unis<\/a>[\/vc_column_text][divider line_type=\u00a0\u00bbNo Line\u00a0\u00bb custom_height=\u00a0\u00bb30px\u00a0\u00bb][nectar_btn size=\u00a0\u00bblarge\u00a0\u00bb button_style=\u00a0\u00bbsee-through-2&Prime; color_override=\u00a0\u00bb#000000&Prime; hover_color_override=\u00a0\u00bb#dcc457&Prime; hover_text_color_override=\u00a0\u00bb#ffffff\u00a0\u00bb icon_family=\u00a0\u00bbdefault_arrow\u00a0\u00bb text=\u00a0\u00bbContact\u00a0\u00bb url=\u00a0\u00bb\/Contact\/\u00a0\u00bb css_animation=\u00a0\u00bbbounceInRight\u00a0\u00bb][\/vc_column][\/vc_row][vc_row type=\u00a0\u00bbin_container\u00a0\u00bb full_screen_row_position=\u00a0\u00bbmiddle\u00a0\u00bb column_margin=\u00a0\u00bbdefault\u00a0\u00bb column_direction=\u00a0\u00bbdefault\u00a0\u00bb column_direction_tablet=\u00a0\u00bbdefault\u00a0\u00bb column_direction_phone=\u00a0\u00bbdefault\u00a0\u00bb scene_position=\u00a0\u00bbcenter\u00a0\u00bb text_color=\u00a0\u00bbdark\u00a0\u00bb text_align=\u00a0\u00bbleft\u00a0\u00bb row_border_radius=\u00a0\u00bbnone\u00a0\u00bb row_border_radius_applies=\u00a0\u00bbbg\u00a0\u00bb overflow=\u00a0\u00bbvisible\u00a0\u00bb disable_element=\u00a0\u00bbyes\u00a0\u00bb advanced_gradient_angle=\u00a0\u00bb0&Prime; overlay_strength=\u00a0\u00bb0.3&Prime; gradient_direction=\u00a0\u00bbleft_to_right\u00a0\u00bb shape_divider_position=\u00a0\u00bbbottom\u00a0\u00bb bg_image_animation=\u00a0\u00bbnone\u00a0\u00bb size=\u00a0\u00bblarge\u00a0\u00bb open_new_tab=\u00a0\u00bb\u00a0\u00bb button_style=\u00a0\u00bbsee-through-2&Prime; button_color=\u00a0\u00bbAccent-Color\u00a0\u00bb button_color_2=\u00a0\u00bbAccent-Color\u00a0\u00bb color_override=\u00a0\u00bb#c56555&Prime; solid_text_color_override=\u00a0\u00bb\u00a0\u00bb hover_color_override=\u00a0\u00bb\u00a0\u00bb hover_text_color_override=\u00a0\u00bb#ffffff\u00a0\u00bb icon_family=\u00a0\u00bbdefault_arrow\u00a0\u00bb nofollow=\u00a0\u00bb\u00a0\u00bb el_class=\u00a0\u00bb\u00a0\u00bb button_id=\u00a0\u00bb\u00a0\u00bb url=\u00a0\u00bb\/free-consultation\/\u00a0\u00bb text=\u00a0\u00bbFree ConsultatIon\u00a0\u00bb margin_top=\u00a0\u00bb30&Prime; margin_bottom=\u00a0\u00bb\u00a0\u00bb margin_left=\u00a0\u00bb\u00a0\u00bb margin_right=\u00a0\u00bb\u00a0\u00bb css_animation=\u00a0\u00bb\u00a0\u00bb icon_fontawesome=\u00a0\u00bb\u00a0\u00bb icon_iconsmind=\u00a0\u00bb\u00a0\u00bb icon_linecons=\u00a0\u00bb\u00a0\u00bb icon_steadysets=\u00a0\u00bb\u00a0\u00bb gradient_type=\u00a0\u00bbdefault\u00a0\u00bb shape_type=\u00a0\u00bb\u00a0\u00bb][vc_column column_padding=\u00a0\u00bbno-extra-padding\u00a0\u00bb column_padding_tablet=\u00a0\u00bbinherit\u00a0\u00bb column_padding_phone=\u00a0\u00bbinherit\u00a0\u00bb column_padding_position=\u00a0\u00bball\u00a0\u00bb column_element_spacing=\u00a0\u00bbdefault\u00a0\u00bb centered_text=\u00a0\u00bbtrue\u00a0\u00bb background_color_opacity=\u00a0\u00bb1&Prime; background_hover_color_opacity=\u00a0\u00bb1&Prime; column_shadow=\u00a0\u00bbnone\u00a0\u00bb column_border_radius=\u00a0\u00bbnone\u00a0\u00bb column_link_target=\u00a0\u00bb_self\u00a0\u00bb column_position=\u00a0\u00bbdefault\u00a0\u00bb advanced_gradient_angle=\u00a0\u00bb0&Prime; gradient_direction=\u00a0\u00bbleft_to_right\u00a0\u00bb overlay_strength=\u00a0\u00bb0.3&Prime; width=\u00a0\u00bb1\/1&Prime; tablet_width_inherit=\u00a0\u00bbdefault\u00a0\u00bb tablet_text_alignment=\u00a0\u00bbdefault\u00a0\u00bb phone_text_alignment=\u00a0\u00bbdefault\u00a0\u00bb animation_type=\u00a0\u00bbdefault\u00a0\u00bb bg_image_animation=\u00a0\u00bbnone\u00a0\u00bb border_type=\u00a0\u00bbsimple\u00a0\u00bb column_border_width=\u00a0\u00bbnone\u00a0\u00bb column_border_style=\u00a0\u00bbsolid\u00a0\u00bb gradient_type=\u00a0\u00bbdefault\u00a0\u00bb][nectar_btn size=\u00a0\u00bblarge\u00a0\u00bb button_style=\u00a0\u00bbsee-through-2&Prime; color_override=\u00a0\u00bb#dcc457&Prime; hover_text_color_override=\u00a0\u00bb#ffffff\u00a0\u00bb icon_family=\u00a0\u00bbdefault_arrow\u00a0\u00bb url=\u00a0\u00bb\/Contact\/\u00a0\u00bb text=\u00a0\u00bbContact\u00a0\u00bb margin_top=\u00a0\u00bb30&Prime;][\/vc_column][\/vc_row]\n","protected":false},"excerpt":{"rendered":"<p>[vc_row type=\u00a0\u00bbin_container\u00a0\u00bb full_screen_row_position=\u00a0\u00bbmiddle\u00a0\u00bb column_margin=\u00a0\u00bbdefault\u00a0\u00bb equal_height=\u00a0\u00bbyes\u00a0\u00bb content_placement=\u00a0\u00bbmiddle\u00a0\u00bb column_direction=\u00a0\u00bbdefault\u00a0\u00bb column_direction_tablet=\u00a0\u00bbdefault\u00a0\u00bb column_direction_phone=\u00a0\u00bbdefault\u00a0\u00bb scene_position=\u00a0\u00bbcenter\u00a0\u00bb top_margin=\u00a0\u00bb30px\u00a0\u00bb text_color=\u00a0\u00bbdark\u00a0\u00bb text_align=\u00a0\u00bbleft\u00a0\u00bb row_border_radius=\u00a0\u00bbnone\u00a0\u00bb row_border_radius_applies=\u00a0\u00bbbg\u00a0\u00bb overflow=\u00a0\u00bbvisible\u00a0\u00bb advanced_gradient_angle=\u00a0\u00bb0&Prime; overlay_strength=\u00a0\u00bb0.3&Prime; gradient_direction=\u00a0\u00bbleft_to_right\u00a0\u00bb shape_divider_position=\u00a0\u00bbbottom\u00a0\u00bb bg_image_animation=\u00a0\u00bbnone\u00a0\u00bb gradient_type=\u00a0\u00bbdefault\u00a0\u00bb shape_type=\u00a0\u00bb\u00a0\u00bb][vc_column column_padding=\u00a0\u00bbno-extra-padding\u00a0\u00bb column_padding_tablet=\u00a0\u00bbinherit\u00a0\u00bb column_padding_phone=\u00a0\u00bbinherit\u00a0\u00bb column_padding_position=\u00a0\u00bball\u00a0\u00bb column_element_spacing=\u00a0\u00bbdefault\u00a0\u00bb background_color_opacity=\u00a0\u00bb1&Prime; background_hover_color_opacity=\u00a0\u00bb1&Prime;&#8230;<\/p>\n","protected":false},"author":8,"featured_media":0,"parent":0,"menu_order":0,"comment_status":"closed","ping_status":"closed","template":"","meta":{"footnotes":""},"class_list":["post-10123","page","type-page","status-publish"],"yoast_head":"<!-- This site is optimized with the Yoast SEO plugin v25.1 - https:\/\/yoast.com\/wordpress\/plugins\/seo\/ -->\n<title>Services-conseils financiers - Mali M\u00fc\u015favir Aksaray | Ahmet Faruk Alt\u0131nda\u015f<\/title>\n<meta name=\"robots\" content=\"index, follow, max-snippet:-1, max-image-preview:large, max-video-preview:-1\" \/>\n<link rel=\"canonical\" href=\"https:\/\/ahmetfarukaltindas.com\/fr\/services-conseils-financiers\/\" \/>\n<meta property=\"og:locale\" content=\"fr_FR\" \/>\n<meta property=\"og:type\" content=\"article\" \/>\n<meta property=\"og:title\" content=\"Services-conseils financiers - Mali M\u00fc\u015favir Aksaray | Ahmet Faruk Alt\u0131nda\u015f\" \/>\n<meta property=\"og:description\" content=\"[vc_row type=\u00a0\u00bbin_container\u00a0\u00bb full_screen_row_position=\u00a0\u00bbmiddle\u00a0\u00bb column_margin=\u00a0\u00bbdefault\u00a0\u00bb equal_height=\u00a0\u00bbyes\u00a0\u00bb content_placement=\u00a0\u00bbmiddle\u00a0\u00bb column_direction=\u00a0\u00bbdefault\u00a0\u00bb column_direction_tablet=\u00a0\u00bbdefault\u00a0\u00bb column_direction_phone=\u00a0\u00bbdefault\u00a0\u00bb scene_position=\u00a0\u00bbcenter\u00a0\u00bb top_margin=\u00a0\u00bb30px\u00a0\u00bb text_color=\u00a0\u00bbdark\u00a0\u00bb text_align=\u00a0\u00bbleft\u00a0\u00bb row_border_radius=\u00a0\u00bbnone\u00a0\u00bb row_border_radius_applies=\u00a0\u00bbbg\u00a0\u00bb overflow=\u00a0\u00bbvisible\u00a0\u00bb advanced_gradient_angle=\u00a0\u00bb0&Prime; overlay_strength=\u00a0\u00bb0.3&Prime; gradient_direction=\u00a0\u00bbleft_to_right\u00a0\u00bb shape_divider_position=\u00a0\u00bbbottom\u00a0\u00bb bg_image_animation=\u00a0\u00bbnone\u00a0\u00bb gradient_type=\u00a0\u00bbdefault\u00a0\u00bb shape_type=\u00a0\u00bb\u00a0\u00bb][vc_column column_padding=\u00a0\u00bbno-extra-padding\u00a0\u00bb column_padding_tablet=\u00a0\u00bbinherit\u00a0\u00bb column_padding_phone=\u00a0\u00bbinherit\u00a0\u00bb column_padding_position=\u00a0\u00bball\u00a0\u00bb column_element_spacing=\u00a0\u00bbdefault\u00a0\u00bb background_color_opacity=\u00a0\u00bb1&Prime; background_hover_color_opacity=\u00a0\u00bb1&Prime;...\" \/>\n<meta property=\"og:url\" content=\"https:\/\/ahmetfarukaltindas.com\/fr\/services-conseils-financiers\/\" \/>\n<meta property=\"og:site_name\" content=\"Mali M\u00fc\u015favir Aksaray | Ahmet Faruk Alt\u0131nda\u015f\" \/>\n<meta property=\"article:modified_time\" content=\"2024-01-31T00:34:12+00:00\" \/>\n<meta name=\"twitter:card\" content=\"summary_large_image\" \/>\n<meta name=\"twitter:label1\" content=\"Dur\u00e9e de lecture estim\u00e9e\" \/>\n\t<meta name=\"twitter:data1\" content=\"3 minutes\" \/>\n<!-- \/ Yoast SEO plugin. -->","yoast_head_json":{"title":"Services-conseils financiers - Mali M\u00fc\u015favir Aksaray | Ahmet Faruk Alt\u0131nda\u015f","robots":{"index":"index","follow":"follow","max-snippet":"max-snippet:-1","max-image-preview":"max-image-preview:large","max-video-preview":"max-video-preview:-1"},"canonical":"https:\/\/ahmetfarukaltindas.com\/fr\/services-conseils-financiers\/","og_locale":"fr_FR","og_type":"article","og_title":"Services-conseils financiers - Mali M\u00fc\u015favir Aksaray | Ahmet Faruk Alt\u0131nda\u015f","og_description":"[vc_row type=\u00a0\u00bbin_container\u00a0\u00bb full_screen_row_position=\u00a0\u00bbmiddle\u00a0\u00bb column_margin=\u00a0\u00bbdefault\u00a0\u00bb equal_height=\u00a0\u00bbyes\u00a0\u00bb content_placement=\u00a0\u00bbmiddle\u00a0\u00bb column_direction=\u00a0\u00bbdefault\u00a0\u00bb column_direction_tablet=\u00a0\u00bbdefault\u00a0\u00bb column_direction_phone=\u00a0\u00bbdefault\u00a0\u00bb scene_position=\u00a0\u00bbcenter\u00a0\u00bb top_margin=\u00a0\u00bb30px\u00a0\u00bb text_color=\u00a0\u00bbdark\u00a0\u00bb text_align=\u00a0\u00bbleft\u00a0\u00bb row_border_radius=\u00a0\u00bbnone\u00a0\u00bb row_border_radius_applies=\u00a0\u00bbbg\u00a0\u00bb overflow=\u00a0\u00bbvisible\u00a0\u00bb advanced_gradient_angle=\u00a0\u00bb0&Prime; overlay_strength=\u00a0\u00bb0.3&Prime; gradient_direction=\u00a0\u00bbleft_to_right\u00a0\u00bb shape_divider_position=\u00a0\u00bbbottom\u00a0\u00bb bg_image_animation=\u00a0\u00bbnone\u00a0\u00bb gradient_type=\u00a0\u00bbdefault\u00a0\u00bb shape_type=\u00a0\u00bb\u00a0\u00bb][vc_column column_padding=\u00a0\u00bbno-extra-padding\u00a0\u00bb column_padding_tablet=\u00a0\u00bbinherit\u00a0\u00bb column_padding_phone=\u00a0\u00bbinherit\u00a0\u00bb column_padding_position=\u00a0\u00bball\u00a0\u00bb column_element_spacing=\u00a0\u00bbdefault\u00a0\u00bb background_color_opacity=\u00a0\u00bb1&Prime; background_hover_color_opacity=\u00a0\u00bb1&Prime;...","og_url":"https:\/\/ahmetfarukaltindas.com\/fr\/services-conseils-financiers\/","og_site_name":"Mali M\u00fc\u015favir Aksaray | Ahmet Faruk Alt\u0131nda\u015f","article_modified_time":"2024-01-31T00:34:12+00:00","twitter_card":"summary_large_image","twitter_misc":{"Dur\u00e9e de lecture estim\u00e9e":"3 minutes"},"schema":{"@context":"https:\/\/schema.org","@graph":[{"@type":"WebPage","@id":"https:\/\/ahmetfarukaltindas.com\/fr\/services-conseils-financiers\/","url":"https:\/\/ahmetfarukaltindas.com\/fr\/services-conseils-financiers\/","name":"Services-conseils financiers - Mali M\u00fc\u015favir Aksaray | Ahmet Faruk Alt\u0131nda\u015f","isPartOf":{"@id":"https:\/\/ahmetfarukaltindas.com\/fr\/#website"},"datePublished":"2023-01-19T22:14:21+00:00","dateModified":"2024-01-31T00:34:12+00:00","breadcrumb":{"@id":"https:\/\/ahmetfarukaltindas.com\/fr\/services-conseils-financiers\/#breadcrumb"},"inLanguage":"fr-FR","potentialAction":[{"@type":"ReadAction","target":["https:\/\/ahmetfarukaltindas.com\/fr\/services-conseils-financiers\/"]}]},{"@type":"BreadcrumbList","@id":"https:\/\/ahmetfarukaltindas.com\/fr\/services-conseils-financiers\/#breadcrumb","itemListElement":[{"@type":"ListItem","position":1,"name":"Anasayfa","item":"https:\/\/ahmetfarukaltindas.com\/fr\/domicile\/"},{"@type":"ListItem","position":2,"name":"Services-conseils financiers"}]},{"@type":"WebSite","@id":"https:\/\/ahmetfarukaltindas.com\/fr\/#website","url":"https:\/\/ahmetfarukaltindas.com\/fr\/","name":"Mali M\u00fc\u015favir Aksaray | Ahmet Faruk Alt\u0131nda\u015f","description":"Fatih, \u0130stanbul","potentialAction":[{"@type":"SearchAction","target":{"@type":"EntryPoint","urlTemplate":"https:\/\/ahmetfarukaltindas.com\/fr\/?s={search_term_string}"},"query-input":{"@type":"PropertyValueSpecification","valueRequired":true,"valueName":"search_term_string"}}],"inLanguage":"fr-FR"}]}},"_links":{"self":[{"href":"https:\/\/ahmetfarukaltindas.com\/fr\/wp-json\/wp\/v2\/pages\/10123","targetHints":{"allow":["GET"]}}],"collection":[{"href":"https:\/\/ahmetfarukaltindas.com\/fr\/wp-json\/wp\/v2\/pages"}],"about":[{"href":"https:\/\/ahmetfarukaltindas.com\/fr\/wp-json\/wp\/v2\/types\/page"}],"author":[{"embeddable":true,"href":"https:\/\/ahmetfarukaltindas.com\/fr\/wp-json\/wp\/v2\/users\/8"}],"replies":[{"embeddable":true,"href":"https:\/\/ahmetfarukaltindas.com\/fr\/wp-json\/wp\/v2\/comments?post=10123"}],"version-history":[{"count":0,"href":"https:\/\/ahmetfarukaltindas.com\/fr\/wp-json\/wp\/v2\/pages\/10123\/revisions"}],"wp:attachment":[{"href":"https:\/\/ahmetfarukaltindas.com\/fr\/wp-json\/wp\/v2\/media?parent=10123"}],"curies":[{"name":"wp","href":"https:\/\/api.w.org\/{rel}","templated":true}]}}