{"id":10167,"date":"2023-01-11T04:05:24","date_gmt":"2023-01-11T01:05:24","guid":{"rendered":"https:\/\/ahmetfarukaltindas.com\/etablissement-dentreprise-individuelle\/"},"modified":"2024-02-12T18:33:59","modified_gmt":"2024-02-12T15:33:59","slug":"etablissement-dentreprise-individuelle","status":"publish","type":"page","link":"https:\/\/ahmetfarukaltindas.com\/fr\/etablissement-dentreprise-individuelle\/","title":{"rendered":"Etablissement d\u2019entreprise individuelle"},"content":{"rendered":"[vc_row type=\u00a0\u00bbin_container\u00a0\u00bb full_screen_row_position=\u00a0\u00bbmiddle\u00a0\u00bb column_margin=\u00a0\u00bbdefault\u00a0\u00bb equal_height=\u00a0\u00bbyes\u00a0\u00bb content_placement=\u00a0\u00bbmiddle\u00a0\u00bb column_direction=\u00a0\u00bbdefault\u00a0\u00bb column_direction_tablet=\u00a0\u00bbdefault\u00a0\u00bb column_direction_phone=\u00a0\u00bbdefault\u00a0\u00bb scene_position=\u00a0\u00bbcenter\u00a0\u00bb top_margin=\u00a0\u00bb30px\u00a0\u00bb text_color=\u00a0\u00bbdark\u00a0\u00bb text_align=\u00a0\u00bbleft\u00a0\u00bb row_border_radius=\u00a0\u00bbnone\u00a0\u00bb row_border_radius_applies=\u00a0\u00bbbg\u00a0\u00bb overflow=\u00a0\u00bbvisible\u00a0\u00bb advanced_gradient_angle=\u00a0\u00bb0&Prime; overlay_strength=\u00a0\u00bb0.3&Prime; gradient_direction=\u00a0\u00bbleft_to_right\u00a0\u00bb shape_divider_position=\u00a0\u00bbbottom\u00a0\u00bb bg_image_animation=\u00a0\u00bbnone\u00a0\u00bb gradient_type=\u00a0\u00bbdefault\u00a0\u00bb shape_type=\u00a0\u00bb\u00a0\u00bb][vc_column column_padding=\u00a0\u00bbno-extra-padding\u00a0\u00bb column_padding_tablet=\u00a0\u00bbinherit\u00a0\u00bb column_padding_phone=\u00a0\u00bbinherit\u00a0\u00bb column_padding_position=\u00a0\u00bball\u00a0\u00bb column_element_spacing=\u00a0\u00bbdefault\u00a0\u00bb background_color_opacity=\u00a0\u00bb1&Prime; background_hover_color_opacity=\u00a0\u00bb1&Prime; column_shadow=\u00a0\u00bbnone\u00a0\u00bb column_border_radius=\u00a0\u00bbnone\u00a0\u00bb column_link_target=\u00a0\u00bb_self\u00a0\u00bb column_position=\u00a0\u00bbdefault\u00a0\u00bb advanced_gradient_angle=\u00a0\u00bb0&Prime; gradient_direction=\u00a0\u00bbleft_to_right\u00a0\u00bb overlay_strength=\u00a0\u00bb0.3&Prime; width=\u00a0\u00bb1\/2&Prime; tablet_width_inherit=\u00a0\u00bbdefault\u00a0\u00bb tablet_text_alignment=\u00a0\u00bbdefault\u00a0\u00bb phone_text_alignment=\u00a0\u00bbdefault\u00a0\u00bb animation_type=\u00a0\u00bbdefault\u00a0\u00bb enable_animation=\u00a0\u00bbtrue\u00a0\u00bb animation=\u00a0\u00bbfade-in-from-bottom\u00a0\u00bb bg_image_animation=\u00a0\u00bbnone\u00a0\u00bb border_type=\u00a0\u00bbsimple\u00a0\u00bb column_border_width=\u00a0\u00bbnone\u00a0\u00bb column_border_style=\u00a0\u00bbsolid\u00a0\u00bb gradient_type=\u00a0\u00bbdefault\u00a0\u00bb][image_with_animation image_url=\u00a0\u00bb10268&Prime; image_size=\u00a0\u00bbfull\u00a0\u00bb animation_type=\u00a0\u00bbentrance\u00a0\u00bb animation=\u00a0\u00bbFade In\u00a0\u00bb hover_animation=\u00a0\u00bbnone\u00a0\u00bb alignment=\u00a0\u00bbcenter\u00a0\u00bb border_radius=\u00a0\u00bbnone\u00a0\u00bb box_shadow=\u00a0\u00bbnone\u00a0\u00bb image_loading=\u00a0\u00bbdefault\u00a0\u00bb max_width=\u00a0\u00bb100%\u00a0\u00bb max_width_mobile=\u00a0\u00bbdefault\u00a0\u00bb][\/vc_column][vc_column column_padding=\u00a0\u00bbpadding-5-percent\u00a0\u00bb column_padding_tablet=\u00a0\u00bbinherit\u00a0\u00bb column_padding_phone=\u00a0\u00bbinherit\u00a0\u00bb column_padding_position=\u00a0\u00bball\u00a0\u00bb column_element_spacing=\u00a0\u00bbdefault\u00a0\u00bb background_color=\u00a0\u00bb#ffffff\u00a0\u00bb background_color_opacity=\u00a0\u00bb1&Prime; background_hover_color_opacity=\u00a0\u00bb1&Prime; column_shadow=\u00a0\u00bbnone\u00a0\u00bb column_border_radius=\u00a0\u00bbnone\u00a0\u00bb column_link_target=\u00a0\u00bb_self\u00a0\u00bb column_position=\u00a0\u00bbdefault\u00a0\u00bb advanced_gradient_angle=\u00a0\u00bb0&Prime; gradient_direction=\u00a0\u00bbleft_to_right\u00a0\u00bb overlay_strength=\u00a0\u00bb0.3&Prime; width=\u00a0\u00bb1\/2&Prime; tablet_width_inherit=\u00a0\u00bbdefault\u00a0\u00bb tablet_text_alignment=\u00a0\u00bbdefault\u00a0\u00bb phone_text_alignment=\u00a0\u00bbdefault\u00a0\u00bb animation_type=\u00a0\u00bbdefault\u00a0\u00bb enable_animation=\u00a0\u00bbtrue\u00a0\u00bb animation=\u00a0\u00bbfade-in-from-bottom\u00a0\u00bb bg_image_animation=\u00a0\u00bbnone\u00a0\u00bb border_type=\u00a0\u00bbsimple\u00a0\u00bb column_border_width=\u00a0\u00bbnone\u00a0\u00bb column_border_style=\u00a0\u00bbsolid\u00a0\u00bb gradient_type=\u00a0\u00bbdefault\u00a0\u00bb delay=\u00a0\u00bb300&Prime;][vc_column_text]\n<div id=\"ez-toc-container\" class=\"ez-toc-v2_0_74 counter-hierarchy ez-toc-counter ez-toc-grey ez-toc-container-direction\">\n<div class=\"ez-toc-title-container\">\n<p class=\"ez-toc-title\" style=\"cursor:inherit\">Table of Contents<\/p>\n<span class=\"ez-toc-title-toggle\"><a href=\"#\" class=\"ez-toc-pull-right ez-toc-btn ez-toc-btn-xs ez-toc-btn-default ez-toc-toggle\" aria-label=\"Toggle Table of Content\"><span class=\"ez-toc-js-icon-con\"><span class=\"\"><span class=\"eztoc-hide\" style=\"display:none;\">Toggle<\/span><span class=\"ez-toc-icon-toggle-span\"><svg style=\"fill: #999;color:#999\" xmlns=\"http:\/\/www.w3.org\/2000\/svg\" class=\"list-377408\" width=\"20px\" height=\"20px\" viewBox=\"0 0 24 24\" fill=\"none\"><path d=\"M6 6H4v2h2V6zm14 0H8v2h12V6zM4 11h2v2H4v-2zm16 0H8v2h12v-2zM4 16h2v2H4v-2zm16 0H8v2h12v-2z\" fill=\"currentColor\"><\/path><\/svg><svg style=\"fill: #999;color:#999\" class=\"arrow-unsorted-368013\" xmlns=\"http:\/\/www.w3.org\/2000\/svg\" width=\"10px\" height=\"10px\" viewBox=\"0 0 24 24\" version=\"1.2\" baseProfile=\"tiny\"><path d=\"M18.2 9.3l-6.2-6.3-6.2 6.3c-.2.2-.3.4-.3.7s.1.5.3.7c.2.2.4.3.7.3h11c.3 0 .5-.1.7-.3.2-.2.3-.5.3-.7s-.1-.5-.3-.7zM5.8 14.7l6.2 6.3 6.2-6.3c.2-.2.3-.5.3-.7s-.1-.5-.3-.7c-.2-.2-.4-.3-.7-.3h-11c-.3 0-.5.1-.7.3-.2.2-.3.5-.3.7s.1.5.3.7z\"\/><\/svg><\/span><\/span><\/span><\/a><\/span><\/div>\n<nav><ul class='ez-toc-list ez-toc-list-level-1 ' ><li class='ez-toc-page-1 ez-toc-heading-level-1'><a class=\"ez-toc-link ez-toc-heading-1\" href=\"https:\/\/ahmetfarukaltindas.com\/fr\/etablissement-dentreprise-individuelle\/#Etablissement_dentreprise_individuelle\" >Etablissement d\u2019entreprise individuelle<\/a><ul class='ez-toc-list-level-3' ><li class='ez-toc-heading-level-3'><ul class='ez-toc-list-level-3' ><li class='ez-toc-heading-level-3'><a class=\"ez-toc-link ez-toc-heading-2\" href=\"https:\/\/ahmetfarukaltindas.com\/fr\/etablissement-dentreprise-individuelle\/#Voyons_maintenant_ce_dont_nous_avons_besoin_lorsque_nous_demarrons_une_entreprise_individuelle\" >Voyons maintenant ce dont nous avons besoin lorsque nous d\u00e9marrons une entreprise individuelle :<\/a><\/li><\/ul><\/li><\/ul><\/li><\/ul><\/nav><\/div>\n<h1><span class=\"ez-toc-section\" id=\"Etablissement_dentreprise_individuelle\"><\/span>Etablissement d\u2019entreprise individuelle<span class=\"ez-toc-section-end\"><\/span><\/h1>\n<p>Les entreprises individuelles sont \u00e9tablies directement sur le particulier et ont une structure moins complexe que les soci\u00e9t\u00e9s de capitaux. Cependant, elle diff\u00e8re des soci\u00e9t\u00e9s de capitaux en termes de fiscalit\u00e9. Le taux est fixe dans l\u2019imp\u00f4t sur les soci\u00e9t\u00e9s, ce taux a \u00e9t\u00e9 fix\u00e9 \u00e0 23% pour 2022, mais cela signifie que l\u2019imp\u00f4t augmente proportionnellement \u00e0 l\u2019augmentation des revenus obtenus en entreprise individuelle. Dans la partie que nous avons expliqu\u00e9e jusqu\u2019\u00e0 pr\u00e9sent, nous avons pris en compte la situation o\u00f9 l\u2019entreprise gagne des revenus, c\u2019est-\u00e0-dire \u00e9met des factures, mais si l\u2019entreprise n\u2019\u00e9met pas de factures, les droits de timbre qu\u2019elle doit payer (qui est l\u2019imp\u00f4t en contrepartie du d\u00e9p\u00f4t d\u2019une d\u00e9claration) seront d\u2019environ 2150 TL. Par cons\u00e9quent, si nous \u00e9tablissons une entreprise individuelle, cela signifie que nous paierons environ 2150 TL de droit de timbre si aucune facture n\u2019est \u00e9mise par nous.<\/p>\n<p>Veuillez nous contacter pour l\u2019\u00e9tablissement d\u2019une entreprise individuelle.[\/vc_column_text][divider line_type=\u00a0\u00bbNo Line\u00a0\u00bb custom_height=\u00a0\u00bb30px\u00a0\u00bb][nectar_btn size=\u00a0\u00bblarge\u00a0\u00bb button_style=\u00a0\u00bbsee-through-2&Prime; color_override=\u00a0\u00bb#000000&Prime; hover_color_override=\u00a0\u00bb#dcc457&Prime; hover_text_color_override=\u00a0\u00bb#ffffff\u00a0\u00bb icon_family=\u00a0\u00bbdefault_arrow\u00a0\u00bb text=\u00a0\u00bbContact\u00a0\u00bb url=\u00a0\u00bb\/Contact\/\u00a0\u00bb css_animation=\u00a0\u00bbbounceInRight\u00a0\u00bb][\/vc_column][\/vc_row][vc_row type=\u00a0\u00bbin_container\u00a0\u00bb full_screen_row_position=\u00a0\u00bbmiddle\u00a0\u00bb column_margin=\u00a0\u00bbdefault\u00a0\u00bb equal_height=\u00a0\u00bbyes\u00a0\u00bb content_placement=\u00a0\u00bbmiddle\u00a0\u00bb column_direction=\u00a0\u00bbreverse\u00a0\u00bb column_direction_tablet=\u00a0\u00bbdefault\u00a0\u00bb column_direction_phone=\u00a0\u00bbdefault\u00a0\u00bb scene_position=\u00a0\u00bbcenter\u00a0\u00bb top_margin=\u00a0\u00bb30px\u00a0\u00bb text_color=\u00a0\u00bbdark\u00a0\u00bb text_align=\u00a0\u00bbleft\u00a0\u00bb row_border_radius=\u00a0\u00bbnone\u00a0\u00bb row_border_radius_applies=\u00a0\u00bbbg\u00a0\u00bb overflow=\u00a0\u00bbvisible\u00a0\u00bb advanced_gradient_angle=\u00a0\u00bb0&Prime; overlay_strength=\u00a0\u00bb0.3&Prime; gradient_direction=\u00a0\u00bbleft_to_right\u00a0\u00bb shape_divider_position=\u00a0\u00bbbottom\u00a0\u00bb bg_image_animation=\u00a0\u00bbnone\u00a0\u00bb gradient_type=\u00a0\u00bbdefault\u00a0\u00bb shape_type=\u00a0\u00bb\u00a0\u00bb][vc_column column_padding=\u00a0\u00bbno-extra-padding\u00a0\u00bb column_padding_tablet=\u00a0\u00bbinherit\u00a0\u00bb column_padding_phone=\u00a0\u00bbinherit\u00a0\u00bb column_padding_position=\u00a0\u00bball\u00a0\u00bb column_element_spacing=\u00a0\u00bbdefault\u00a0\u00bb background_color_opacity=\u00a0\u00bb1&Prime; background_hover_color_opacity=\u00a0\u00bb1&Prime; column_shadow=\u00a0\u00bbnone\u00a0\u00bb column_border_radius=\u00a0\u00bbnone\u00a0\u00bb column_link_target=\u00a0\u00bb_self\u00a0\u00bb column_position=\u00a0\u00bbdefault\u00a0\u00bb advanced_gradient_angle=\u00a0\u00bb0&Prime; gradient_direction=\u00a0\u00bbleft_to_right\u00a0\u00bb overlay_strength=\u00a0\u00bb0.3&Prime; width=\u00a0\u00bb1\/1&Prime; tablet_width_inherit=\u00a0\u00bbdefault\u00a0\u00bb tablet_text_alignment=\u00a0\u00bbdefault\u00a0\u00bb phone_text_alignment=\u00a0\u00bbdefault\u00a0\u00bb animation_type=\u00a0\u00bbdefault\u00a0\u00bb enable_animation=\u00a0\u00bbtrue\u00a0\u00bb animation=\u00a0\u00bbfade-in-from-bottom\u00a0\u00bb bg_image_animation=\u00a0\u00bbfade-in\u00a0\u00bb border_type=\u00a0\u00bbsimple\u00a0\u00bb column_border_width=\u00a0\u00bbnone\u00a0\u00bb column_border_style=\u00a0\u00bbsolid\u00a0\u00bb gradient_type=\u00a0\u00bbdefault\u00a0\u00bb delay=\u00a0\u00bb600&Prime;][divider line_type=\u00a0\u00bbNo Line\u00a0\u00bb custom_height=\u00a0\u00bb30px\u00a0\u00bb][vc_column_text]\n<h3><span class=\"ez-toc-section\" id=\"Voyons_maintenant_ce_dont_nous_avons_besoin_lorsque_nous_demarrons_une_entreprise_individuelle\"><\/span>Voyons maintenant ce dont nous avons besoin lorsque nous d\u00e9marrons une entreprise individuelle :<span class=\"ez-toc-section-end\"><\/span><\/h3>\n[\/vc_column_text][divider line_type=\u00a0\u00bbNo Line\u00a0\u00bb custom_height=\u00a0\u00bb30px\u00a0\u00bb][toggles style=\u00a0\u00bbdefault\u00a0\u00bb accordion=\u00a0\u00bbtrue\u00a0\u00bb accordion_starting_functionality=\u00a0\u00bbdefault\u00a0\u00bb][toggle color=\u00a0\u00bbDefault\u00a0\u00bb heading_tag=\u00a0\u00bbdefault\u00a0\u00bb title=\u00a0\u00bb1. Adresse\u00a0\u00bb][vc_column_text]Vous avez besoin d\u2019une adresse pour votre entreprise, comme dans tous les autres types d\u2019entreprises. Si le titre de propri\u00e9t\u00e9 de la maison est \u00e0 votre nom, vous pouvez directement indiquer l\u2019adresse du domicile comme adresse de l\u2019entreprise, mais si le titre de propri\u00e9t\u00e9 de la maison appartient \u00e0 l\u2019un des membres de votre famille, vous devrez r\u00e9diger un contrat de location pour vous-m\u00eame. Si vous \u00eates locataire d\u2019un logement, vous pouvez sous-louer, mais en tant que conseiller financier, je vous recommande d\u2019informer votre propri\u00e9taire de cette situation.<\/p>\n<p>Si vous avez des difficult\u00e9s \u00e0 obtenir une adresse et que vous avez besoin d\u2019ouvrir une entreprise, alors je vous recommande d\u2019ouvrir une entreprise avec un bureau virtuel. Nous aurons \u00e9galement la possibilit\u00e9 d\u2019utiliser la facture \u00e9mise par le bureau virtuel comme une d\u00e9pense dans votre compte de base et la TVA comme remise.[\/vc_column_text][\/toggle][toggle color=\u00a0\u00bbDefault\u00a0\u00bb heading_tag=\u00a0\u00bbdefault\u00a0\u00bb title=\u00a0\u00bb2. Carte d\u2019identit\u00e9\u00a0\u00bb][vc_column_text]CARTE D\u2019IDENTIT\u00c9 DE LA R\u00c9PUBLIQUE DE TURQUIE, PASSEPORT EN COURS DE VALIDIT\u00c9 OU CARTE DE PERMIS DE S\u00c9JOUR POUR LES \u00c9TRANGERS[\/vc_column_text][\/toggle][toggle color=\u00a0\u00bbDefault\u00a0\u00bb heading_tag=\u00a0\u00bbdefault\u00a0\u00bb title=\u00a0\u00bb3. D\u00e9claration de signature et procuration\u00a0\u00bb][vc_column_text]PROCURATION COMPTABLE G\u00c9N\u00c9RALE POUR LE SUIVI DE VOTRE D\u00c9CLARATION DE SIGNATURE ET DES OP\u00c9RATIONS COMPTABLES DU NOTAIRE.[\/vc_column_text][\/toggle][toggle color=\u00a0\u00bbDefault\u00a0\u00bb heading_tag=\u00a0\u00bbdefault\u00a0\u00bb title=\u00a0\u00bb4. S\u00e9lection du domaine d\u2019activit\u00e9\u00a0\u00bb][vc_column_text]D\u00c9TERMINATION CLAIRE DU DOMAINE D\u2019ACTIVIT\u00c9 : Nous devrons d\u00e9terminer un code d\u2019activit\u00e9 en fonction de l\u2019activit\u00e9 que vous pr\u00e9senterez. Ce code figurera sur votre plaque d\u2019immatriculation et donnera aux tiers une id\u00e9e de votre entreprise. De plus, pour que le pr\u00e9pos\u00e9 au scrutin puisse conserver un rapport positif apr\u00e8s l\u2019ouverture, vous devez d\u00e9terminer un code d\u2019activit\u00e9 compatible avec le travail que vous faites r\u00e9ellement.<\/p>\n<p>Une fois tous les documents et informations remplis, nous pouvons effectuer votre premi\u00e8re notification via l\u2019administration en ligne et votre plaque d\u2019immatriculation vous sera livr\u00e9e le jour m\u00eame ou le lendemain.<\/p>\n<p>Si vous souhaitez consulter un conseiller financier \u00e0 ce sujet ou sur d\u2019autres questions, je tiens \u00e0 vous informer que je suis pr\u00eat \u00e0 r\u00e9pondre \u00e0 vos questions au bureau de mon conseiller financier \u00e0 Fatih, Istanbul :)[\/vc_column_text][\/toggle][\/toggles][\/vc_column][\/vc_row][vc_row type=\u00a0\u00bbin_container\u00a0\u00bb full_screen_row_position=\u00a0\u00bbmiddle\u00a0\u00bb column_margin=\u00a0\u00bbdefault\u00a0\u00bb column_direction=\u00a0\u00bbdefault\u00a0\u00bb column_direction_tablet=\u00a0\u00bbdefault\u00a0\u00bb column_direction_phone=\u00a0\u00bbdefault\u00a0\u00bb scene_position=\u00a0\u00bbcenter\u00a0\u00bb text_color=\u00a0\u00bbdark\u00a0\u00bb text_align=\u00a0\u00bbleft\u00a0\u00bb row_border_radius=\u00a0\u00bbnone\u00a0\u00bb row_border_radius_applies=\u00a0\u00bbbg\u00a0\u00bb overflow=\u00a0\u00bbvisible\u00a0\u00bb overlay_strength=\u00a0\u00bb0.3&Prime; gradient_direction=\u00a0\u00bbleft_to_right\u00a0\u00bb shape_divider_position=\u00a0\u00bbbottom\u00a0\u00bb bg_image_animation=\u00a0\u00bbnone\u00a0\u00bb size=\u00a0\u00bblarge\u00a0\u00bb open_new_tab=\u00a0\u00bb\u00a0\u00bb button_style=\u00a0\u00bbsee-through-2&Prime; button_color=\u00a0\u00bbAccent-Color\u00a0\u00bb button_color_2=\u00a0\u00bbAccent-Color\u00a0\u00bb color_override=\u00a0\u00bb#c56555&Prime; solid_text_color_override=\u00a0\u00bb\u00a0\u00bb hover_color_override=\u00a0\u00bb\u00a0\u00bb hover_text_color_override=\u00a0\u00bb#ffffff\u00a0\u00bb icon_family=\u00a0\u00bbdefault_arrow\u00a0\u00bb nofollow=\u00a0\u00bb\u00a0\u00bb el_class=\u00a0\u00bb\u00a0\u00bb button_id=\u00a0\u00bb\u00a0\u00bb url=\u00a0\u00bb\/free-consultation\/\u00a0\u00bb text=\u00a0\u00bbFree ConsultatIon\u00a0\u00bb margin_top=\u00a0\u00bb30&Prime; margin_bottom=\u00a0\u00bb\u00a0\u00bb margin_left=\u00a0\u00bb\u00a0\u00bb margin_right=\u00a0\u00bb\u00a0\u00bb css_animation=\u00a0\u00bb\u00a0\u00bb icon_fontawesome=\u00a0\u00bb\u00a0\u00bb icon_iconsmind=\u00a0\u00bb\u00a0\u00bb icon_linecons=\u00a0\u00bb\u00a0\u00bb icon_steadysets=\u00a0\u00bb\u00a0\u00bb][vc_column column_padding=\u00a0\u00bbno-extra-padding\u00a0\u00bb column_padding_tablet=\u00a0\u00bbinherit\u00a0\u00bb column_padding_phone=\u00a0\u00bbinherit\u00a0\u00bb column_padding_position=\u00a0\u00bball\u00a0\u00bb column_element_spacing=\u00a0\u00bbdefault\u00a0\u00bb centered_text=\u00a0\u00bbtrue\u00a0\u00bb background_color_opacity=\u00a0\u00bb1&Prime; background_hover_color_opacity=\u00a0\u00bb1&Prime; column_shadow=\u00a0\u00bbnone\u00a0\u00bb column_border_radius=\u00a0\u00bbnone\u00a0\u00bb column_link_target=\u00a0\u00bb_self\u00a0\u00bb column_position=\u00a0\u00bbdefault\u00a0\u00bb advanced_gradient_angle=\u00a0\u00bb0&Prime; gradient_direction=\u00a0\u00bbleft_to_right\u00a0\u00bb overlay_strength=\u00a0\u00bb0.3&Prime; width=\u00a0\u00bb1\/1&Prime; tablet_width_inherit=\u00a0\u00bbdefault\u00a0\u00bb tablet_text_alignment=\u00a0\u00bbdefault\u00a0\u00bb phone_text_alignment=\u00a0\u00bbdefault\u00a0\u00bb animation_type=\u00a0\u00bbdefault\u00a0\u00bb bg_image_animation=\u00a0\u00bbnone\u00a0\u00bb border_type=\u00a0\u00bbsimple\u00a0\u00bb column_border_width=\u00a0\u00bbnone\u00a0\u00bb column_border_style=\u00a0\u00bbsolid\u00a0\u00bb gradient_type=\u00a0\u00bbdefault\u00a0\u00bb][nectar_btn size=\u00a0\u00bblarge\u00a0\u00bb button_style=\u00a0\u00bbsee-through-2&Prime; color_override=\u00a0\u00bb#dcc457&Prime; hover_text_color_override=\u00a0\u00bb#ffffff\u00a0\u00bb icon_family=\u00a0\u00bbdefault_arrow\u00a0\u00bb url=\u00a0\u00bb\/Contact\/\u00a0\u00bb text=\u00a0\u00bbContact\u00a0\u00bb margin_top=\u00a0\u00bb30&Prime;][\/vc_column][\/vc_row]\n","protected":false},"excerpt":{"rendered":"<p>[vc_row type=\u00a0\u00bbin_container\u00a0\u00bb full_screen_row_position=\u00a0\u00bbmiddle\u00a0\u00bb column_margin=\u00a0\u00bbdefault\u00a0\u00bb equal_height=\u00a0\u00bbyes\u00a0\u00bb content_placement=\u00a0\u00bbmiddle\u00a0\u00bb column_direction=\u00a0\u00bbdefault\u00a0\u00bb column_direction_tablet=\u00a0\u00bbdefault\u00a0\u00bb column_direction_phone=\u00a0\u00bbdefault\u00a0\u00bb scene_position=\u00a0\u00bbcenter\u00a0\u00bb top_margin=\u00a0\u00bb30px\u00a0\u00bb text_color=\u00a0\u00bbdark\u00a0\u00bb text_align=\u00a0\u00bbleft\u00a0\u00bb row_border_radius=\u00a0\u00bbnone\u00a0\u00bb row_border_radius_applies=\u00a0\u00bbbg\u00a0\u00bb overflow=\u00a0\u00bbvisible\u00a0\u00bb advanced_gradient_angle=\u00a0\u00bb0&Prime; overlay_strength=\u00a0\u00bb0.3&Prime; gradient_direction=\u00a0\u00bbleft_to_right\u00a0\u00bb shape_divider_position=\u00a0\u00bbbottom\u00a0\u00bb bg_image_animation=\u00a0\u00bbnone\u00a0\u00bb gradient_type=\u00a0\u00bbdefault\u00a0\u00bb shape_type=\u00a0\u00bb\u00a0\u00bb][vc_column column_padding=\u00a0\u00bbno-extra-padding\u00a0\u00bb column_padding_tablet=\u00a0\u00bbinherit\u00a0\u00bb column_padding_phone=\u00a0\u00bbinherit\u00a0\u00bb column_padding_position=\u00a0\u00bball\u00a0\u00bb column_element_spacing=\u00a0\u00bbdefault\u00a0\u00bb background_color_opacity=\u00a0\u00bb1&Prime; background_hover_color_opacity=\u00a0\u00bb1&Prime;&#8230;<\/p>\n","protected":false},"author":8,"featured_media":0,"parent":0,"menu_order":0,"comment_status":"closed","ping_status":"closed","template":"","meta":{"footnotes":""},"class_list":["post-10167","page","type-page","status-publish"],"yoast_head":"<!-- This site is optimized with the Yoast SEO plugin v25.1 - https:\/\/yoast.com\/wordpress\/plugins\/seo\/ -->\n<title>Etablissement d\u2019entreprise individuelle - Mali M\u00fc\u015favir Aksaray | Ahmet Faruk Alt\u0131nda\u015f<\/title>\n<meta name=\"robots\" content=\"index, follow, max-snippet:-1, max-image-preview:large, max-video-preview:-1\" \/>\n<link rel=\"canonical\" href=\"https:\/\/ahmetfarukaltindas.com\/fr\/etablissement-dentreprise-individuelle\/\" \/>\n<meta property=\"og:locale\" content=\"fr_FR\" \/>\n<meta property=\"og:type\" content=\"article\" \/>\n<meta property=\"og:title\" content=\"Etablissement d\u2019entreprise individuelle - Mali M\u00fc\u015favir Aksaray | Ahmet Faruk Alt\u0131nda\u015f\" \/>\n<meta property=\"og:description\" content=\"[vc_row type=\u00a0\u00bbin_container\u00a0\u00bb full_screen_row_position=\u00a0\u00bbmiddle\u00a0\u00bb column_margin=\u00a0\u00bbdefault\u00a0\u00bb equal_height=\u00a0\u00bbyes\u00a0\u00bb content_placement=\u00a0\u00bbmiddle\u00a0\u00bb column_direction=\u00a0\u00bbdefault\u00a0\u00bb column_direction_tablet=\u00a0\u00bbdefault\u00a0\u00bb column_direction_phone=\u00a0\u00bbdefault\u00a0\u00bb scene_position=\u00a0\u00bbcenter\u00a0\u00bb top_margin=\u00a0\u00bb30px\u00a0\u00bb text_color=\u00a0\u00bbdark\u00a0\u00bb text_align=\u00a0\u00bbleft\u00a0\u00bb row_border_radius=\u00a0\u00bbnone\u00a0\u00bb row_border_radius_applies=\u00a0\u00bbbg\u00a0\u00bb overflow=\u00a0\u00bbvisible\u00a0\u00bb advanced_gradient_angle=\u00a0\u00bb0&Prime; overlay_strength=\u00a0\u00bb0.3&Prime; gradient_direction=\u00a0\u00bbleft_to_right\u00a0\u00bb shape_divider_position=\u00a0\u00bbbottom\u00a0\u00bb bg_image_animation=\u00a0\u00bbnone\u00a0\u00bb gradient_type=\u00a0\u00bbdefault\u00a0\u00bb shape_type=\u00a0\u00bb\u00a0\u00bb][vc_column column_padding=\u00a0\u00bbno-extra-padding\u00a0\u00bb column_padding_tablet=\u00a0\u00bbinherit\u00a0\u00bb column_padding_phone=\u00a0\u00bbinherit\u00a0\u00bb column_padding_position=\u00a0\u00bball\u00a0\u00bb column_element_spacing=\u00a0\u00bbdefault\u00a0\u00bb background_color_opacity=\u00a0\u00bb1&Prime; background_hover_color_opacity=\u00a0\u00bb1&Prime;...\" \/>\n<meta property=\"og:url\" content=\"https:\/\/ahmetfarukaltindas.com\/fr\/etablissement-dentreprise-individuelle\/\" \/>\n<meta property=\"og:site_name\" content=\"Mali M\u00fc\u015favir Aksaray | Ahmet Faruk Alt\u0131nda\u015f\" \/>\n<meta property=\"article:modified_time\" content=\"2024-02-12T15:33:59+00:00\" \/>\n<meta name=\"twitter:card\" content=\"summary_large_image\" \/>\n<meta name=\"twitter:label1\" content=\"Dur\u00e9e de lecture estim\u00e9e\" \/>\n\t<meta name=\"twitter:data1\" content=\"7 minutes\" \/>\n<!-- \/ Yoast SEO plugin. -->","yoast_head_json":{"title":"Etablissement d\u2019entreprise individuelle - Mali M\u00fc\u015favir Aksaray | Ahmet Faruk Alt\u0131nda\u015f","robots":{"index":"index","follow":"follow","max-snippet":"max-snippet:-1","max-image-preview":"max-image-preview:large","max-video-preview":"max-video-preview:-1"},"canonical":"https:\/\/ahmetfarukaltindas.com\/fr\/etablissement-dentreprise-individuelle\/","og_locale":"fr_FR","og_type":"article","og_title":"Etablissement d\u2019entreprise individuelle - Mali M\u00fc\u015favir Aksaray | Ahmet Faruk Alt\u0131nda\u015f","og_description":"[vc_row type=\u00a0\u00bbin_container\u00a0\u00bb full_screen_row_position=\u00a0\u00bbmiddle\u00a0\u00bb column_margin=\u00a0\u00bbdefault\u00a0\u00bb equal_height=\u00a0\u00bbyes\u00a0\u00bb content_placement=\u00a0\u00bbmiddle\u00a0\u00bb column_direction=\u00a0\u00bbdefault\u00a0\u00bb column_direction_tablet=\u00a0\u00bbdefault\u00a0\u00bb column_direction_phone=\u00a0\u00bbdefault\u00a0\u00bb scene_position=\u00a0\u00bbcenter\u00a0\u00bb top_margin=\u00a0\u00bb30px\u00a0\u00bb text_color=\u00a0\u00bbdark\u00a0\u00bb text_align=\u00a0\u00bbleft\u00a0\u00bb row_border_radius=\u00a0\u00bbnone\u00a0\u00bb row_border_radius_applies=\u00a0\u00bbbg\u00a0\u00bb overflow=\u00a0\u00bbvisible\u00a0\u00bb advanced_gradient_angle=\u00a0\u00bb0&Prime; overlay_strength=\u00a0\u00bb0.3&Prime; gradient_direction=\u00a0\u00bbleft_to_right\u00a0\u00bb shape_divider_position=\u00a0\u00bbbottom\u00a0\u00bb bg_image_animation=\u00a0\u00bbnone\u00a0\u00bb gradient_type=\u00a0\u00bbdefault\u00a0\u00bb shape_type=\u00a0\u00bb\u00a0\u00bb][vc_column column_padding=\u00a0\u00bbno-extra-padding\u00a0\u00bb column_padding_tablet=\u00a0\u00bbinherit\u00a0\u00bb column_padding_phone=\u00a0\u00bbinherit\u00a0\u00bb column_padding_position=\u00a0\u00bball\u00a0\u00bb column_element_spacing=\u00a0\u00bbdefault\u00a0\u00bb background_color_opacity=\u00a0\u00bb1&Prime; background_hover_color_opacity=\u00a0\u00bb1&Prime;...","og_url":"https:\/\/ahmetfarukaltindas.com\/fr\/etablissement-dentreprise-individuelle\/","og_site_name":"Mali M\u00fc\u015favir Aksaray | Ahmet Faruk Alt\u0131nda\u015f","article_modified_time":"2024-02-12T15:33:59+00:00","twitter_card":"summary_large_image","twitter_misc":{"Dur\u00e9e de lecture estim\u00e9e":"7 minutes"},"schema":{"@context":"https:\/\/schema.org","@graph":[{"@type":"WebPage","@id":"https:\/\/ahmetfarukaltindas.com\/fr\/etablissement-dentreprise-individuelle\/","url":"https:\/\/ahmetfarukaltindas.com\/fr\/etablissement-dentreprise-individuelle\/","name":"Etablissement d\u2019entreprise individuelle - Mali M\u00fc\u015favir Aksaray | Ahmet Faruk Alt\u0131nda\u015f","isPartOf":{"@id":"https:\/\/ahmetfarukaltindas.com\/fr\/#website"},"datePublished":"2023-01-11T01:05:24+00:00","dateModified":"2024-02-12T15:33:59+00:00","breadcrumb":{"@id":"https:\/\/ahmetfarukaltindas.com\/fr\/etablissement-dentreprise-individuelle\/#breadcrumb"},"inLanguage":"fr-FR","potentialAction":[{"@type":"ReadAction","target":["https:\/\/ahmetfarukaltindas.com\/fr\/etablissement-dentreprise-individuelle\/"]}]},{"@type":"BreadcrumbList","@id":"https:\/\/ahmetfarukaltindas.com\/fr\/etablissement-dentreprise-individuelle\/#breadcrumb","itemListElement":[{"@type":"ListItem","position":1,"name":"Anasayfa","item":"https:\/\/ahmetfarukaltindas.com\/fr\/domicile\/"},{"@type":"ListItem","position":2,"name":"Etablissement d\u2019entreprise individuelle"}]},{"@type":"WebSite","@id":"https:\/\/ahmetfarukaltindas.com\/fr\/#website","url":"https:\/\/ahmetfarukaltindas.com\/fr\/","name":"Mali M\u00fc\u015favir Aksaray | Ahmet Faruk Alt\u0131nda\u015f","description":"Fatih, \u0130stanbul","potentialAction":[{"@type":"SearchAction","target":{"@type":"EntryPoint","urlTemplate":"https:\/\/ahmetfarukaltindas.com\/fr\/?s={search_term_string}"},"query-input":{"@type":"PropertyValueSpecification","valueRequired":true,"valueName":"search_term_string"}}],"inLanguage":"fr-FR"}]}},"_links":{"self":[{"href":"https:\/\/ahmetfarukaltindas.com\/fr\/wp-json\/wp\/v2\/pages\/10167","targetHints":{"allow":["GET"]}}],"collection":[{"href":"https:\/\/ahmetfarukaltindas.com\/fr\/wp-json\/wp\/v2\/pages"}],"about":[{"href":"https:\/\/ahmetfarukaltindas.com\/fr\/wp-json\/wp\/v2\/types\/page"}],"author":[{"embeddable":true,"href":"https:\/\/ahmetfarukaltindas.com\/fr\/wp-json\/wp\/v2\/users\/8"}],"replies":[{"embeddable":true,"href":"https:\/\/ahmetfarukaltindas.com\/fr\/wp-json\/wp\/v2\/comments?post=10167"}],"version-history":[{"count":0,"href":"https:\/\/ahmetfarukaltindas.com\/fr\/wp-json\/wp\/v2\/pages\/10167\/revisions"}],"wp:attachment":[{"href":"https:\/\/ahmetfarukaltindas.com\/fr\/wp-json\/wp\/v2\/media?parent=10167"}],"curies":[{"name":"wp","href":"https:\/\/api.w.org\/{rel}","templated":true}]}}