{"id":8882,"date":"2023-01-20T01:14:21","date_gmt":"2023-01-19T22:14:21","guid":{"rendered":"https:\/\/ahmetfarukaltindas.com\/%d1%83%d1%81%d0%bb%d1%83%d0%b3%d0%b8-%d1%84%d0%b8%d0%bd%d0%b0%d0%bd%d1%81%d0%be%d0%b2%d0%be%d0%b3%d0%be-%d0%ba%d0%be%d0%bd%d1%81%d0%b0%d0%bb%d1%82%d0%b8%d0%bd%d0%b3%d0%b0\/"},"modified":"2023-05-08T13:13:29","modified_gmt":"2023-05-08T10:13:29","slug":"%d1%83%d1%81%d0%bb%d1%83%d0%b3%d0%b8-%d1%84%d0%b8%d0%bd%d0%b0%d0%bd%d1%81%d0%be%d0%b2%d0%be%d0%b3%d0%be-%d0%ba%d0%be%d0%bd%d1%81%d0%b0%d0%bb%d1%82%d0%b8%d0%bd%d0%b3%d0%b0","status":"publish","type":"page","link":"https:\/\/ahmetfarukaltindas.com\/ru\/%d1%83%d1%81%d0%bb%d1%83%d0%b3%d0%b8-%d1%84%d0%b8%d0%bd%d0%b0%d0%bd%d1%81%d0%be%d0%b2%d0%be%d0%b3%d0%be-%d0%ba%d0%be%d0%bd%d1%81%d0%b0%d0%bb%d1%82%d0%b8%d0%bd%d0%b3%d0%b0\/","title":{"rendered":"\u0423\u0441\u043b\u0443\u0433\u0438 \u0444\u0438\u043d\u0430\u043d\u0441\u043e\u0432\u043e\u0433\u043e \u043a\u043e\u043d\u0441\u0430\u043b\u0442\u0438\u043d\u0433\u0430"},"content":{"rendered":"[vc_row type=&#187;in_container&#187; full_screen_row_position=&#187;middle&#187; column_margin=&#187;default&#187; equal_height=&#187;yes&#187; content_placement=&#187;middle&#187; column_direction=&#187;default&#187; column_direction_tablet=&#187;default&#187; column_direction_phone=&#187;default&#187; scene_position=&#187;center&#187; top_margin=&#187;30px&#187; text_color=&#187;dark&#187; text_align=&#187;left&#187; row_border_radius=&#187;none&#187; row_border_radius_applies=&#187;bg&#187; overflow=&#187;visible&#187; advanced_gradient_angle=&#187;0&#8243; overlay_strength=&#187;0.3&#8243; gradient_direction=&#187;left_to_right&#187; shape_divider_position=&#187;bottom&#187; bg_image_animation=&#187;none&#187; gradient_type=&#187;default&#187; shape_type=&#187;&#187;][vc_column column_padding=&#187;no-extra-padding&#187; column_padding_tablet=&#187;inherit&#187; column_padding_phone=&#187;inherit&#187; column_padding_position=&#187;all&#187; column_element_spacing=&#187;default&#187; background_color_opacity=&#187;1&#8243; background_hover_color_opacity=&#187;1&#8243; column_shadow=&#187;none&#187; column_border_radius=&#187;none&#187; column_link_target=&#187;_self&#187; column_position=&#187;default&#187; advanced_gradient_angle=&#187;0&#8243; gradient_direction=&#187;left_to_right&#187; overlay_strength=&#187;0.3&#8243; width=&#187;1\/2&#8243; tablet_width_inherit=&#187;default&#187; tablet_text_alignment=&#187;default&#187; phone_text_alignment=&#187;default&#187; animation_type=&#187;default&#187; enable_animation=&#187;true&#187; animation=&#187;fade-in-from-bottom&#187; bg_image_animation=&#187;none&#187; border_type=&#187;simple&#187; column_border_width=&#187;none&#187; column_border_style=&#187;solid&#187; gradient_type=&#187;default&#187;][image_with_animation image_url=&#187;7622&#8243; image_size=&#187;medium&#187; animation_type=&#187;entrance&#187; animation=&#187;Fade In&#187; hover_animation=&#187;none&#187; alignment=&#187;center&#187; border_radius=&#187;none&#187; box_shadow=&#187;none&#187; image_loading=&#187;default&#187; max_width=&#187;100%&#187; max_width_mobile=&#187;default&#187;][\/vc_column][vc_column column_padding=&#187;padding-5-percent&#187; column_padding_tablet=&#187;inherit&#187; column_padding_phone=&#187;inherit&#187; column_padding_position=&#187;all&#187; column_element_spacing=&#187;default&#187; background_color=&#187;#ffffff&#187; background_color_opacity=&#187;1&#8243; background_hover_color_opacity=&#187;1&#8243; column_shadow=&#187;none&#187; column_border_radius=&#187;none&#187; column_link_target=&#187;_self&#187; column_position=&#187;default&#187; advanced_gradient_angle=&#187;0&#8243; gradient_direction=&#187;left_to_right&#187; overlay_strength=&#187;0.3&#8243; width=&#187;1\/2&#8243; tablet_width_inherit=&#187;default&#187; tablet_text_alignment=&#187;default&#187; phone_text_alignment=&#187;default&#187; animation_type=&#187;default&#187; enable_animation=&#187;true&#187; animation=&#187;fade-in-from-bottom&#187; bg_image_animation=&#187;none&#187; border_type=&#187;simple&#187; column_border_width=&#187;none&#187; column_border_style=&#187;solid&#187; gradient_type=&#187;default&#187; delay=&#187;300&#8243;][vc_column_text]\n<h1>\u0423\u0441\u043b\u0443\u0433\u0438 \u0444\u0438\u043d\u0430\u043d\u0441\u043e\u0432\u043e\u0433\u043e \u043a\u043e\u043d\u0441\u0430\u043b\u0442\u0438\u043d\u0433\u0430<\/h1>\n<p><a href=\"https:\/\/ahmetfarukaltindas.com\/limited-sirket-kurulusu\/\">\u0423\u0447\u0440\u0435\u0436\u0434\u0435\u043d\u0438\u0435 \u043e\u0431\u0449\u0435\u0441\u0442\u0432\u0430 \u0441 \u043e\u0433\u0440\u0430\u043d\u0438\u0447\u0435\u043d\u043d\u043e\u0439 \u043e\u0442\u0432\u0435\u0442\u0441\u0442\u0432\u0435\u043d\u043d\u043e\u0441\u0442\u044c\u044e<\/a><\/p>\n<p><a href=\"https:\/\/ahmetfarukaltindas.com\/sahis-sirketi-kurulusu\/\">\u0420\u0435\u0433\u0438\u0441\u0442\u0440\u0430\u0446\u0438\u044f \u0438\u043d\u0434\u0438\u0432\u0438\u0434\u0443\u0430\u043b\u044c\u043d\u043e\u0433\u043e \u043f\u0440\u0435\u0434\u043f\u0440\u0438\u043d\u0438\u043c\u0430\u0442\u0435\u043b\u044f<\/a><\/p>\n<p><a href=\"https:\/\/ahmetfarukaltindas.com\/yatirimcilar-icin-turk-vatandasligi\/\">\u0422\u0443\u0440\u0435\u0446\u043a\u043e\u0435 \u0433\u0440\u0430\u0436\u0434\u0430\u043d\u0441\u0442\u0432\u043e \u0434\u043b\u044f \u0438\u043d\u0432\u0435\u0441\u0442\u043e\u0440\u043e\u0432<\/a><\/p>\n<p><a href=\"https:\/\/ahmetfarukaltindas.com\/ikamet-izni-almak\/\">\u041f\u043e\u043b\u0443\u0447\u0435\u043d\u0438\u0435 \u0432\u0438\u0434\u0430 \u043d\u0430 \u0436\u0438\u0442\u0435\u043b\u044c\u0441\u0442\u0432\u043e<\/a><\/p>\n<p><a href=\"https:\/\/ahmetfarukaltindas.com\/calisma-izni-almak\/\">\u041f\u043e\u043b\u0443\u0447\u0435\u043d\u0438\u0435 \u0440\u0430\u0437\u0440\u0435\u0448\u0435\u043d\u0438\u044f \u043d\u0430 \u0440\u0430\u0431\u043e\u0442\u0443<\/a><\/p>\n<p><a href=\"https:\/\/ahmetfarukaltindas.com\/ru\/%d0%be%d1%84%d0%b8%d1%86%d0%b8%d0%b0%d0%bb%d1%8c%d0%bd%d1%8b%d0%b5-%d0%b1%d1%83%d1%85%d0%b3%d0%b0%d0%bb%d1%82%d0%b5%d1%80%d1%81%d0%ba%d0%b8%d0%b5-%d0%be%d0%bf%d0%b5%d1%80%d0%b0%d1%86%d0%b8%d0%b8\/\">\u041e\u0444\u0438\u0446\u0438\u0430\u043b\u044c\u043d\u044b\u0435 \u0431\u0443\u0445\u0433\u0430\u043b\u0442\u0435\u0440\u0441\u043a\u0438\u0435 \u043e\u043f\u0435\u0440\u0430\u0446\u0438\u0438<\/a><\/p>\n<p><a href=\"https:\/\/ahmetfarukaltindas.com\/ru\/%d1%81%d0%be%d0%b7%d0%b4%d0%b0%d0%bd%d0%b8%d0%b5-%d0%ba%d0%be%d0%bc%d0%bf%d0%b0%d0%bd%d0%b8%d0%b8-%d0%b2-%d0%b0%d0%bc%d0%b5%d1%80%d0%b8%d0%ba%d0%b5\/\">\u0421\u043e\u0437\u0434\u0430\u043d\u0438\u0435 \u043a\u043e\u043c\u043f\u0430\u043d\u0438\u0438 \u0432 \u0410\u043c\u0435\u0440\u0438\u043a\u0435<\/a>[\/vc_column_text][divider line_type=&#187;No Line&#187; custom_height=&#187;30px&#187;][nectar_btn size=&#187;large&#187; button_style=&#187;see-through-2&#8243; color_override=&#187;#000000&#8243; hover_color_override=&#187;#dcc457&#8243; hover_text_color_override=&#187;#ffffff&#187; icon_family=&#187;default_arrow&#187; text=&#187;\u0421\u0432\u044f\u0437\u0430\u0442\u044c\u0441\u044f \u0441 \u043d\u0430\u043c\u0438&#187; url=&#187;\/contact\/&#187; css_animation=&#187;bounceInRight&#187;][\/vc_column][\/vc_row][vc_row type=&#187;in_container&#187; full_screen_row_position=&#187;middle&#187; column_margin=&#187;default&#187; column_direction=&#187;default&#187; column_direction_tablet=&#187;default&#187; column_direction_phone=&#187;default&#187; scene_position=&#187;center&#187; text_color=&#187;dark&#187; text_align=&#187;left&#187; row_border_radius=&#187;none&#187; row_border_radius_applies=&#187;bg&#187; overflow=&#187;visible&#187; disable_element=&#187;yes&#187; advanced_gradient_angle=&#187;0&#8243; overlay_strength=&#187;0.3&#8243; gradient_direction=&#187;left_to_right&#187; shape_divider_position=&#187;bottom&#187; bg_image_animation=&#187;none&#187; size=&#187;large&#187; open_new_tab=&#187;&#187; button_style=&#187;see-through-2&#8243; button_color=&#187;Accent-Color&#187; button_color_2=&#187;Accent-Color&#187; color_override=&#187;#c56555&#8243; solid_text_color_override=&#187;&#187; hover_color_override=&#187;&#187; hover_text_color_override=&#187;#ffffff&#187; icon_family=&#187;default_arrow&#187; nofollow=&#187;&#187; el_class=&#187;&#187; button_id=&#187;&#187; url=&#187;\/free-consultation\/&#187; text=&#187;Free ConsultatIon&#187; margin_top=&#187;30&#8243; margin_bottom=&#187;&#187; margin_left=&#187;&#187; margin_right=&#187;&#187; css_animation=&#187;&#187; icon_fontawesome=&#187;&#187; icon_iconsmind=&#187;&#187; icon_linecons=&#187;&#187; icon_steadysets=&#187;&#187; gradient_type=&#187;default&#187; shape_type=&#187;&#187;][vc_column column_padding=&#187;no-extra-padding&#187; column_padding_tablet=&#187;inherit&#187; column_padding_phone=&#187;inherit&#187; column_padding_position=&#187;all&#187; column_element_spacing=&#187;default&#187; centered_text=&#187;true&#187; background_color_opacity=&#187;1&#8243; background_hover_color_opacity=&#187;1&#8243; column_shadow=&#187;none&#187; column_border_radius=&#187;none&#187; column_link_target=&#187;_self&#187; column_position=&#187;default&#187; advanced_gradient_angle=&#187;0&#8243; gradient_direction=&#187;left_to_right&#187; overlay_strength=&#187;0.3&#8243; width=&#187;1\/1&#8243; tablet_width_inherit=&#187;default&#187; tablet_text_alignment=&#187;default&#187; phone_text_alignment=&#187;default&#187; animation_type=&#187;default&#187; bg_image_animation=&#187;none&#187; border_type=&#187;simple&#187; column_border_width=&#187;none&#187; column_border_style=&#187;solid&#187; gradient_type=&#187;default&#187;][nectar_btn size=&#187;large&#187; button_style=&#187;see-through-2&#8243; color_override=&#187;#dcc457&#8243; hover_text_color_override=&#187;#ffffff&#187; icon_family=&#187;default_arrow&#187; url=&#187;\/contact\/&#187; text=&#187;\u0421\u0432\u044f\u0437\u0430\u0442\u044c\u0441\u044f \u0441 \u043d\u0430\u043c\u0438&#187; margin_top=&#187;30&#8243;][\/vc_column][\/vc_row]\n","protected":false},"excerpt":{"rendered":"<p>[vc_row type=&#187;in_container&#187; full_screen_row_position=&#187;middle&#187; column_margin=&#187;default&#187; equal_height=&#187;yes&#187; content_placement=&#187;middle&#187; column_direction=&#187;default&#187; column_direction_tablet=&#187;default&#187; column_direction_phone=&#187;default&#187; scene_position=&#187;center&#187; top_margin=&#187;30px&#187; text_color=&#187;dark&#187; text_align=&#187;left&#187; row_border_radius=&#187;none&#187; row_border_radius_applies=&#187;bg&#187; overflow=&#187;visible&#187; advanced_gradient_angle=&#187;0&#8243; overlay_strength=&#187;0.3&#8243; gradient_direction=&#187;left_to_right&#187; shape_divider_position=&#187;bottom&#187; bg_image_animation=&#187;none&#187; gradient_type=&#187;default&#187; shape_type=&#187;&#187;][vc_column column_padding=&#187;no-extra-padding&#187; column_padding_tablet=&#187;inherit&#187; column_padding_phone=&#187;inherit&#187; column_padding_position=&#187;all&#187; column_element_spacing=&#187;default&#187; background_color_opacity=&#187;1&#8243; background_hover_color_opacity=&#187;1&#8243;&#8230;<\/p>\n","protected":false},"author":8,"featured_media":0,"parent":0,"menu_order":0,"comment_status":"closed","ping_status":"closed","template":"","meta":{"footnotes":""},"class_list":["post-8882","page","type-page","status-publish"],"yoast_head":"<!-- This site is optimized with the Yoast SEO plugin v25.1 - https:\/\/yoast.com\/wordpress\/plugins\/seo\/ -->\n<title>\u0423\u0441\u043b\u0443\u0433\u0438 \u0444\u0438\u043d\u0430\u043d\u0441\u043e\u0432\u043e\u0433\u043e \u043a\u043e\u043d\u0441\u0430\u043b\u0442\u0438\u043d\u0433\u0430 - Mali M\u00fc\u015favir Aksaray | Ahmet Faruk Alt\u0131nda\u015f<\/title>\n<meta name=\"robots\" content=\"index, follow, max-snippet:-1, max-image-preview:large, max-video-preview:-1\" \/>\n<link rel=\"canonical\" href=\"https:\/\/ahmetfarukaltindas.com\/ru\/%d1%83%d1%81%d0%bb%d1%83%d0%b3%d0%b8-%d1%84%d0%b8%d0%bd%d0%b0%d0%bd%d1%81%d0%be%d0%b2%d0%be%d0%b3%d0%be-%d0%ba%d0%be%d0%bd%d1%81%d0%b0%d0%bb%d1%82%d0%b8%d0%bd%d0%b3%d0%b0\/\" \/>\n<meta property=\"og:locale\" content=\"ru_RU\" \/>\n<meta property=\"og:type\" content=\"article\" \/>\n<meta property=\"og:title\" content=\"\u0423\u0441\u043b\u0443\u0433\u0438 \u0444\u0438\u043d\u0430\u043d\u0441\u043e\u0432\u043e\u0433\u043e \u043a\u043e\u043d\u0441\u0430\u043b\u0442\u0438\u043d\u0433\u0430 - Mali M\u00fc\u015favir Aksaray | Ahmet Faruk Alt\u0131nda\u015f\" \/>\n<meta property=\"og:description\" content=\"[vc_row type=&#187;in_container&#187; full_screen_row_position=&#187;middle&#187; column_margin=&#187;default&#187; equal_height=&#187;yes&#187; content_placement=&#187;middle&#187; column_direction=&#187;default&#187; column_direction_tablet=&#187;default&#187; column_direction_phone=&#187;default&#187; scene_position=&#187;center&#187; top_margin=&#187;30px&#187; text_color=&#187;dark&#187; text_align=&#187;left&#187; row_border_radius=&#187;none&#187; row_border_radius_applies=&#187;bg&#187; overflow=&#187;visible&#187; advanced_gradient_angle=&#187;0&#8243; overlay_strength=&#187;0.3&#8243; gradient_direction=&#187;left_to_right&#187; shape_divider_position=&#187;bottom&#187; bg_image_animation=&#187;none&#187; gradient_type=&#187;default&#187; shape_type=&#187;&#187;][vc_column column_padding=&#187;no-extra-padding&#187; column_padding_tablet=&#187;inherit&#187; column_padding_phone=&#187;inherit&#187; column_padding_position=&#187;all&#187; column_element_spacing=&#187;default&#187; background_color_opacity=&#187;1&#8243; background_hover_color_opacity=&#187;1&#8243;...\" \/>\n<meta property=\"og:url\" content=\"https:\/\/ahmetfarukaltindas.com\/ru\/%d1%83%d1%81%d0%bb%d1%83%d0%b3%d0%b8-%d1%84%d0%b8%d0%bd%d0%b0%d0%bd%d1%81%d0%be%d0%b2%d0%be%d0%b3%d0%be-%d0%ba%d0%be%d0%bd%d1%81%d0%b0%d0%bb%d1%82%d0%b8%d0%bd%d0%b3%d0%b0\/\" \/>\n<meta property=\"og:site_name\" content=\"Mali M\u00fc\u015favir Aksaray | Ahmet Faruk Alt\u0131nda\u015f\" \/>\n<meta property=\"article:modified_time\" content=\"2023-05-08T10:13:29+00:00\" \/>\n<meta name=\"twitter:card\" content=\"summary_large_image\" \/>\n<meta name=\"twitter:label1\" content=\"\u041f\u0440\u0438\u043c\u0435\u0440\u043d\u043e\u0435 \u0432\u0440\u0435\u043c\u044f \u0434\u043b\u044f \u0447\u0442\u0435\u043d\u0438\u044f\" \/>\n\t<meta name=\"twitter:data1\" content=\"3 \u043c\u0438\u043d\u0443\u0442\u044b\" \/>\n<!-- \/ Yoast SEO plugin. -->","yoast_head_json":{"title":"\u0423\u0441\u043b\u0443\u0433\u0438 \u0444\u0438\u043d\u0430\u043d\u0441\u043e\u0432\u043e\u0433\u043e \u043a\u043e\u043d\u0441\u0430\u043b\u0442\u0438\u043d\u0433\u0430 - Mali M\u00fc\u015favir Aksaray | Ahmet Faruk Alt\u0131nda\u015f","robots":{"index":"index","follow":"follow","max-snippet":"max-snippet:-1","max-image-preview":"max-image-preview:large","max-video-preview":"max-video-preview:-1"},"canonical":"https:\/\/ahmetfarukaltindas.com\/ru\/%d1%83%d1%81%d0%bb%d1%83%d0%b3%d0%b8-%d1%84%d0%b8%d0%bd%d0%b0%d0%bd%d1%81%d0%be%d0%b2%d0%be%d0%b3%d0%be-%d0%ba%d0%be%d0%bd%d1%81%d0%b0%d0%bb%d1%82%d0%b8%d0%bd%d0%b3%d0%b0\/","og_locale":"ru_RU","og_type":"article","og_title":"\u0423\u0441\u043b\u0443\u0433\u0438 \u0444\u0438\u043d\u0430\u043d\u0441\u043e\u0432\u043e\u0433\u043e \u043a\u043e\u043d\u0441\u0430\u043b\u0442\u0438\u043d\u0433\u0430 - Mali M\u00fc\u015favir Aksaray | Ahmet Faruk Alt\u0131nda\u015f","og_description":"[vc_row type=&#187;in_container&#187; full_screen_row_position=&#187;middle&#187; column_margin=&#187;default&#187; equal_height=&#187;yes&#187; content_placement=&#187;middle&#187; column_direction=&#187;default&#187; column_direction_tablet=&#187;default&#187; column_direction_phone=&#187;default&#187; scene_position=&#187;center&#187; top_margin=&#187;30px&#187; text_color=&#187;dark&#187; text_align=&#187;left&#187; row_border_radius=&#187;none&#187; row_border_radius_applies=&#187;bg&#187; overflow=&#187;visible&#187; advanced_gradient_angle=&#187;0&#8243; overlay_strength=&#187;0.3&#8243; gradient_direction=&#187;left_to_right&#187; shape_divider_position=&#187;bottom&#187; bg_image_animation=&#187;none&#187; gradient_type=&#187;default&#187; shape_type=&#187;&#187;][vc_column column_padding=&#187;no-extra-padding&#187; column_padding_tablet=&#187;inherit&#187; column_padding_phone=&#187;inherit&#187; column_padding_position=&#187;all&#187; column_element_spacing=&#187;default&#187; background_color_opacity=&#187;1&#8243; background_hover_color_opacity=&#187;1&#8243;...","og_url":"https:\/\/ahmetfarukaltindas.com\/ru\/%d1%83%d1%81%d0%bb%d1%83%d0%b3%d0%b8-%d1%84%d0%b8%d0%bd%d0%b0%d0%bd%d1%81%d0%be%d0%b2%d0%be%d0%b3%d0%be-%d0%ba%d0%be%d0%bd%d1%81%d0%b0%d0%bb%d1%82%d0%b8%d0%bd%d0%b3%d0%b0\/","og_site_name":"Mali M\u00fc\u015favir Aksaray | Ahmet Faruk Alt\u0131nda\u015f","article_modified_time":"2023-05-08T10:13:29+00:00","twitter_card":"summary_large_image","twitter_misc":{"\u041f\u0440\u0438\u043c\u0435\u0440\u043d\u043e\u0435 \u0432\u0440\u0435\u043c\u044f \u0434\u043b\u044f \u0447\u0442\u0435\u043d\u0438\u044f":"3 \u043c\u0438\u043d\u0443\u0442\u044b"},"schema":{"@context":"https:\/\/schema.org","@graph":[{"@type":"WebPage","@id":"https:\/\/ahmetfarukaltindas.com\/ru\/%d1%83%d1%81%d0%bb%d1%83%d0%b3%d0%b8-%d1%84%d0%b8%d0%bd%d0%b0%d0%bd%d1%81%d0%be%d0%b2%d0%be%d0%b3%d0%be-%d0%ba%d0%be%d0%bd%d1%81%d0%b0%d0%bb%d1%82%d0%b8%d0%bd%d0%b3%d0%b0\/","url":"https:\/\/ahmetfarukaltindas.com\/ru\/%d1%83%d1%81%d0%bb%d1%83%d0%b3%d0%b8-%d1%84%d0%b8%d0%bd%d0%b0%d0%bd%d1%81%d0%be%d0%b2%d0%be%d0%b3%d0%be-%d0%ba%d0%be%d0%bd%d1%81%d0%b0%d0%bb%d1%82%d0%b8%d0%bd%d0%b3%d0%b0\/","name":"\u0423\u0441\u043b\u0443\u0433\u0438 \u0444\u0438\u043d\u0430\u043d\u0441\u043e\u0432\u043e\u0433\u043e \u043a\u043e\u043d\u0441\u0430\u043b\u0442\u0438\u043d\u0433\u0430 - Mali M\u00fc\u015favir Aksaray | Ahmet Faruk Alt\u0131nda\u015f","isPartOf":{"@id":"https:\/\/ahmetfarukaltindas.com\/ru\/#website"},"datePublished":"2023-01-19T22:14:21+00:00","dateModified":"2023-05-08T10:13:29+00:00","breadcrumb":{"@id":"https:\/\/ahmetfarukaltindas.com\/ru\/%d1%83%d1%81%d0%bb%d1%83%d0%b3%d0%b8-%d1%84%d0%b8%d0%bd%d0%b0%d0%bd%d1%81%d0%be%d0%b2%d0%be%d0%b3%d0%be-%d0%ba%d0%be%d0%bd%d1%81%d0%b0%d0%bb%d1%82%d0%b8%d0%bd%d0%b3%d0%b0\/#breadcrumb"},"inLanguage":"ru-RU","potentialAction":[{"@type":"ReadAction","target":["https:\/\/ahmetfarukaltindas.com\/ru\/%d1%83%d1%81%d0%bb%d1%83%d0%b3%d0%b8-%d1%84%d0%b8%d0%bd%d0%b0%d0%bd%d1%81%d0%be%d0%b2%d0%be%d0%b3%d0%be-%d0%ba%d0%be%d0%bd%d1%81%d0%b0%d0%bb%d1%82%d0%b8%d0%bd%d0%b3%d0%b0\/"]}]},{"@type":"BreadcrumbList","@id":"https:\/\/ahmetfarukaltindas.com\/ru\/%d1%83%d1%81%d0%bb%d1%83%d0%b3%d0%b8-%d1%84%d0%b8%d0%bd%d0%b0%d0%bd%d1%81%d0%be%d0%b2%d0%be%d0%b3%d0%be-%d0%ba%d0%be%d0%bd%d1%81%d0%b0%d0%bb%d1%82%d0%b8%d0%bd%d0%b3%d0%b0\/#breadcrumb","itemListElement":[{"@type":"ListItem","position":1,"name":"Anasayfa","item":"https:\/\/ahmetfarukaltindas.com\/ru\/%d0%b4%d0%be%d0%bc%d0%b0%d1%88%d0%bd%d1%8f%d1%8f-%d1%81%d1%82%d1%80%d0%b0%d0%bd%d0%b8%d1%86%d0%b0\/"},{"@type":"ListItem","position":2,"name":"\u0423\u0441\u043b\u0443\u0433\u0438 \u0444\u0438\u043d\u0430\u043d\u0441\u043e\u0432\u043e\u0433\u043e \u043a\u043e\u043d\u0441\u0430\u043b\u0442\u0438\u043d\u0433\u0430"}]},{"@type":"WebSite","@id":"https:\/\/ahmetfarukaltindas.com\/ru\/#website","url":"https:\/\/ahmetfarukaltindas.com\/ru\/","name":"Mali M\u00fc\u015favir Aksaray | Ahmet Faruk Alt\u0131nda\u015f","description":"Fatih, \u0130stanbul","potentialAction":[{"@type":"SearchAction","target":{"@type":"EntryPoint","urlTemplate":"https:\/\/ahmetfarukaltindas.com\/ru\/?s={search_term_string}"},"query-input":{"@type":"PropertyValueSpecification","valueRequired":true,"valueName":"search_term_string"}}],"inLanguage":"ru-RU"}]}},"_links":{"self":[{"href":"https:\/\/ahmetfarukaltindas.com\/ru\/wp-json\/wp\/v2\/pages\/8882","targetHints":{"allow":["GET"]}}],"collection":[{"href":"https:\/\/ahmetfarukaltindas.com\/ru\/wp-json\/wp\/v2\/pages"}],"about":[{"href":"https:\/\/ahmetfarukaltindas.com\/ru\/wp-json\/wp\/v2\/types\/page"}],"author":[{"embeddable":true,"href":"https:\/\/ahmetfarukaltindas.com\/ru\/wp-json\/wp\/v2\/users\/8"}],"replies":[{"embeddable":true,"href":"https:\/\/ahmetfarukaltindas.com\/ru\/wp-json\/wp\/v2\/comments?post=8882"}],"version-history":[{"count":0,"href":"https:\/\/ahmetfarukaltindas.com\/ru\/wp-json\/wp\/v2\/pages\/8882\/revisions"}],"wp:attachment":[{"href":"https:\/\/ahmetfarukaltindas.com\/ru\/wp-json\/wp\/v2\/media?parent=8882"}],"curies":[{"name":"wp","href":"https:\/\/api.w.org\/{rel}","templated":true}]}}