{"id":8893,"date":"2023-02-01T02:40:55","date_gmt":"2023-01-31T23:40:55","guid":{"rendered":"https:\/\/ahmetfarukaltindas.com\/%d1%81%d0%be%d0%b7%d0%b4%d0%b0%d0%bd%d0%b8%d0%b5-%d0%ba%d0%be%d0%bc%d0%bf%d0%b0%d0%bd%d0%b8%d0%b8-%d0%b2-%d0%b0%d0%bc%d0%b5%d1%80%d0%b8%d0%ba%d0%b5\/"},"modified":"2024-02-12T18:40:32","modified_gmt":"2024-02-12T15:40:32","slug":"%d1%81%d0%be%d0%b7%d0%b4%d0%b0%d0%bd%d0%b8%d0%b5-%d0%ba%d0%be%d0%bc%d0%bf%d0%b0%d0%bd%d0%b8%d0%b8-%d0%b2-%d0%b0%d0%bc%d0%b5%d1%80%d0%b8%d0%ba%d0%b5","status":"publish","type":"page","link":"https:\/\/ahmetfarukaltindas.com\/ru\/%d1%81%d0%be%d0%b7%d0%b4%d0%b0%d0%bd%d0%b8%d0%b5-%d0%ba%d0%be%d0%bc%d0%bf%d0%b0%d0%bd%d0%b8%d0%b8-%d0%b2-%d0%b0%d0%bc%d0%b5%d1%80%d0%b8%d0%ba%d0%b5\/","title":{"rendered":"\u0421\u043e\u0437\u0434\u0430\u043d\u0438\u0435 \u043a\u043e\u043c\u043f\u0430\u043d\u0438\u0438 \u0432 \u0410\u043c\u0435\u0440\u0438\u043a\u0435"},"content":{"rendered":"[vc_row type=&#187;in_container&#187; full_screen_row_position=&#187;middle&#187; column_margin=&#187;default&#187; equal_height=&#187;yes&#187; content_placement=&#187;top&#187; column_direction=&#187;default&#187; column_direction_tablet=&#187;default&#187; column_direction_phone=&#187;default&#187; scene_position=&#187;center&#187; top_margin=&#187;30px&#187; text_color=&#187;dark&#187; text_align=&#187;left&#187; row_border_radius=&#187;none&#187; row_border_radius_applies=&#187;bg&#187; overflow=&#187;visible&#187; advanced_gradient_angle=&#187;0&#8243; overlay_strength=&#187;0.3&#8243; gradient_direction=&#187;left_to_right&#187; shape_divider_position=&#187;bottom&#187; bg_image_animation=&#187;none&#187; gradient_type=&#187;default&#187; shape_type=&#187;&#187;][vc_column column_padding=&#187;no-extra-padding&#187; column_padding_tablet=&#187;inherit&#187; column_padding_phone=&#187;inherit&#187; column_padding_position=&#187;all&#187; column_element_spacing=&#187;default&#187; background_color_opacity=&#187;1&#8243; background_hover_color_opacity=&#187;1&#8243; column_shadow=&#187;none&#187; column_border_radius=&#187;none&#187; column_link_target=&#187;_self&#187; column_position=&#187;default&#187; advanced_gradient_angle=&#187;0&#8243; gradient_direction=&#187;left_to_right&#187; overlay_strength=&#187;0.3&#8243; width=&#187;1\/2&#8243; tablet_width_inherit=&#187;default&#187; tablet_text_alignment=&#187;default&#187; phone_text_alignment=&#187;default&#187; animation_type=&#187;default&#187; enable_animation=&#187;true&#187; animation=&#187;fade-in-from-bottom&#187; bg_image_animation=&#187;none&#187; border_type=&#187;simple&#187; column_border_width=&#187;none&#187; column_border_style=&#187;solid&#187; gradient_type=&#187;default&#187;][image_with_animation image_url=&#187;10333&#8243; image_size=&#187;full&#187; animation_type=&#187;entrance&#187; animation=&#187;Fade In&#187; hover_animation=&#187;none&#187; alignment=&#187;center&#187; border_radius=&#187;none&#187; box_shadow=&#187;none&#187; image_loading=&#187;default&#187; max_width=&#187;100%&#187; max_width_mobile=&#187;default&#187;][\/vc_column][vc_column column_padding=&#187;padding-5-percent&#187; column_padding_tablet=&#187;inherit&#187; column_padding_phone=&#187;inherit&#187; column_padding_position=&#187;all&#187; column_element_spacing=&#187;default&#187; background_color=&#187;#ffffff&#187; background_color_opacity=&#187;1&#8243; background_hover_color_opacity=&#187;1&#8243; column_shadow=&#187;none&#187; column_border_radius=&#187;none&#187; column_link_target=&#187;_self&#187; column_position=&#187;default&#187; advanced_gradient_angle=&#187;0&#8243; gradient_direction=&#187;left_to_right&#187; overlay_strength=&#187;0.3&#8243; width=&#187;1\/2&#8243; tablet_width_inherit=&#187;default&#187; tablet_text_alignment=&#187;default&#187; phone_text_alignment=&#187;default&#187; animation_type=&#187;default&#187; enable_animation=&#187;true&#187; animation=&#187;fade-in-from-bottom&#187; bg_image_animation=&#187;none&#187; border_type=&#187;simple&#187; column_border_width=&#187;none&#187; column_border_style=&#187;solid&#187; gradient_type=&#187;default&#187; delay=&#187;300&#8243;][vc_column_text]\n<h1>\u0421\u043e\u0437\u0434\u0430\u043d\u0438\u0435 \u043a\u043e\u043c\u043f\u0430\u043d\u0438\u0438 \u0432 \u0410\u043c\u0435\u0440\u0438\u043a\u0435<\/h1>\n<p>\u041c\u044b \u0432\u044b\u043f\u043e\u043b\u043d\u0438\u043c \u0441\u043b\u0435\u0434\u0443\u044e\u0449\u0438\u0435 \u0448\u0430\u0433\u0438, \u0447\u0442\u043e\u0431\u044b \u0441\u043e\u0437\u0434\u0430\u0442\u044c \u043a\u043e\u043c\u043f\u0430\u043d\u0438\u044e \u0432 \u0410\u043c\u0435\u0440\u0438\u043a\u0435 \u043d\u0430 \u0432\u0430\u0448\u0435 \u0438\u043c\u044f:<\/p>\n<p><strong>\u0412\u044b\u0431\u043e\u0440 \u0442\u0438\u043f\u0430 \u043a\u043e\u043c\u043f\u0430\u043d\u0438\u0438:<\/strong> \u0421\u0443\u0449\u0435\u0441\u0442\u0432\u0443\u044e\u0442 \u0440\u0430\u0437\u043b\u0438\u0447\u043d\u044b\u0435 \u0442\u0438\u043f\u044b \u043a\u043e\u043c\u043f\u0430\u043d\u0438\u0439, \u0442\u0430\u043a\u0438\u0435 \u043a\u0430\u043a LLC, S-Corp, C-Corp \u0438 \u0442.\u0434., \u0438 \u043c\u044b \u0434\u043e\u043b\u0436\u043d\u044b \u043e\u043f\u0440\u0435\u0434\u0435\u043b\u0438\u0442\u044c, \u043a\u0430\u043a\u043e\u0439 \u0438\u0437 \u043d\u0438\u0445 \u043f\u043e\u0434\u0445\u043e\u0434\u0438\u0442 \u0432\u0430\u043c \u0431\u043e\u043b\u044c\u0448\u0435 \u0432\u0441\u0435\u0433\u043e.<\/p>\n<p><strong>\u041e\u043f\u0440\u0435\u0434\u0435\u043b\u0435\u043d\u0438\u0435 \u043d\u0430\u0437\u0432\u0430\u043d\u0438\u044f \u043a\u043e\u043c\u043f\u0430\u043d\u0438\u0438:<\/strong> \u041c\u044b \u043f\u0440\u043e\u0432\u0435\u0440\u044f\u0435\u043c \u043d\u0430\u043b\u0438\u0447\u0438\u0435 \u043d\u0430\u0437\u0432\u0430\u043d\u0438\u044f \u043a\u043e\u043c\u043f\u0430\u043d\u0438\u0438 \u0438 \u043f\u0440\u0438 \u043d\u0435\u043e\u0431\u0445\u043e\u0434\u0438\u043c\u043e\u0441\u0442\u0438 \u0440\u0435\u0433\u0438\u0441\u0442\u0440\u0438\u0440\u0443\u0435\u043c \u0435\u0433\u043e.<\/p>\n<p><strong>\u0412\u044b\u0434\u0430\u0447\u0430 \u0443\u0441\u0442\u0430\u0432\u0430:<\/strong> \u042d\u0442\u043e\u0442 \u0434\u043e\u043a\u0443\u043c\u0435\u043d\u0442 \u043d\u0435\u043e\u0431\u0445\u043e\u0434\u0438\u043c \u0434\u043b\u044f \u043f\u0440\u043e\u0432\u0435\u0440\u043a\u0438 \u0432\u0430\u0448\u0435\u0439 \u043a\u043e\u043c\u043f\u0430\u043d\u0438\u0438 \u0438 \u0441\u043e\u0434\u0435\u0440\u0436\u0438\u0442 \u0438\u043d\u0444\u043e\u0440\u043c\u0430\u0446\u0438\u044e \u043e \u0441\u0442\u0440\u0443\u043a\u0442\u0443\u0440\u0435 \u043a\u043e\u043c\u043f\u0430\u043d\u0438\u0438, \u0435\u0435 \u0446\u0435\u043b\u044f\u0445, \u0430\u043a\u0446\u0438\u043e\u043d\u0435\u0440\u0430\u0445 \u0438 \u0442.\u0434. \u0438\u043d\u0444\u043e\u0440\u043c\u0430\u0446\u0438\u044f \u043e\u0431 \u043e\u0440\u0433\u0430\u043d\u0438\u0437\u0430\u0446\u0438\u0438.<\/p>\n<p><strong>\u0420\u0435\u0433\u0438\u0441\u0442\u0440\u0430\u0446\u0438\u044f \u0432 \u0444\u0435\u0434\u0435\u0440\u0430\u043b\u044c\u043d\u043e\u0439 \u0438 \u0433\u043e\u0441\u0443\u0434\u0430\u0440\u0441\u0442\u0432\u0435\u043d\u043d\u043e\u0439 \u043d\u0430\u043b\u043e\u0433\u043e\u0432\u043e\u0439 \u0441\u0438\u0441\u0442\u0435\u043c\u0435:<\/strong> \u043f\u043e\u043b\u0443\u0447\u0435\u043d\u0438\u0435 \u043d\u0430\u043b\u043e\u0433\u043e\u0432\u043e\u0433\u043e \u043d\u043e\u043c\u0435\u0440\u0430 \u0432\u0430\u0448\u0435\u0439 \u043a\u043e\u043c\u043f\u0430\u043d\u0438\u0438 \u0438 \u0443\u043f\u043b\u0430\u0442\u0430 \u043d\u0435\u043e\u0431\u0445\u043e\u0434\u0438\u043c\u044b\u0445 \u043d\u0430\u043b\u043e\u0433\u043e\u0432.<\/p>\n<p><strong>\u041f\u043e\u043b\u0443\u0447\u0435\u043d\u0438\u0435 \u043b\u0438\u0446\u0435\u043d\u0437\u0438\u0438 \u043d\u0430 \u0432\u0435\u0434\u0435\u043d\u0438\u0435 \u0434\u0435\u044f\u0442\u0435\u043b\u044c\u043d\u043e\u0441\u0442\u0438:<\/strong> \u0412 \u0437\u0430\u0432\u0438\u0441\u0438\u043c\u043e\u0441\u0442\u0438 \u043e\u0442 \u0440\u0435\u0433\u0438\u043e\u043d\u0430 \u0438 \u0441\u0435\u043a\u0442\u043e\u0440\u0430, \u0432 \u043a\u043e\u0442\u043e\u0440\u043e\u043c \u043c\u043e\u0436\u0435\u0442 \u043e\u0441\u0443\u0449\u0435\u0441\u0442\u0432\u043b\u044f\u0442\u044c\u0441\u044f \u043f\u0440\u0435\u0434\u043f\u0440\u0438\u043d\u0438\u043c\u0430\u0442\u0435\u043b\u044c\u0441\u043a\u0430\u044f \u0434\u0435\u044f\u0442\u0435\u043b\u044c\u043d\u043e\u0441\u0442\u044c, \u043c\u043e\u0436\u0435\u0442 \u043f\u043e\u0442\u0440\u0435\u0431\u043e\u0432\u0430\u0442\u044c\u0441\u044f \u043b\u0438\u0446\u0435\u043d\u0437\u0438\u044f \u043d\u0430 \u0432\u0435\u0434\u0435\u043d\u0438\u0435 \u0431\u0438\u0437\u043d\u0435\u0441\u0430.<\/p>\n<p>\u0414\u0435\u0442\u0430\u043b\u0438 \u043f\u0440\u043e\u0446\u0435\u0434\u0443\u0440\u044b <strong>\u0440\u0435\u0433\u0438\u0441\u0442\u0440\u0430\u0446\u0438\u0438 \u043a\u043e\u043c\u043f\u0430\u043d\u0438\u0438 \u0432 \u0410\u043c\u0435\u0440\u0438\u043a\u0435<\/strong> \u043c\u043e\u0433\u0443\u0442 \u043e\u0442\u043b\u0438\u0447\u0430\u0442\u044c\u0441\u044f \u0432 \u0440\u0430\u0437\u043d\u044b\u0445 \u0448\u0442\u0430\u0442\u0430\u0445. \u0424\u0438\u043d\u0430\u043d\u0441\u043e\u0432\u0430\u044f \u043a\u043e\u043d\u0441\u0443\u043b\u044c\u0442\u0430\u0446\u0438\u043e\u043d\u043d\u0430\u044f \u0441\u043b\u0443\u0436\u0431\u0430 Ahmet Faruk Alt\u0131nda\u015f \u043f\u043e\u043c\u043e\u0436\u0435\u0442 \u0432\u0430\u043c \u0432 \u044d\u0442\u043e\u043c. \u041f\u043e\u0436\u0430\u043b\u0443\u0439\u0441\u0442\u0430, \u0441\u0432\u044f\u0436\u0438\u0442\u0435\u0441\u044c \u0441 \u043d\u0430\u043c\u0438, \u0437\u0430\u043f\u043e\u043b\u043d\u0438\u0432 <a href=\"https:\/\/ahmetfarukaltindas.com\/ru\/%d1%84%d0%be%d1%80%d0%bc%d0%b0-%d0%b7%d0%b0%d1%8f%d0%b2%d0%bb%d0%b5%d0%bd%d0%b8%d1%8f\/\">\u0444\u043e\u0440\u043c\u0443 \u0437\u0430\u044f\u0432\u043a\u0438<\/a>.[\/vc_column_text][divider line_type=&#187;No Line&#187; custom_height=&#187;30px&#187;][nectar_btn size=&#187;large&#187; button_style=&#187;see-through-2&#8243; color_override=&#187;#000000&#8243; hover_color_override=&#187;#dcc457&#8243; hover_text_color_override=&#187;#ffffff&#187; icon_family=&#187;default_arrow&#187; text=&#187;\u0424\u043e\u0440\u043c\u0430 \u0437\u0430\u044f\u0432\u043b\u0435\u043d\u0438\u044f&#187; url=&#187;\/mali-musavir-basavir-application-form\/&#187; css_animation=&#187;bounceInRight&#187;][\/vc_column][\/vc_row][vc_row type=&#187;in_container&#187; full_screen_row_position=&#187;middle&#187; column_margin=&#187;default&#187; column_direction=&#187;default&#187; column_direction_tablet=&#187;default&#187; column_direction_phone=&#187;default&#187; scene_position=&#187;center&#187; text_color=&#187;dark&#187; text_align=&#187;left&#187; row_border_radius=&#187;none&#187; row_border_radius_applies=&#187;bg&#187; overflow=&#187;visible&#187; overlay_strength=&#187;0.3&#8243; gradient_direction=&#187;left_to_right&#187; shape_divider_position=&#187;bottom&#187; bg_image_animation=&#187;none&#187; size=&#187;large&#187; open_new_tab=&#187;&#187; button_style=&#187;see-through-2&#8243; button_color=&#187;Accent-Color&#187; button_color_2=&#187;Accent-Color&#187; color_override=&#187;#c56555&#8243; solid_text_color_override=&#187;&#187; hover_color_override=&#187;&#187; hover_text_color_override=&#187;#ffffff&#187; icon_family=&#187;default_arrow&#187; nofollow=&#187;&#187; el_class=&#187;&#187; button_id=&#187;&#187; url=&#187;\/free-consultation\/&#187; text=&#187;Free ConsultatIon&#187; margin_top=&#187;30&#8243; margin_bottom=&#187;&#187; margin_left=&#187;&#187; margin_right=&#187;&#187; css_animation=&#187;&#187; icon_fontawesome=&#187;&#187; icon_iconsmind=&#187;&#187; icon_linecons=&#187;&#187; icon_steadysets=&#187;&#187;][vc_column column_padding=&#187;no-extra-padding&#187; column_padding_tablet=&#187;inherit&#187; column_padding_phone=&#187;inherit&#187; column_padding_position=&#187;all&#187; column_element_spacing=&#187;default&#187; centered_text=&#187;true&#187; background_color_opacity=&#187;1&#8243; background_hover_color_opacity=&#187;1&#8243; column_shadow=&#187;none&#187; column_border_radius=&#187;none&#187; column_link_target=&#187;_self&#187; column_position=&#187;default&#187; advanced_gradient_angle=&#187;0&#8243; gradient_direction=&#187;left_to_right&#187; overlay_strength=&#187;0.3&#8243; width=&#187;1\/1&#8243; tablet_width_inherit=&#187;default&#187; tablet_text_alignment=&#187;default&#187; phone_text_alignment=&#187;default&#187; animation_type=&#187;default&#187; bg_image_animation=&#187;none&#187; border_type=&#187;simple&#187; column_border_width=&#187;none&#187; column_border_style=&#187;solid&#187; gradient_type=&#187;default&#187;][nectar_btn size=&#187;large&#187; button_style=&#187;see-through-2&#8243; color_override=&#187;#dcc457&#8243; hover_text_color_override=&#187;#ffffff&#187; icon_family=&#187;default_arrow&#187; url=&#187;\/contact\/&#187; text=&#187;\u0421\u0432\u044f\u0437\u0430\u0442\u044c\u0441\u044f \u0441 \u043d\u0430\u043c\u0438&#187; margin_top=&#187;30&#8243;][\/vc_column][\/vc_row]\n","protected":false},"excerpt":{"rendered":"<p>[vc_row type=&#187;in_container&#187; full_screen_row_position=&#187;middle&#187; column_margin=&#187;default&#187; equal_height=&#187;yes&#187; content_placement=&#187;top&#187; column_direction=&#187;default&#187; column_direction_tablet=&#187;default&#187; column_direction_phone=&#187;default&#187; scene_position=&#187;center&#187; top_margin=&#187;30px&#187; text_color=&#187;dark&#187; text_align=&#187;left&#187; row_border_radius=&#187;none&#187; row_border_radius_applies=&#187;bg&#187; overflow=&#187;visible&#187; advanced_gradient_angle=&#187;0&#8243; overlay_strength=&#187;0.3&#8243; gradient_direction=&#187;left_to_right&#187; shape_divider_position=&#187;bottom&#187; bg_image_animation=&#187;none&#187; gradient_type=&#187;default&#187; shape_type=&#187;&#187;][vc_column column_padding=&#187;no-extra-padding&#187; column_padding_tablet=&#187;inherit&#187; column_padding_phone=&#187;inherit&#187; column_padding_position=&#187;all&#187; column_element_spacing=&#187;default&#187; background_color_opacity=&#187;1&#8243; background_hover_color_opacity=&#187;1&#8243;&#8230;<\/p>\n","protected":false},"author":8,"featured_media":0,"parent":0,"menu_order":0,"comment_status":"closed","ping_status":"closed","template":"","meta":{"footnotes":""},"class_list":["post-8893","page","type-page","status-publish"],"yoast_head":"<!-- This site is optimized with the Yoast SEO plugin v25.1 - https:\/\/yoast.com\/wordpress\/plugins\/seo\/ -->\n<title>\u0421\u043e\u0437\u0434\u0430\u043d\u0438\u0435 \u043a\u043e\u043c\u043f\u0430\u043d\u0438\u0438 \u0432 \u0410\u043c\u0435\u0440\u0438\u043a\u0435 - Mali M\u00fc\u015favir Aksaray | Ahmet Faruk Alt\u0131nda\u015f<\/title>\n<meta name=\"robots\" content=\"index, follow, max-snippet:-1, max-image-preview:large, max-video-preview:-1\" \/>\n<link rel=\"canonical\" href=\"https:\/\/ahmetfarukaltindas.com\/ru\/%d1%81%d0%be%d0%b7%d0%b4%d0%b0%d0%bd%d0%b8%d0%b5-%d0%ba%d0%be%d0%bc%d0%bf%d0%b0%d0%bd%d0%b8%d0%b8-%d0%b2-%d0%b0%d0%bc%d0%b5%d1%80%d0%b8%d0%ba%d0%b5\/\" \/>\n<meta property=\"og:locale\" content=\"ru_RU\" \/>\n<meta property=\"og:type\" content=\"article\" \/>\n<meta property=\"og:title\" content=\"\u0421\u043e\u0437\u0434\u0430\u043d\u0438\u0435 \u043a\u043e\u043c\u043f\u0430\u043d\u0438\u0438 \u0432 \u0410\u043c\u0435\u0440\u0438\u043a\u0435 - Mali M\u00fc\u015favir Aksaray | Ahmet Faruk Alt\u0131nda\u015f\" \/>\n<meta property=\"og:description\" content=\"[vc_row type=&#187;in_container&#187; full_screen_row_position=&#187;middle&#187; column_margin=&#187;default&#187; equal_height=&#187;yes&#187; content_placement=&#187;top&#187; column_direction=&#187;default&#187; column_direction_tablet=&#187;default&#187; column_direction_phone=&#187;default&#187; scene_position=&#187;center&#187; top_margin=&#187;30px&#187; text_color=&#187;dark&#187; text_align=&#187;left&#187; row_border_radius=&#187;none&#187; row_border_radius_applies=&#187;bg&#187; overflow=&#187;visible&#187; advanced_gradient_angle=&#187;0&#8243; overlay_strength=&#187;0.3&#8243; gradient_direction=&#187;left_to_right&#187; shape_divider_position=&#187;bottom&#187; bg_image_animation=&#187;none&#187; gradient_type=&#187;default&#187; shape_type=&#187;&#187;][vc_column column_padding=&#187;no-extra-padding&#187; column_padding_tablet=&#187;inherit&#187; column_padding_phone=&#187;inherit&#187; column_padding_position=&#187;all&#187; column_element_spacing=&#187;default&#187; background_color_opacity=&#187;1&#8243; background_hover_color_opacity=&#187;1&#8243;...\" \/>\n<meta property=\"og:url\" content=\"https:\/\/ahmetfarukaltindas.com\/ru\/%d1%81%d0%be%d0%b7%d0%b4%d0%b0%d0%bd%d0%b8%d0%b5-%d0%ba%d0%be%d0%bc%d0%bf%d0%b0%d0%bd%d0%b8%d0%b8-%d0%b2-%d0%b0%d0%bc%d0%b5%d1%80%d0%b8%d0%ba%d0%b5\/\" \/>\n<meta property=\"og:site_name\" content=\"Mali M\u00fc\u015favir Aksaray | Ahmet Faruk Alt\u0131nda\u015f\" \/>\n<meta property=\"article:modified_time\" content=\"2024-02-12T15:40:32+00:00\" \/>\n<meta name=\"twitter:card\" content=\"summary_large_image\" \/>\n<meta name=\"twitter:label1\" content=\"\u041f\u0440\u0438\u043c\u0435\u0440\u043d\u043e\u0435 \u0432\u0440\u0435\u043c\u044f \u0434\u043b\u044f \u0447\u0442\u0435\u043d\u0438\u044f\" \/>\n\t<meta name=\"twitter:data1\" content=\"3 \u043c\u0438\u043d\u0443\u0442\u044b\" \/>\n<!-- \/ Yoast SEO plugin. -->","yoast_head_json":{"title":"\u0421\u043e\u0437\u0434\u0430\u043d\u0438\u0435 \u043a\u043e\u043c\u043f\u0430\u043d\u0438\u0438 \u0432 \u0410\u043c\u0435\u0440\u0438\u043a\u0435 - Mali M\u00fc\u015favir Aksaray | Ahmet Faruk Alt\u0131nda\u015f","robots":{"index":"index","follow":"follow","max-snippet":"max-snippet:-1","max-image-preview":"max-image-preview:large","max-video-preview":"max-video-preview:-1"},"canonical":"https:\/\/ahmetfarukaltindas.com\/ru\/%d1%81%d0%be%d0%b7%d0%b4%d0%b0%d0%bd%d0%b8%d0%b5-%d0%ba%d0%be%d0%bc%d0%bf%d0%b0%d0%bd%d0%b8%d0%b8-%d0%b2-%d0%b0%d0%bc%d0%b5%d1%80%d0%b8%d0%ba%d0%b5\/","og_locale":"ru_RU","og_type":"article","og_title":"\u0421\u043e\u0437\u0434\u0430\u043d\u0438\u0435 \u043a\u043e\u043c\u043f\u0430\u043d\u0438\u0438 \u0432 \u0410\u043c\u0435\u0440\u0438\u043a\u0435 - Mali M\u00fc\u015favir Aksaray | Ahmet Faruk Alt\u0131nda\u015f","og_description":"[vc_row type=&#187;in_container&#187; full_screen_row_position=&#187;middle&#187; column_margin=&#187;default&#187; equal_height=&#187;yes&#187; content_placement=&#187;top&#187; column_direction=&#187;default&#187; column_direction_tablet=&#187;default&#187; column_direction_phone=&#187;default&#187; scene_position=&#187;center&#187; top_margin=&#187;30px&#187; text_color=&#187;dark&#187; text_align=&#187;left&#187; row_border_radius=&#187;none&#187; row_border_radius_applies=&#187;bg&#187; overflow=&#187;visible&#187; advanced_gradient_angle=&#187;0&#8243; overlay_strength=&#187;0.3&#8243; gradient_direction=&#187;left_to_right&#187; shape_divider_position=&#187;bottom&#187; bg_image_animation=&#187;none&#187; gradient_type=&#187;default&#187; shape_type=&#187;&#187;][vc_column column_padding=&#187;no-extra-padding&#187; column_padding_tablet=&#187;inherit&#187; column_padding_phone=&#187;inherit&#187; column_padding_position=&#187;all&#187; column_element_spacing=&#187;default&#187; background_color_opacity=&#187;1&#8243; background_hover_color_opacity=&#187;1&#8243;...","og_url":"https:\/\/ahmetfarukaltindas.com\/ru\/%d1%81%d0%be%d0%b7%d0%b4%d0%b0%d0%bd%d0%b8%d0%b5-%d0%ba%d0%be%d0%bc%d0%bf%d0%b0%d0%bd%d0%b8%d0%b8-%d0%b2-%d0%b0%d0%bc%d0%b5%d1%80%d0%b8%d0%ba%d0%b5\/","og_site_name":"Mali M\u00fc\u015favir Aksaray | Ahmet Faruk Alt\u0131nda\u015f","article_modified_time":"2024-02-12T15:40:32+00:00","twitter_card":"summary_large_image","twitter_misc":{"\u041f\u0440\u0438\u043c\u0435\u0440\u043d\u043e\u0435 \u0432\u0440\u0435\u043c\u044f \u0434\u043b\u044f \u0447\u0442\u0435\u043d\u0438\u044f":"3 \u043c\u0438\u043d\u0443\u0442\u044b"},"schema":{"@context":"https:\/\/schema.org","@graph":[{"@type":"WebPage","@id":"https:\/\/ahmetfarukaltindas.com\/ru\/%d1%81%d0%be%d0%b7%d0%b4%d0%b0%d0%bd%d0%b8%d0%b5-%d0%ba%d0%be%d0%bc%d0%bf%d0%b0%d0%bd%d0%b8%d0%b8-%d0%b2-%d0%b0%d0%bc%d0%b5%d1%80%d0%b8%d0%ba%d0%b5\/","url":"https:\/\/ahmetfarukaltindas.com\/ru\/%d1%81%d0%be%d0%b7%d0%b4%d0%b0%d0%bd%d0%b8%d0%b5-%d0%ba%d0%be%d0%bc%d0%bf%d0%b0%d0%bd%d0%b8%d0%b8-%d0%b2-%d0%b0%d0%bc%d0%b5%d1%80%d0%b8%d0%ba%d0%b5\/","name":"\u0421\u043e\u0437\u0434\u0430\u043d\u0438\u0435 \u043a\u043e\u043c\u043f\u0430\u043d\u0438\u0438 \u0432 \u0410\u043c\u0435\u0440\u0438\u043a\u0435 - Mali M\u00fc\u015favir Aksaray | Ahmet Faruk Alt\u0131nda\u015f","isPartOf":{"@id":"https:\/\/ahmetfarukaltindas.com\/ru\/#website"},"datePublished":"2023-01-31T23:40:55+00:00","dateModified":"2024-02-12T15:40:32+00:00","breadcrumb":{"@id":"https:\/\/ahmetfarukaltindas.com\/ru\/%d1%81%d0%be%d0%b7%d0%b4%d0%b0%d0%bd%d0%b8%d0%b5-%d0%ba%d0%be%d0%bc%d0%bf%d0%b0%d0%bd%d0%b8%d0%b8-%d0%b2-%d0%b0%d0%bc%d0%b5%d1%80%d0%b8%d0%ba%d0%b5\/#breadcrumb"},"inLanguage":"ru-RU","potentialAction":[{"@type":"ReadAction","target":["https:\/\/ahmetfarukaltindas.com\/ru\/%d1%81%d0%be%d0%b7%d0%b4%d0%b0%d0%bd%d0%b8%d0%b5-%d0%ba%d0%be%d0%bc%d0%bf%d0%b0%d0%bd%d0%b8%d0%b8-%d0%b2-%d0%b0%d0%bc%d0%b5%d1%80%d0%b8%d0%ba%d0%b5\/"]}]},{"@type":"BreadcrumbList","@id":"https:\/\/ahmetfarukaltindas.com\/ru\/%d1%81%d0%be%d0%b7%d0%b4%d0%b0%d0%bd%d0%b8%d0%b5-%d0%ba%d0%be%d0%bc%d0%bf%d0%b0%d0%bd%d0%b8%d0%b8-%d0%b2-%d0%b0%d0%bc%d0%b5%d1%80%d0%b8%d0%ba%d0%b5\/#breadcrumb","itemListElement":[{"@type":"ListItem","position":1,"name":"Anasayfa","item":"https:\/\/ahmetfarukaltindas.com\/ru\/%d0%b4%d0%be%d0%bc%d0%b0%d1%88%d0%bd%d1%8f%d1%8f-%d1%81%d1%82%d1%80%d0%b0%d0%bd%d0%b8%d1%86%d0%b0\/"},{"@type":"ListItem","position":2,"name":"\u0421\u043e\u0437\u0434\u0430\u043d\u0438\u0435 \u043a\u043e\u043c\u043f\u0430\u043d\u0438\u0438 \u0432 \u0410\u043c\u0435\u0440\u0438\u043a\u0435"}]},{"@type":"WebSite","@id":"https:\/\/ahmetfarukaltindas.com\/ru\/#website","url":"https:\/\/ahmetfarukaltindas.com\/ru\/","name":"Mali M\u00fc\u015favir Aksaray | Ahmet Faruk Alt\u0131nda\u015f","description":"Fatih, \u0130stanbul","potentialAction":[{"@type":"SearchAction","target":{"@type":"EntryPoint","urlTemplate":"https:\/\/ahmetfarukaltindas.com\/ru\/?s={search_term_string}"},"query-input":{"@type":"PropertyValueSpecification","valueRequired":true,"valueName":"search_term_string"}}],"inLanguage":"ru-RU"}]}},"_links":{"self":[{"href":"https:\/\/ahmetfarukaltindas.com\/ru\/wp-json\/wp\/v2\/pages\/8893","targetHints":{"allow":["GET"]}}],"collection":[{"href":"https:\/\/ahmetfarukaltindas.com\/ru\/wp-json\/wp\/v2\/pages"}],"about":[{"href":"https:\/\/ahmetfarukaltindas.com\/ru\/wp-json\/wp\/v2\/types\/page"}],"author":[{"embeddable":true,"href":"https:\/\/ahmetfarukaltindas.com\/ru\/wp-json\/wp\/v2\/users\/8"}],"replies":[{"embeddable":true,"href":"https:\/\/ahmetfarukaltindas.com\/ru\/wp-json\/wp\/v2\/comments?post=8893"}],"version-history":[{"count":0,"href":"https:\/\/ahmetfarukaltindas.com\/ru\/wp-json\/wp\/v2\/pages\/8893\/revisions"}],"wp:attachment":[{"href":"https:\/\/ahmetfarukaltindas.com\/ru\/wp-json\/wp\/v2\/media?parent=8893"}],"curies":[{"name":"wp","href":"https:\/\/api.w.org\/{rel}","templated":true}]}}