{"id":8954,"date":"2015-12-30T15:36:57","date_gmt":"2015-12-30T13:36:57","guid":{"rendered":"https:\/\/ahmetfarukaltindas.com\/%d0%be-%d0%bd%d0%b0%d1%81\/"},"modified":"2023-05-08T13:17:14","modified_gmt":"2023-05-08T10:17:14","slug":"%d0%be-%d0%bd%d0%b0%d1%81","status":"publish","type":"page","link":"https:\/\/ahmetfarukaltindas.com\/ru\/%d0%be-%d0%bd%d0%b0%d1%81\/","title":{"rendered":"\u041e \u043d\u0430\u0441"},"content":{"rendered":"[vc_row type=&#187;in_container&#187; full_screen_row_position=&#187;middle&#187; column_margin=&#187;default&#187; equal_height=&#187;yes&#187; content_placement=&#187;middle&#187; column_direction=&#187;default&#187; column_direction_tablet=&#187;default&#187; column_direction_phone=&#187;default&#187; scene_position=&#187;center&#187; top_margin=&#187;30px&#187; text_color=&#187;dark&#187; text_align=&#187;left&#187; row_border_radius=&#187;none&#187; row_border_radius_applies=&#187;bg&#187; overflow=&#187;visible&#187; advanced_gradient_angle=&#187;0&#8243; overlay_strength=&#187;0.3&#8243; gradient_direction=&#187;left_to_right&#187; shape_divider_position=&#187;bottom&#187; bg_image_animation=&#187;none&#187; gradient_type=&#187;default&#187; shape_type=&#187;&#187;][vc_column column_padding=&#187;no-extra-padding&#187; column_padding_tablet=&#187;inherit&#187; column_padding_phone=&#187;inherit&#187; column_padding_position=&#187;all&#187; column_element_spacing=&#187;default&#187; background_color_opacity=&#187;1&#8243; background_hover_color_opacity=&#187;1&#8243; column_shadow=&#187;none&#187; column_border_radius=&#187;none&#187; column_link_target=&#187;_self&#187; column_position=&#187;default&#187; advanced_gradient_angle=&#187;0&#8243; gradient_direction=&#187;left_to_right&#187; overlay_strength=&#187;0.3&#8243; width=&#187;1\/2&#8243; tablet_width_inherit=&#187;default&#187; tablet_text_alignment=&#187;default&#187; phone_text_alignment=&#187;default&#187; animation_type=&#187;default&#187; enable_animation=&#187;true&#187; animation=&#187;fade-in-from-bottom&#187; bg_image_animation=&#187;none&#187; border_type=&#187;simple&#187; column_border_width=&#187;none&#187; column_border_style=&#187;solid&#187; gradient_type=&#187;default&#187;][image_with_animation image_url=&#187;7639&#8243; image_size=&#187;full&#187; animation_type=&#187;entrance&#187; animation=&#187;Fade In&#187; hover_animation=&#187;none&#187; alignment=&#187;center&#187; border_radius=&#187;none&#187; box_shadow=&#187;none&#187; image_loading=&#187;default&#187; max_width=&#187;100%&#187; max_width_mobile=&#187;default&#187;][\/vc_column][vc_column column_padding=&#187;padding-5-percent&#187; column_padding_tablet=&#187;inherit&#187; column_padding_phone=&#187;inherit&#187; column_padding_position=&#187;all&#187; column_element_spacing=&#187;default&#187; background_color=&#187;#ffffff&#187; background_color_opacity=&#187;1&#8243; background_hover_color_opacity=&#187;1&#8243; column_shadow=&#187;none&#187; column_border_radius=&#187;none&#187; column_link_target=&#187;_self&#187; column_position=&#187;default&#187; advanced_gradient_angle=&#187;0&#8243; gradient_direction=&#187;left_to_right&#187; overlay_strength=&#187;0.3&#8243; width=&#187;1\/2&#8243; tablet_width_inherit=&#187;default&#187; tablet_text_alignment=&#187;default&#187; phone_text_alignment=&#187;default&#187; animation_type=&#187;default&#187; enable_animation=&#187;true&#187; animation=&#187;fade-in-from-bottom&#187; bg_image_animation=&#187;none&#187; border_type=&#187;simple&#187; column_border_width=&#187;none&#187; column_border_style=&#187;solid&#187; gradient_type=&#187;default&#187; delay=&#187;300&#8243;][vc_column_text]\n<div id=\"ez-toc-container\" class=\"ez-toc-v2_0_74 counter-hierarchy ez-toc-counter ez-toc-grey ez-toc-container-direction\">\n<div class=\"ez-toc-title-container\">\n<p class=\"ez-toc-title\" style=\"cursor:inherit\">Table of Contents<\/p>\n<span class=\"ez-toc-title-toggle\"><a href=\"#\" class=\"ez-toc-pull-right ez-toc-btn ez-toc-btn-xs ez-toc-btn-default ez-toc-toggle\" aria-label=\"Toggle Table of Content\"><span class=\"ez-toc-js-icon-con\"><span class=\"\"><span class=\"eztoc-hide\" style=\"display:none;\">Toggle<\/span><span class=\"ez-toc-icon-toggle-span\"><svg style=\"fill: #999;color:#999\" xmlns=\"http:\/\/www.w3.org\/2000\/svg\" class=\"list-377408\" width=\"20px\" height=\"20px\" viewBox=\"0 0 24 24\" fill=\"none\"><path d=\"M6 6H4v2h2V6zm14 0H8v2h12V6zM4 11h2v2H4v-2zm16 0H8v2h12v-2zM4 16h2v2H4v-2zm16 0H8v2h12v-2z\" fill=\"currentColor\"><\/path><\/svg><svg style=\"fill: #999;color:#999\" class=\"arrow-unsorted-368013\" xmlns=\"http:\/\/www.w3.org\/2000\/svg\" width=\"10px\" height=\"10px\" viewBox=\"0 0 24 24\" version=\"1.2\" baseProfile=\"tiny\"><path d=\"M18.2 9.3l-6.2-6.3-6.2 6.3c-.2.2-.3.4-.3.7s.1.5.3.7c.2.2.4.3.7.3h11c.3 0 .5-.1.7-.3.2-.2.3-.5.3-.7s-.1-.5-.3-.7zM5.8 14.7l6.2 6.3 6.2-6.3c.2-.2.3-.5.3-.7s-.1-.5-.3-.7c-.2-.2-.4-.3-.7-.3h-11c-.3 0-.5.1-.7.3-.2.2-.3.5-.3.7s.1.5.3.7z\"\/><\/svg><\/span><\/span><\/span><\/a><\/span><\/div>\n<nav><ul class='ez-toc-list ez-toc-list-level-1 ' ><li class='ez-toc-page-1 ez-toc-heading-level-1'><a class=\"ez-toc-link ez-toc-heading-1\" href=\"https:\/\/ahmetfarukaltindas.com\/ru\/%d0%be-%d0%bd%d0%b0%d1%81\/#%D0%9E_%D0%BD%D0%B0%D1%81\" >\u041e \u043d\u0430\u0441<\/a><ul class='ez-toc-list-level-3' ><li class='ez-toc-heading-level-3'><ul class='ez-toc-list-level-3' ><li class='ez-toc-heading-level-3'><a class=\"ez-toc-link ez-toc-heading-2\" href=\"https:\/\/ahmetfarukaltindas.com\/ru\/%d0%be-%d0%bd%d0%b0%d1%81\/#%C2%AB%D0%9E%D0%BF%D1%8B%D1%82%D0%BD%D1%8B%D0%B9%C2%BB\" >&#171;\u041e\u043f\u044b\u0442\u043d\u044b\u0439&#187;<\/a><\/li><li class='ez-toc-page-1 ez-toc-heading-level-3'><a class=\"ez-toc-link ez-toc-heading-3\" href=\"https:\/\/ahmetfarukaltindas.com\/ru\/%d0%be-%d0%bd%d0%b0%d1%81\/#%C2%AB%D0%9A%D0%B2%D0%B0%D0%BB%D0%B8%D1%84%D0%B8%D1%86%D0%B8%D1%80%D0%BE%D0%B2%D0%B0%D0%BD%D0%BD%D1%8B%D0%B9%C2%BB\" >&#171;\u041a\u0432\u0430\u043b\u0438\u0444\u0438\u0446\u0438\u0440\u043e\u0432\u0430\u043d\u043d\u044b\u0439&#187;<\/a><\/li><\/ul><\/li><\/ul><\/li><\/ul><\/nav><\/div>\n<h1><span class=\"ez-toc-section\" id=\"%D0%9E_%D0%BD%D0%B0%D1%81\"><\/span>\u041e \u043d\u0430\u0441<span class=\"ez-toc-section-end\"><\/span><\/h1>\n<h3><span class=\"ez-toc-section\" id=\"%C2%AB%D0%9E%D0%BF%D1%8B%D1%82%D0%BD%D1%8B%D0%B9%C2%BB\"><\/span><em>&#171;\u041e\u043f\u044b\u0442\u043d\u044b\u0439&#187;<\/em><span class=\"ez-toc-section-end\"><\/span><\/h3>\n<p>\u042f \u0410\u0445\u043c\u0435\u0442 \u0424\u0430\u0440\u0443\u043a \u0410\u043b\u0442\u044b\u043d\u0434\u0430\u0448, \u0444\u0438\u043d\u0430\u043d\u0441\u043e\u0432\u044b\u0439 \u043a\u043e\u043d\u0441\u0443\u043b\u044c\u0442\u0430\u043d\u0442 \u0432 \u0410\u043a\u0441\u0430\u0440\u0430\u0435, \u0421\u0442\u0430\u043c\u0431\u0443\u043b, \u0438 \u044f \u0440\u0430\u0431\u043e\u0442\u0430\u044e \u0432 \u044d\u0442\u043e\u043c \u0441\u0435\u043a\u0442\u043e\u0440\u0435 \u0443\u0436\u0435 \u0447\u0435\u0442\u044b\u0440\u0435 \u0433\u043e\u0434\u0430, \u043d\u0430\u0441\u043a\u043e\u043b\u044c\u043a\u043e \u044d\u0442\u043e \u0432\u043e\u0437\u043c\u043e\u0436\u043d\u043e. \u0420\u0430\u043d\u0435\u0435 \u044f \u043f\u043e\u043b\u0443\u0447\u0438\u043b \u0441\u0442\u0435\u043f\u0435\u043d\u044c \u0431\u0430\u043a\u0430\u043b\u0430\u0432\u0440\u0430 \u0432 \u0421\u0442\u0430\u043c\u0431\u0443\u043b\u044c\u0441\u043a\u043e\u043c \u0443\u043d\u0438\u0432\u0435\u0440\u0441\u0438\u0442\u0435\u0442\u0435 \u043d\u0430 \u0444\u0430\u043a\u0443\u043b\u044c\u0442\u0435\u0442\u0435 \u0444\u0438\u043d\u0430\u043d\u0441\u043e\u0432 \u0438 \u0441\u0442\u0435\u043f\u0435\u043d\u044c \u043c\u0430\u0433\u0438\u0441\u0442\u0440\u0430 \u0432 \u0423\u043d\u0438\u0432\u0435\u0440\u0441\u0438\u0442\u0435\u0442\u0435 \u0418\u0441\u0438\u043a \u043d\u0430 \u0444\u0430\u043a\u0443\u043b\u044c\u0442\u0435\u0442\u0435 \u0431\u0443\u0445\u0433\u0430\u043b\u0442\u0435\u0440\u0441\u043a\u043e\u0433\u043e \u0443\u0447\u0435\u0442\u0430 \u0438 \u0430\u0443\u0434\u0438\u0442\u0430. \u042f \u043f\u0440\u0438\u0448\u043b\u0430 \u0432 \u044d\u0442\u0443 \u043f\u0440\u043e\u0444\u0435\u0441\u0441\u0438\u044e \u0431\u043b\u0430\u0433\u043e\u0434\u0430\u0440\u044f \u0441\u0432\u043e\u0438\u043c \u0441\u043e\u0446\u0438\u0430\u043b\u044c\u043d\u044b\u043c \u043d\u0430\u0432\u044b\u043a\u0430\u043c \u0438 \u044d\u043d\u0442\u0443\u0437\u0438\u0430\u0437\u043c\u0443 \u0441\u043b\u0443\u0448\u0430\u0442\u044c \u0438 \u0440\u0435\u0448\u0430\u0442\u044c \u043f\u0440\u043e\u0431\u043b\u0435\u043c\u044b \u043b\u044e\u0434\u0435\u0439. \u0411\u043b\u0430\u0433\u043e\u0434\u0430\u0440\u044f \u044d\u0442\u043e\u0439 \u043f\u0440\u043e\u0444\u0435\u0441\u0441\u0438\u0438 \u044f \u043f\u043e\u0437\u043d\u0430\u043a\u043e\u043c\u0438\u043b\u0441\u044f \u0441 \u043b\u044e\u0434\u044c\u043c\u0438 \u0438\u0437 \u043c\u043d\u043e\u0433\u0438\u0445 \u0441\u0442\u0440\u0430\u043d, \u0438 \u044d\u0442\u0430 \u0441\u0438\u0442\u0443\u0430\u0446\u0438\u044f, \u043a\u043e\u0433\u0434\u0430 \u044f \u0440\u0430\u0431\u043e\u0442\u0430\u044e \u0444\u0438\u043d\u0430\u043d\u0441\u043e\u0432\u044b\u043c \u043a\u043e\u043d\u0441\u0443\u043b\u044c\u0442\u0430\u043d\u0442\u043e\u043c \u0432 \u0421\u0442\u0430\u043c\u0431\u0443\u043b\u0435, \u0441\u043e \u0432\u0440\u0435\u043c\u0435\u043d\u0435\u043c \u0434\u0430\u043b\u0430 \u043c\u043d\u0435 \u0431\u043e\u043b\u0435\u0435 \u0448\u0438\u0440\u043e\u043a\u0443\u044e \u043a\u0443\u043b\u044c\u0442\u0443\u0440\u043d\u043e-\u0441\u043e\u0446\u0438\u0430\u043b\u044c\u043d\u0443\u044e \u043f\u0435\u0440\u0441\u043f\u0435\u043a\u0442\u0438\u0432\u0443.[\/vc_column_text][\/vc_column][\/vc_row][vc_row type=&#187;in_container&#187; full_screen_row_position=&#187;middle&#187; column_margin=&#187;default&#187; equal_height=&#187;yes&#187; content_placement=&#187;middle&#187; column_direction=&#187;reverse&#187; column_direction_tablet=&#187;default&#187; column_direction_phone=&#187;default&#187; scene_position=&#187;center&#187; top_margin=&#187;30px&#187; text_color=&#187;dark&#187; text_align=&#187;left&#187; row_border_radius=&#187;none&#187; row_border_radius_applies=&#187;bg&#187; overflow=&#187;visible&#187; advanced_gradient_angle=&#187;0&#8243; overlay_strength=&#187;0.3&#8243; gradient_direction=&#187;left_to_right&#187; shape_divider_position=&#187;bottom&#187; bg_image_animation=&#187;none&#187; gradient_type=&#187;default&#187; shape_type=&#187;&#187;][vc_column column_padding=&#187;no-extra-padding&#187; column_padding_tablet=&#187;inherit&#187; column_padding_phone=&#187;inherit&#187; column_padding_position=&#187;all&#187; column_element_spacing=&#187;default&#187; background_color_opacity=&#187;1&#8243; background_hover_color_opacity=&#187;1&#8243; column_shadow=&#187;none&#187; column_border_radius=&#187;none&#187; column_link_target=&#187;_self&#187; column_position=&#187;default&#187; advanced_gradient_angle=&#187;0&#8243; gradient_direction=&#187;left_to_right&#187; overlay_strength=&#187;0.3&#8243; width=&#187;1\/2&#8243; tablet_width_inherit=&#187;default&#187; tablet_text_alignment=&#187;default&#187; phone_text_alignment=&#187;default&#187; animation_type=&#187;default&#187; enable_animation=&#187;true&#187; animation=&#187;fade-in-from-bottom&#187; bg_image_animation=&#187;none&#187; border_type=&#187;simple&#187; column_border_width=&#187;none&#187; column_border_style=&#187;solid&#187; gradient_type=&#187;default&#187;][image_with_animation image_url=&#187;7620&#8243; image_size=&#187;full&#187; animation_type=&#187;entrance&#187; animation=&#187;Fade In&#187; hover_animation=&#187;none&#187; alignment=&#187;center&#187; border_radius=&#187;none&#187; box_shadow=&#187;none&#187; image_loading=&#187;default&#187; max_width=&#187;100%&#187; max_width_mobile=&#187;default&#187;][\/vc_column][vc_column column_padding=&#187;padding-5-percent&#187; column_padding_tablet=&#187;inherit&#187; column_padding_phone=&#187;inherit&#187; column_padding_position=&#187;all&#187; column_element_spacing=&#187;default&#187; background_color=&#187;#ffffff&#187; background_color_opacity=&#187;1&#8243; background_hover_color_opacity=&#187;1&#8243; column_shadow=&#187;none&#187; column_border_radius=&#187;none&#187; column_link_target=&#187;_self&#187; column_position=&#187;default&#187; advanced_gradient_angle=&#187;0&#8243; gradient_direction=&#187;left_to_right&#187; overlay_strength=&#187;0.3&#8243; width=&#187;1\/2&#8243; tablet_width_inherit=&#187;default&#187; tablet_text_alignment=&#187;default&#187; phone_text_alignment=&#187;default&#187; animation_type=&#187;default&#187; enable_animation=&#187;true&#187; animation=&#187;fade-in-from-bottom&#187; bg_image_animation=&#187;none&#187; border_type=&#187;simple&#187; column_border_width=&#187;none&#187; column_border_style=&#187;solid&#187; gradient_type=&#187;default&#187; delay=&#187;300&#8243;][vc_column_text]\n<h3><span class=\"ez-toc-section\" id=\"%C2%AB%D0%9A%D0%B2%D0%B0%D0%BB%D0%B8%D1%84%D0%B8%D1%86%D0%B8%D1%80%D0%BE%D0%B2%D0%B0%D0%BD%D0%BD%D1%8B%D0%B9%C2%BB\"><\/span><em>&#171;\u041a\u0432\u0430\u043b\u0438\u0444\u0438\u0446\u0438\u0440\u043e\u0432\u0430\u043d\u043d\u044b\u0439&#187;<\/em><span class=\"ez-toc-section-end\"><\/span><\/h3>\n<p>\u042f \u043f\u0440\u0438\u043e\u0431\u0440\u0435\u043b\u0430 \u0437\u043d\u0430\u043d\u0438\u044f \u0438 \u043e\u043f\u044b\u0442 \u043e \u043c\u043d\u043e\u0433\u0438\u0445 \u044e\u0440\u0438\u0434\u0438\u0447\u0435\u0441\u043a\u0438\u0445 \u043f\u0440\u043e\u0446\u0435\u0434\u0443\u0440\u0430\u0445, \u0442\u0430\u043a\u0438\u0445 \u043a\u0430\u043a \u0433\u0440\u0430\u0436\u0434\u0430\u043d\u0441\u0442\u0432\u043e, \u0440\u0430\u0437\u0440\u0435\u0448\u0435\u043d\u0438\u0435 \u043d\u0430 \u0440\u0430\u0431\u043e\u0442\u0443, \u0432\u0438\u0434 \u043d\u0430 \u0436\u0438\u0442\u0435\u043b\u044c\u0441\u0442\u0432\u043e, \u0447\u0442\u043e\u0431\u044b \u043e\u0442\u0432\u0435\u0447\u0430\u0442\u044c \u043d\u0430 \u0437\u0430\u043f\u0440\u043e\u0441\u044b \u043c\u043e\u0438\u0445 \u043a\u043b\u0438\u0435\u043d\u0442\u043e\u0432, \u0438 \u0432\u043d\u0435\u0441\u043b\u0430 \u0437\u043d\u0430\u0447\u0438\u0442\u0435\u043b\u044c\u043d\u044b\u0439 \u0432\u043a\u043b\u0430\u0434 \u0432 \u0442\u043e, \u0447\u0442\u043e\u0431\u044b \u043c\u043d\u043e\u0433\u0438\u0435 \u043f\u0440\u0435\u043a\u0440\u0430\u0441\u043d\u044b\u0435 \u043b\u044e\u0434\u0438 \u0441\u0442\u0430\u043b\u0438 \u0433\u0440\u0430\u0436\u0434\u0430\u043d\u0430\u043c\u0438 \u043d\u0430\u0448\u0435\u0439 \u0441\u0442\u0440\u0430\u043d\u044b, \u043a\u043e\u043c\u0444\u043e\u0440\u0442\u043d\u043e \u0436\u0438\u043b\u0438 \u0438 \u0440\u0430\u0431\u043e\u0442\u0430\u043b\u0438 \u0437\u0434\u0435\u0441\u044c. \u041e\u043f\u044f\u0442\u044c \u0436\u0435, \u043f\u043e\u0441\u043a\u043e\u043b\u044c\u043a\u0443 \u044f \u043d\u0430\u0445\u043e\u0436\u0443\u0441\u044c \u0432 \u0440\u0430\u0439\u043e\u043d\u0435 \u0410\u043a\u0441\u0430\u0440\u0430\u0439 \u0432 \u0421\u0442\u0430\u043c\u0431\u0443\u043b\u0435, \u043c\u043d\u0435 \u043f\u0440\u0438\u0445\u043e\u0434\u0438\u043b\u043e\u0441\u044c \u0440\u0435\u0448\u0430\u0442\u044c \u043f\u0440\u043e\u0431\u043b\u0435\u043c\u044b \u043a\u043e\u043c\u043f\u0430\u043d\u0438\u0439 \u0438\u0437 \u0441\u0430\u043c\u044b\u0445 \u0440\u0430\u0437\u043d\u044b\u0445 \u043e\u0442\u0440\u0430\u0441\u043b\u0435\u0439, \u0438 \u0442\u0435\u043f\u0435\u0440\u044c \u0443 \u043d\u0430\u0441 \u0435\u0441\u0442\u044c \u0432\u043e\u0437\u043c\u043e\u0436\u043d\u043e\u0441\u0442\u044c \u0438\u0441\u043f\u043e\u043b\u044c\u0437\u043e\u0432\u0430\u0442\u044c \u0441\u043a\u043e\u0440\u043e\u0441\u0442\u044c \u0438 \u043e\u043f\u044b\u0442, \u043f\u0440\u0438\u043d\u0435\u0441\u0435\u043d\u043d\u044b\u0435 \u044d\u0442\u0438\u043c, \u043e\u0442 \u0432\u0430\u0448\u0435\u0433\u043e \u0438\u043c\u0435\u043d\u0438 \u0438 \u0432 \u0432\u0430\u0448\u0443 \u043f\u043e\u043b\u044c\u0437\u0443. \u041d\u0435\u0437\u0430\u0432\u0438\u0441\u0438\u043c\u043e \u043e\u0442 \u0442\u043e\u0433\u043e, \u043d\u0430\u0441\u043a\u043e\u043b\u044c\u043a\u043e \u043d\u0430\u0448 \u0431\u0438\u0437\u043d\u0435\u0441 \u043e\u0441\u043d\u043e\u0432\u0430\u043d \u043d\u0430 \u043f\u0440\u0430\u0432\u0438\u043b\u0430\u0445, \u043f\u043e\u0433\u043e\u0432\u043e\u0440\u0438\u0442\u044c \u043e \u043d\u0438\u0445 \u0432 \u043f\u0440\u0438\u044f\u0442\u043d\u043e\u0439 \u043e\u0431\u0441\u0442\u0430\u043d\u043e\u0432\u043a\u0435 \u0437\u0430 \u0447\u0430\u0435\u043c, \u043a\u043e\u0444\u0435 \u0438 \u0431\u0435\u0441\u0435\u0434\u043e\u0439, \u0431\u0435\u0437\u0443\u0441\u043b\u043e\u0432\u043d\u043e, \u043f\u043e\u043b\u0435\u0437\u043d\u043e. \u041a\u0430\u043a \u0444\u0438\u043d\u0430\u043d\u0441\u043e\u0432\u044b\u0439 \u043a\u043e\u043d\u0441\u0443\u043b\u044c\u0442\u0430\u043d\u0442, \u044f \u043d\u0435 \u0442\u043e\u043b\u044c\u043a\u043e \u0437\u0430 \u0442\u043e, \u0447\u0442\u043e\u0431\u044b \u0443 \u0432\u0430\u0441 \u0431\u044b\u043b\u0430 \u0445\u043e\u0440\u043e\u0448\u0430\u044f \u044e\u0440\u0438\u0434\u0438\u0447\u0435\u0441\u043a\u0430\u044f \u043a\u043d\u0438\u0433\u0430, \u043d\u043e \u0438 \u0437\u0430 \u0442\u043e, \u0447\u0442\u043e\u0431\u044b \u0432\u044b \u043f\u0440\u0438\u043e\u0431\u0440\u0435\u043b\u0438 \u0434\u0440\u0443\u0433\u0430, \u0438 \u043c\u043d\u0435 \u0431\u0443\u0434\u0435\u0442 \u043f\u0440\u0438\u044f\u0442\u043d\u043e \u043f\u0440\u0438\u043d\u044f\u0442\u044c \u0432\u0430\u0441 \u0443 \u0441\u0435\u0431\u044f \u0441 \u044d\u0442\u043e\u0439 \u0446\u0435\u043b\u044c\u044e.[\/vc_column_text][\/vc_column][\/vc_row]\n","protected":false},"excerpt":{"rendered":"<p>[vc_row type=&#187;in_container&#187; full_screen_row_position=&#187;middle&#187; column_margin=&#187;default&#187; equal_height=&#187;yes&#187; content_placement=&#187;middle&#187; column_direction=&#187;default&#187; column_direction_tablet=&#187;default&#187; column_direction_phone=&#187;default&#187; scene_position=&#187;center&#187; top_margin=&#187;30px&#187; text_color=&#187;dark&#187; text_align=&#187;left&#187; row_border_radius=&#187;none&#187; row_border_radius_applies=&#187;bg&#187; overflow=&#187;visible&#187; advanced_gradient_angle=&#187;0&#8243; overlay_strength=&#187;0.3&#8243; gradient_direction=&#187;left_to_right&#187; shape_divider_position=&#187;bottom&#187; bg_image_animation=&#187;none&#187; gradient_type=&#187;default&#187; shape_type=&#187;&#187;][vc_column column_padding=&#187;no-extra-padding&#187; column_padding_tablet=&#187;inherit&#187; column_padding_phone=&#187;inherit&#187; column_padding_position=&#187;all&#187; column_element_spacing=&#187;default&#187; background_color_opacity=&#187;1&#8243; background_hover_color_opacity=&#187;1&#8243;&#8230;<\/p>\n","protected":false},"author":6,"featured_media":0,"parent":0,"menu_order":0,"comment_status":"closed","ping_status":"closed","template":"","meta":{"footnotes":""},"class_list":["post-8954","page","type-page","status-publish"],"yoast_head":"<!-- This site is optimized with the Yoast SEO plugin v25.1 - https:\/\/yoast.com\/wordpress\/plugins\/seo\/ -->\n<title>\u041e \u043d\u0430\u0441 - Mali M\u00fc\u015favir Aksaray | Ahmet Faruk Alt\u0131nda\u015f<\/title>\n<meta name=\"robots\" content=\"index, follow, max-snippet:-1, max-image-preview:large, max-video-preview:-1\" \/>\n<link rel=\"canonical\" href=\"https:\/\/ahmetfarukaltindas.com\/ru\/%d0%be-%d0%bd%d0%b0%d1%81\/\" \/>\n<meta property=\"og:locale\" content=\"ru_RU\" \/>\n<meta property=\"og:type\" content=\"article\" \/>\n<meta property=\"og:title\" content=\"\u041e \u043d\u0430\u0441 - Mali M\u00fc\u015favir Aksaray | Ahmet Faruk Alt\u0131nda\u015f\" \/>\n<meta property=\"og:description\" content=\"[vc_row type=&#187;in_container&#187; full_screen_row_position=&#187;middle&#187; column_margin=&#187;default&#187; equal_height=&#187;yes&#187; content_placement=&#187;middle&#187; column_direction=&#187;default&#187; column_direction_tablet=&#187;default&#187; column_direction_phone=&#187;default&#187; scene_position=&#187;center&#187; top_margin=&#187;30px&#187; text_color=&#187;dark&#187; text_align=&#187;left&#187; row_border_radius=&#187;none&#187; row_border_radius_applies=&#187;bg&#187; overflow=&#187;visible&#187; advanced_gradient_angle=&#187;0&#8243; overlay_strength=&#187;0.3&#8243; gradient_direction=&#187;left_to_right&#187; shape_divider_position=&#187;bottom&#187; bg_image_animation=&#187;none&#187; gradient_type=&#187;default&#187; shape_type=&#187;&#187;][vc_column column_padding=&#187;no-extra-padding&#187; column_padding_tablet=&#187;inherit&#187; column_padding_phone=&#187;inherit&#187; column_padding_position=&#187;all&#187; column_element_spacing=&#187;default&#187; background_color_opacity=&#187;1&#8243; background_hover_color_opacity=&#187;1&#8243;...\" \/>\n<meta property=\"og:url\" content=\"https:\/\/ahmetfarukaltindas.com\/ru\/%d0%be-%d0%bd%d0%b0%d1%81\/\" \/>\n<meta property=\"og:site_name\" content=\"Mali M\u00fc\u015favir Aksaray | Ahmet Faruk Alt\u0131nda\u015f\" \/>\n<meta property=\"article:modified_time\" content=\"2023-05-08T10:17:14+00:00\" \/>\n<meta name=\"twitter:card\" content=\"summary_large_image\" \/>\n<meta name=\"twitter:label1\" content=\"\u041f\u0440\u0438\u043c\u0435\u0440\u043d\u043e\u0435 \u0432\u0440\u0435\u043c\u044f \u0434\u043b\u044f \u0447\u0442\u0435\u043d\u0438\u044f\" \/>\n\t<meta name=\"twitter:data1\" content=\"3 \u043c\u0438\u043d\u0443\u0442\u044b\" \/>\n<!-- \/ Yoast SEO plugin. -->","yoast_head_json":{"title":"\u041e \u043d\u0430\u0441 - Mali M\u00fc\u015favir Aksaray | Ahmet Faruk Alt\u0131nda\u015f","robots":{"index":"index","follow":"follow","max-snippet":"max-snippet:-1","max-image-preview":"max-image-preview:large","max-video-preview":"max-video-preview:-1"},"canonical":"https:\/\/ahmetfarukaltindas.com\/ru\/%d0%be-%d0%bd%d0%b0%d1%81\/","og_locale":"ru_RU","og_type":"article","og_title":"\u041e \u043d\u0430\u0441 - Mali M\u00fc\u015favir Aksaray | Ahmet Faruk Alt\u0131nda\u015f","og_description":"[vc_row type=&#187;in_container&#187; full_screen_row_position=&#187;middle&#187; column_margin=&#187;default&#187; equal_height=&#187;yes&#187; content_placement=&#187;middle&#187; column_direction=&#187;default&#187; column_direction_tablet=&#187;default&#187; column_direction_phone=&#187;default&#187; scene_position=&#187;center&#187; top_margin=&#187;30px&#187; text_color=&#187;dark&#187; text_align=&#187;left&#187; row_border_radius=&#187;none&#187; row_border_radius_applies=&#187;bg&#187; overflow=&#187;visible&#187; advanced_gradient_angle=&#187;0&#8243; overlay_strength=&#187;0.3&#8243; gradient_direction=&#187;left_to_right&#187; shape_divider_position=&#187;bottom&#187; bg_image_animation=&#187;none&#187; gradient_type=&#187;default&#187; shape_type=&#187;&#187;][vc_column column_padding=&#187;no-extra-padding&#187; column_padding_tablet=&#187;inherit&#187; column_padding_phone=&#187;inherit&#187; column_padding_position=&#187;all&#187; column_element_spacing=&#187;default&#187; background_color_opacity=&#187;1&#8243; background_hover_color_opacity=&#187;1&#8243;...","og_url":"https:\/\/ahmetfarukaltindas.com\/ru\/%d0%be-%d0%bd%d0%b0%d1%81\/","og_site_name":"Mali M\u00fc\u015favir Aksaray | Ahmet Faruk Alt\u0131nda\u015f","article_modified_time":"2023-05-08T10:17:14+00:00","twitter_card":"summary_large_image","twitter_misc":{"\u041f\u0440\u0438\u043c\u0435\u0440\u043d\u043e\u0435 \u0432\u0440\u0435\u043c\u044f \u0434\u043b\u044f \u0447\u0442\u0435\u043d\u0438\u044f":"3 \u043c\u0438\u043d\u0443\u0442\u044b"},"schema":{"@context":"https:\/\/schema.org","@graph":[{"@type":"WebPage","@id":"https:\/\/ahmetfarukaltindas.com\/ru\/%d0%be-%d0%bd%d0%b0%d1%81\/","url":"https:\/\/ahmetfarukaltindas.com\/ru\/%d0%be-%d0%bd%d0%b0%d1%81\/","name":"\u041e \u043d\u0430\u0441 - Mali M\u00fc\u015favir Aksaray | Ahmet Faruk Alt\u0131nda\u015f","isPartOf":{"@id":"https:\/\/ahmetfarukaltindas.com\/ru\/#website"},"datePublished":"2015-12-30T13:36:57+00:00","dateModified":"2023-05-08T10:17:14+00:00","breadcrumb":{"@id":"https:\/\/ahmetfarukaltindas.com\/ru\/%d0%be-%d0%bd%d0%b0%d1%81\/#breadcrumb"},"inLanguage":"ru-RU","potentialAction":[{"@type":"ReadAction","target":["https:\/\/ahmetfarukaltindas.com\/ru\/%d0%be-%d0%bd%d0%b0%d1%81\/"]}]},{"@type":"BreadcrumbList","@id":"https:\/\/ahmetfarukaltindas.com\/ru\/%d0%be-%d0%bd%d0%b0%d1%81\/#breadcrumb","itemListElement":[{"@type":"ListItem","position":1,"name":"Anasayfa","item":"https:\/\/ahmetfarukaltindas.com\/ru\/%d0%b4%d0%be%d0%bc%d0%b0%d1%88%d0%bd%d1%8f%d1%8f-%d1%81%d1%82%d1%80%d0%b0%d0%bd%d0%b8%d1%86%d0%b0\/"},{"@type":"ListItem","position":2,"name":"\u041e \u043d\u0430\u0441"}]},{"@type":"WebSite","@id":"https:\/\/ahmetfarukaltindas.com\/ru\/#website","url":"https:\/\/ahmetfarukaltindas.com\/ru\/","name":"Mali M\u00fc\u015favir Aksaray | Ahmet Faruk Alt\u0131nda\u015f","description":"Fatih, \u0130stanbul","potentialAction":[{"@type":"SearchAction","target":{"@type":"EntryPoint","urlTemplate":"https:\/\/ahmetfarukaltindas.com\/ru\/?s={search_term_string}"},"query-input":{"@type":"PropertyValueSpecification","valueRequired":true,"valueName":"search_term_string"}}],"inLanguage":"ru-RU"}]}},"_links":{"self":[{"href":"https:\/\/ahmetfarukaltindas.com\/ru\/wp-json\/wp\/v2\/pages\/8954","targetHints":{"allow":["GET"]}}],"collection":[{"href":"https:\/\/ahmetfarukaltindas.com\/ru\/wp-json\/wp\/v2\/pages"}],"about":[{"href":"https:\/\/ahmetfarukaltindas.com\/ru\/wp-json\/wp\/v2\/types\/page"}],"author":[{"embeddable":true,"href":"https:\/\/ahmetfarukaltindas.com\/ru\/wp-json\/wp\/v2\/users\/6"}],"replies":[{"embeddable":true,"href":"https:\/\/ahmetfarukaltindas.com\/ru\/wp-json\/wp\/v2\/comments?post=8954"}],"version-history":[{"count":0,"href":"https:\/\/ahmetfarukaltindas.com\/ru\/wp-json\/wp\/v2\/pages\/8954\/revisions"}],"wp:attachment":[{"href":"https:\/\/ahmetfarukaltindas.com\/ru\/wp-json\/wp\/v2\/media?parent=8954"}],"curies":[{"name":"wp","href":"https:\/\/api.w.org\/{rel}","templated":true}]}}